{"id":407,"date":"2022-10-11T12:14:14","date_gmt":"2022-10-11T12:14:14","guid":{"rendered":"https:\/\/www.tractors.co.ug\/product\/rotary-tiller-cultivator\/"},"modified":"2025-07-02T11:31:54","modified_gmt":"2025-07-02T11:31:54","slug":"cultivador-de-leme-rotativo","status":"publish","type":"product","link":"https:\/\/www.tractors.co.mz\/pt\/product\/cultivador-de-leme-rotativo\/","title":{"rendered":"Cultivador de leme rotativo"},"content":{"rendered":"<p>Um cultivador rotativo \u00e9 geralmente usado para cultivar o solo precisamente para realizar fun\u00e7\u00f5es prim\u00e1rias e secund\u00e1rias relacionadas ao preparo do solo.\u00a0Em maior medida, a compacta\u00e7\u00e3o do solo \u00e9 reduzida enquanto ervas daninhas indesejadas podem ser removidas com este implemento agr\u00edcola.\u00a0A mistura e o nivelamento uniformes tamb\u00e9m podem ser obtidos com a ajuda de um cultivador rotativo.\u00a0Para fazer canteiros de sementes, os agricultores mo\u00e7ambicanos utilizam completamente os cultivadores rotativos.\u00a0A efici\u00eancia de um cultivador rotativo \u00e9 o que torna este implemento agr\u00edcola \u00fanico e prol\u00edfico entre outros.<\/p>\n<h3>Caracter\u00edsticas proeminentes<\/h3>\n<ul>\n<li>Disponibilidade de v\u00e1rios tamanhos.<\/li>\n<li>L\u00e2minas qualitativas e resistentes.<\/li>\n<li>O solo pode ser arejado a uma profundidade de 7 a 10 polegadas.<\/li>\n<li>Pode funcionar como um profissional em v\u00e1rios tipos de solo.<\/li>\n<li>\u00c9 verificado sob verifica\u00e7\u00e3o ISO 9001.<\/li>\n<li>De alta qualidade para exporta\u00e7\u00e3o.<\/li>\n<\/ul>\n<h3>Caracter\u00edsticas t\u00e9cnicas<\/h3>\n<ul>\n<li>50 HP de fonte de energia necess\u00e1ria para compatibilidade com trator.<\/li>\n<li>O n\u00famero exclusivo de l\u00e2minas inclui 34, 36, 42, 48, 54 e 58.<\/li>\n<li>A largura de trabalho \u00e9 estimada em 2.400 mm.<\/li>\n<li>A profundidade de trabalho \u00e9 estimada em 220 mm.<\/li>\n<\/ul>\n<p>A Tractors.co.mz est\u00e1 entre os concession\u00e1rios pioneiros de tractores a operar em Mo\u00e7ambique h\u00e1 v\u00e1rios anos.\u00a0A nossa gama competitiva de implementos agr\u00edcolas e tractores compactos de alta qualidade t\u00eam servido de fiabilidade para ganhar a confian\u00e7a dos agricultores mo\u00e7ambicanos.\u00a0Vendemos o que os agricultores sonham em transformar doravante os seus sonhos em realidade.\u00a0Os nossos habilidosos implementos agr\u00edcolas \u00e0 venda em Mo\u00e7ambique, incluindo cultivadores rotativos, cortadores rotativos, etc., elevaram os padr\u00f5es agr\u00edcolas para optimizar a agricultura como nunca antes.\u00a0Ent\u00e3o encomende imediatamente a sua enorme gama de\u00a0<a href=\"https:\/\/www.tractors.co.mz\/pt\/product-category\/implementos-agricolas\/\"><strong>implementos agr\u00edcolas rent\u00e1veis \u200b\u200bem Mo\u00e7ambique<\/strong><\/a>.<\/p>\n","protected":false},"excerpt":{"rendered":"<p><strong>Especifica\u00e7\u00e3o do cultivador rotativo<\/strong><br \/>\nN\u00ba de l\u00e2minas: 32-54<br \/>\nComprimento: 1000mm<br \/>\nLargura de trabalho: 2400mm<br \/>\nProfundidade de trabalho: 220mm<br \/>\nAltura: 1200mm<br \/>\nPeso: 700Kgs<\/p>\n","protected":false},"featured_media":1816,"template":"","meta":[],"product_brand":[],"product_cat":[22],"product_tag":[],"class_list":{"0":"post-407","1":"product","2":"type-product","3":"status-publish","4":"has-post-thumbnail","6":"product_cat-implementos-agricolas","8":"first","9":"instock","10":"product-type-simple"},"aioseo_notices":[],"_links":{"self":[{"href":"https:\/\/www.tractors.co.mz\/pt\/wp-json\/wp\/v2\/product\/407","targetHints":{"allow":["GET"]}}],"collection":[{"href":"https:\/\/www.tractors.co.mz\/pt\/wp-json\/wp\/v2\/product"}],"about":[{"href":"https:\/\/www.tractors.co.mz\/pt\/wp-json\/wp\/v2\/types\/product"}],"wp:featuredmedia":[{"embeddable":true,"href":"https:\/\/www.tractors.co.mz\/pt\/wp-json\/wp\/v2\/media\/1816"}],"wp:attachment":[{"href":"https:\/\/www.tractors.co.mz\/pt\/wp-json\/wp\/v2\/media?parent=407"}],"wp:term":[{"taxonomy":"product_brand","embeddable":true,"href":"https:\/\/www.tractors.co.mz\/pt\/wp-json\/wp\/v2\/product_brand?post=407"},{"taxonomy":"product_cat","embeddable":true,"href":"https:\/\/www.tractors.co.mz\/pt\/wp-json\/wp\/v2\/product_cat?post=407"},{"taxonomy":"product_tag","embeddable":true,"href":"https:\/\/www.tractors.co.mz\/pt\/wp-json\/wp\/v2\/product_tag?post=407"}],"curies":[{"name":"wp","href":"https:\/\/api.w.org\/{rel}","templated":true}]}}