{"id":406,"date":"2022-10-11T12:14:14","date_gmt":"2022-10-11T12:14:14","guid":{"rendered":"https:\/\/www.tractors.co.ug\/product\/post-hole-digger\/"},"modified":"2024-06-26T11:38:54","modified_gmt":"2024-06-26T11:38:54","slug":"escavador-de-pos-buraco","status":"publish","type":"product","link":"https:\/\/www.tractors.co.mz\/pt\/product\/escavador-de-pos-buraco\/","title":{"rendered":"Escavador de p\u00f3s-buraco"},"content":{"rendered":"<p>Uma escavadora de postes \u00e9 um acess\u00f3rio de tractor polivalente, utilizado propositadamente pelos agricultores mo\u00e7ambicanos para a execu\u00e7\u00e3o de uma vasta gama de fun\u00e7\u00f5es agr\u00edcolas, incluindo a escava\u00e7\u00e3o de buracos solit\u00e1rios, remo\u00e7\u00e3o de sujidade de superf\u00edcies pedregosas do solo e forma\u00e7\u00e3o de buracos de qualquer tamanho.\u00a0Esses furos criados podem ser usados \u200b\u200bpara inserir mudas de plantas, cercas ou placas de sinaliza\u00e7\u00e3o para orienta\u00e7\u00f5es.\u00a0Eles tamb\u00e9m s\u00e3o conhecidos como trados terrestres.\u00a0Uma escavadeira tem uma capacidade de trabalho semelhante \u00e0 de uma broca.<\/p>\n<h2>Caracter\u00edsticas proeminentes<\/h2>\n<ul>\n<li>S\u00e3o criados furos com consist\u00eancia precisa.<\/li>\n<li>Econ\u00f3mico, dur\u00e1vel e altamente favorecido pelos agricultores mo\u00e7ambicanos.<\/li>\n<li>As pe\u00e7as perfuradas podem ser retiradas facilmente.<\/li>\n<li>Exporte material de qualidade.<\/li>\n<li>Verificado sob verifica\u00e7\u00e3o ISO 9001.<\/li>\n<li>O melhor substituto para a mini carne por meio da broca desmont\u00e1vel.<\/li>\n<\/ul>\n<h2>Caracter\u00edsticas t\u00e9cnicas<\/h2>\n<ul>\n<li>Os tamanhos aproximados do sem-fim s\u00e3o 9\u201d e 18\u201d.<\/li>\n<li>A profundidade m\u00e1xima \u00e9 de 90 cm (36\u201d).<\/li>\n<li>S\u00e3o necess\u00e1rios 50 HP de fonte de energia para compatibilidade com o trator.<\/li>\n<li>O peso aproximado \u00e9 de 170 Kg.<\/li>\n<li>A motoniveladora com o kit \u00e9 adicionada de acess\u00f3rios.<\/li>\n<\/ul>\n<p>Com base numa abordagem que coloca o cliente em primeiro lugar, a Tractors.co.mz \u00e9 o revendedor de tractores mais econ\u00f3mico e f\u00e1cil de utilizar, tendo em mente as lutas agr\u00edcolas di\u00e1rias que os agricultores locais de Mo\u00e7ambique enfrentam.\u00a0Deduzindo uma solu\u00e7\u00e3o permanente para as lutas agr\u00edcolas, a Tractors Mo\u00e7ambique traz para voc\u00ea a mais prol\u00edfica gama de implementos agr\u00edcolas a pre\u00e7os acess\u00edveis.\u00a0<span class=\"\">Al\u00e9m dos implementos agr\u00edcolas caracter\u00edsticos, tamb\u00e9m oferecemos aos nossos clientes os seus servi\u00e7os e informa\u00e7\u00f5es \u00fateis que conduzem a um sistema agr\u00edcola orientado para resultados.\u00a0<\/span>Encomende imediatamente e\u00a0coloque escavadoras em Mo\u00e7ambique\u00a0a pre\u00e7os personalizados.<\/p>\n","protected":false},"excerpt":{"rendered":"<p><strong>Especifica\u00e7\u00e3o do escavador de poste<\/strong><br \/>\ncom tomada de for\u00e7a de 540 RPM.<br \/>\nTamanhos de sem-fim: 9\u201d e 18\u201d<br \/>\nProfundidade: 90cm (36\u201d)<\/p>\n","protected":false},"featured_media":1795,"template":"","meta":[],"product_brand":[],"product_cat":[22],"product_tag":[],"class_list":{"0":"post-406","1":"product","2":"type-product","3":"status-publish","4":"has-post-thumbnail","6":"product_cat-implementos-agricolas","8":"first","9":"instock","10":"product-type-simple"},"aioseo_notices":[],"_links":{"self":[{"href":"https:\/\/www.tractors.co.mz\/pt\/wp-json\/wp\/v2\/product\/406","targetHints":{"allow":["GET"]}}],"collection":[{"href":"https:\/\/www.tractors.co.mz\/pt\/wp-json\/wp\/v2\/product"}],"about":[{"href":"https:\/\/www.tractors.co.mz\/pt\/wp-json\/wp\/v2\/types\/product"}],"wp:featuredmedia":[{"embeddable":true,"href":"https:\/\/www.tractors.co.mz\/pt\/wp-json\/wp\/v2\/media\/1795"}],"wp:attachment":[{"href":"https:\/\/www.tractors.co.mz\/pt\/wp-json\/wp\/v2\/media?parent=406"}],"wp:term":[{"taxonomy":"product_brand","embeddable":true,"href":"https:\/\/www.tractors.co.mz\/pt\/wp-json\/wp\/v2\/product_brand?post=406"},{"taxonomy":"product_cat","embeddable":true,"href":"https:\/\/www.tractors.co.mz\/pt\/wp-json\/wp\/v2\/product_cat?post=406"},{"taxonomy":"product_tag","embeddable":true,"href":"https:\/\/www.tractors.co.mz\/pt\/wp-json\/wp\/v2\/product_tag?post=406"}],"curies":[{"name":"wp","href":"https:\/\/api.w.org\/{rel}","templated":true}]}}