{"id":405,"date":"2022-10-11T12:14:14","date_gmt":"2022-10-11T12:14:14","guid":{"rendered":"https:\/\/www.tractors.co.ug\/product\/agricultural-loader\/"},"modified":"2024-06-26T10:42:52","modified_gmt":"2024-06-26T10:42:52","slug":"carregador-agricola","status":"publish","type":"product","link":"https:\/\/www.tractors.co.mz\/pt\/product\/carregador-agricola\/","title":{"rendered":"Carregador Agr\u00edcola"},"content":{"rendered":"<p><span class=\"\">Uma carregadeira agr\u00edcola \u00e9 um implemento agr\u00edcola espec\u00edfico que est\u00e1 envolvido no manuseio de subst\u00e2ncias a granel, como cascalho, pedra, pedras, lama, etc. As carregadeiras agr\u00edcolas dispon\u00edveis na Tractors Mo\u00e7ambique, s\u00e3o polivalentes e robustas e podem ser fixadas ou desconectadas pela frente do os tratores, raz\u00e3o pela qual estes podem ser chamados de carregadores frontais.\u00a0<\/span>Por ser um implemento agr\u00edcola montado em trator, uma carregadeira agr\u00edcola pode ser equipada com rodas ou esteiras.\u00a0Estes s\u00e3o essenciais para todos os invent\u00e1rios agr\u00edcolas devido \u00e0s suas utiliza\u00e7\u00f5es indispens\u00e1veis \u200b\u200bnos campos agr\u00edcolas de Mo\u00e7ambique.\u00a0Para aumentar a viabilidade de qualquer trator, conecte-o \u00e0s carregadeiras agr\u00edcolas compat\u00edveis e pronto.\u00a0Os agricultores de Mo\u00e7ambique podem utilizar carregadores agr\u00edcolas para escavar o solo ou para carregar v\u00e1rios materiais de transporte em reboques e outros ve\u00edculos.<\/p>\n<h2>Caracter\u00edsticas proeminentes<\/h2>\n<ul>\n<li>F\u00e1cil de usar, f\u00e1cil de manter e dur\u00e1vel.<\/li>\n<li>Robusto e seguro para atividades manuais.<\/li>\n<li>Verificado sob verifica\u00e7\u00e3o ISO 9001.<\/li>\n<li>Exporte material de qualidade.<\/li>\n<li>Anticorrosivo.<\/li>\n<li>O grande tamanho do balde permite maior espa\u00e7o para acomoda\u00e7\u00e3o.<\/li>\n<\/ul>\n<h2>Caracter\u00edsticas t\u00e9cnicas<\/h2>\n<ul>\n<li>Balde de terra fechado.<\/li>\n<li>Opera\u00e7\u00f5es hidr\u00e1ulicas.<\/li>\n<li>1 metro c\u00fabico \u00e9 o volume do balde.<\/li>\n<li>O tempo de levantamento \u00e9 de 3 a 6 segundos.<\/li>\n<li>Para compatibilidade com tratores, 50 HP \u2013 85 HP \u00e9 a fonte de energia necess\u00e1ria.<\/li>\n<\/ul>\n<p>O manuseamento de subst\u00e2ncias a granel sempre foi uma tarefa e tanto para os agricultores mo\u00e7ambicanos.\u00a0Mas com tractors.co.mz e a sua vasta gama de instrumentos agr\u00edcolas, nenhuma tarefa agr\u00edcola \u00e9 mais stressante e agitada.\u00a0Portanto, adquira sua carregadeira agr\u00edcola f\u00e1cil de usar a pre\u00e7os acess\u00edveis na\u00a0<a href=\"https:\/\/www.tractors.co.mz\/pt\/\"><strong>Tractors Mo\u00e7ambique<\/strong><\/a>.<\/p>\n","protected":false},"excerpt":{"rendered":"<p><strong>Especifica\u00e7\u00e3o da carregadeira agr\u00edcola<\/strong><br \/>\nTamanho do balde 60 \u2033 ~ 66 \u2033<br \/>\nAltura de levantamento m\u00e1xima 132 \u2033<br \/>\nV\u00e1lvula de controle 45ltr 2 v\u00e1lvula de<br \/>\ncarretel Tubo de mangueira 6000PSl, manga dupla empanada<br \/>\nTubo de a\u00e7o haste afiada Bomba<br \/>\nde a\u00e7o carbono com cromo duro Cilindro<br \/>\nda bomba do trator<br \/>\n4 (60 mm x 40 mm)<br \/>\nVeda\u00e7\u00e3o tipo V<\/p>\n","protected":false},"featured_media":1731,"template":"","meta":[],"product_brand":[],"product_cat":[22],"product_tag":[],"class_list":{"0":"post-405","1":"product","2":"type-product","3":"status-publish","4":"has-post-thumbnail","6":"product_cat-implementos-agricolas","8":"first","9":"instock","10":"product-type-simple"},"aioseo_notices":[],"_links":{"self":[{"href":"https:\/\/www.tractors.co.mz\/pt\/wp-json\/wp\/v2\/product\/405","targetHints":{"allow":["GET"]}}],"collection":[{"href":"https:\/\/www.tractors.co.mz\/pt\/wp-json\/wp\/v2\/product"}],"about":[{"href":"https:\/\/www.tractors.co.mz\/pt\/wp-json\/wp\/v2\/types\/product"}],"wp:featuredmedia":[{"embeddable":true,"href":"https:\/\/www.tractors.co.mz\/pt\/wp-json\/wp\/v2\/media\/1731"}],"wp:attachment":[{"href":"https:\/\/www.tractors.co.mz\/pt\/wp-json\/wp\/v2\/media?parent=405"}],"wp:term":[{"taxonomy":"product_brand","embeddable":true,"href":"https:\/\/www.tractors.co.mz\/pt\/wp-json\/wp\/v2\/product_brand?post=405"},{"taxonomy":"product_cat","embeddable":true,"href":"https:\/\/www.tractors.co.mz\/pt\/wp-json\/wp\/v2\/product_cat?post=405"},{"taxonomy":"product_tag","embeddable":true,"href":"https:\/\/www.tractors.co.mz\/pt\/wp-json\/wp\/v2\/product_tag?post=405"}],"curies":[{"name":"wp","href":"https:\/\/api.w.org\/{rel}","templated":true}]}}