{"id":404,"date":"2022-10-11T12:14:14","date_gmt":"2022-10-11T12:14:14","guid":{"rendered":"https:\/\/www.tractors.co.ug\/product\/rotary-slasher\/"},"modified":"2024-07-03T04:53:32","modified_gmt":"2024-07-03T04:53:32","slug":"cortador-rotativo","status":"publish","type":"product","link":"https:\/\/www.tractors.co.mz\/pt\/product\/cortador-rotativo\/","title":{"rendered":"Cortador Rotativo"},"content":{"rendered":"<p>Um cortador rotativo \u00e9 um implemento agr\u00edcola muito resistente montado em um trator que pode facilmente cortar coberturas de pastagens, picar ervas daninhas altas ou grama com comprimento de at\u00e9 25 mm.\u00a0Este implemento agr\u00edcola \u00e9 econ\u00f3mico e produtivo, raz\u00e3o pela qual se tornou o preferido dos agricultores.\u00a0Sendo delineado com uma caixa resistente, este implemento agr\u00edcola pode atender muito bem \u00e0s necessidades de remo\u00e7\u00e3o de grama indesejada e detritos em crescimento.\u00a0Com suas l\u00e2minas rotativas afiadas e \u00e1speras, arbustos grossos podem ser cortados em segundos.<\/p>\n<h3>Caracter\u00edsticas proeminentes<\/h3>\n<ul>\n<li>\u00c9 verificado sob verifica\u00e7\u00e3o ISO 9001.<\/li>\n<li>De alta qualidade para exporta\u00e7\u00e3o.<\/li>\n<li>Acess\u00edvel e de alto rendimento.<\/li>\n<li>Aumenta a credibilidade do trator.<\/li>\n<li>As l\u00e2minas rotativas robustas e afiadas facilitam o corte de arbustos, ervas daninhas e at\u00e9 pastagens selvagens.<\/li>\n<li>Uma grande variedade de alturas pode ser reduzida.<\/li>\n<li>As culturas essenciais de Mo\u00e7ambique, incluindo milho, cevada, etc., podem ser cortadas muito rapidamente.<\/li>\n<li>Estar equipado com uma estrutura forte fornece a resist\u00eancia necess\u00e1ria para suportar opera\u00e7\u00f5es pesadas.<\/li>\n<\/ul>\n<h3>Caracter\u00edsticas t\u00e9cnicas<\/h3>\n<ul>\n<li>O peso aproximado calculado \u00e9 de 190 Kg.<\/li>\n<li>Total de 3 l\u00e2minas rotativas est\u00e3o presentes.<\/li>\n<li>O tipo de montagem central est\u00e1 dispon\u00edvel.<\/li>\n<li>A largura total \u00e9 estimada em 175 cm.<\/li>\n<li>50 HP t0 85 HP de fonte de energia necess\u00e1ria para compatibilidade com trator.<\/li>\n<\/ul>\n<p><span class=\"VIpgJd-yAWNEb-VIpgJd-fmcmS-sn54Q\">A mecaniza\u00e7\u00e3o do mundo agr\u00edcola deu origem a muitas oportunidades lucrativas para o cl\u00e3 de agricultores.\u00a0<\/span>A Tractors.co.mz est\u00e1 entre os concession\u00e1rios\u00a0pioneiros de tractores em Mo\u00e7ambique\u00a0, abrindo caminho para a expans\u00e3o das medidas de mecaniza\u00e7\u00e3o.\u00a0Cortadores rotativos e muitos outros implementos agr\u00edcolas \u00fateis contribu\u00edram para mecanizar os m\u00e9todos agr\u00edcolas.\u00a0Estes\u00a0<a href=\"https:\/\/www.tractors.co.mz\/pt\/product-category\/implementos-agricolas\/\"><strong>implementos agr\u00edcolas \u00e0 venda em Mo\u00e7ambique<\/strong><\/a>\u00a0foram agora introduzidos pela Tractors Mo\u00e7ambique a pre\u00e7os extremamente econ\u00f3micos.\u00a0Obtenha o seu para facilitar suas tarefas relacionadas ao cultivo.<\/p>\n","protected":false},"excerpt":{"rendered":"<p><strong>Especifica\u00e7\u00e3o do cortador rotativo<\/strong><br \/>\nN\u00ba de l\u00e2minas 3<br \/>\nLargura de trabalho 150 cm<br \/>\nLargura total 175 cm<br \/>\nCompatibilidade com trator 50 HP<\/p>\n","protected":false},"featured_media":1850,"template":"","meta":[],"product_brand":[],"product_cat":[22],"product_tag":[],"class_list":{"0":"post-404","1":"product","2":"type-product","3":"status-publish","4":"has-post-thumbnail","6":"product_cat-implementos-agricolas","8":"first","9":"instock","10":"product-type-simple"},"aioseo_notices":[],"_links":{"self":[{"href":"https:\/\/www.tractors.co.mz\/pt\/wp-json\/wp\/v2\/product\/404","targetHints":{"allow":["GET"]}}],"collection":[{"href":"https:\/\/www.tractors.co.mz\/pt\/wp-json\/wp\/v2\/product"}],"about":[{"href":"https:\/\/www.tractors.co.mz\/pt\/wp-json\/wp\/v2\/types\/product"}],"wp:featuredmedia":[{"embeddable":true,"href":"https:\/\/www.tractors.co.mz\/pt\/wp-json\/wp\/v2\/media\/1850"}],"wp:attachment":[{"href":"https:\/\/www.tractors.co.mz\/pt\/wp-json\/wp\/v2\/media?parent=404"}],"wp:term":[{"taxonomy":"product_brand","embeddable":true,"href":"https:\/\/www.tractors.co.mz\/pt\/wp-json\/wp\/v2\/product_brand?post=404"},{"taxonomy":"product_cat","embeddable":true,"href":"https:\/\/www.tractors.co.mz\/pt\/wp-json\/wp\/v2\/product_cat?post=404"},{"taxonomy":"product_tag","embeddable":true,"href":"https:\/\/www.tractors.co.mz\/pt\/wp-json\/wp\/v2\/product_tag?post=404"}],"curies":[{"name":"wp","href":"https:\/\/api.w.org\/{rel}","templated":true}]}}