{"id":403,"date":"2022-10-11T12:14:14","date_gmt":"2022-10-11T12:14:14","guid":{"rendered":"https:\/\/www.tractors.co.ug\/product\/ridger\/"},"modified":"2024-06-26T12:06:36","modified_gmt":"2024-06-26T12:06:36","slug":"ridger","status":"publish","type":"product","link":"https:\/\/www.tractors.co.mz\/pt\/product\/ridger\/","title":{"rendered":"Ridger"},"content":{"rendered":"<p>As culturas essenciais de Mo\u00e7ambique, incluindo trigo, cevada, milho-mi\u00fado, cana-de-a\u00e7\u00facar, etc., requerem a forma\u00e7\u00e3o de sulcos, o que pode ser feito atrav\u00e9s de um implemento agr\u00edcola montado num tractor, conhecido como sulcador.\u00a0Um sulcador faz sulcos equivalentes para melhorar o fluxo de \u00e1gua que chega \u00e0s ra\u00edzes da planta\u00e7\u00e3o em crescimento.\u00a0Especialmente para culturas plantadas em linha, um sulcador pode fazer maravilhas.\u00a0Enriquece o abastecimento de \u00e1gua em torno das culturas plantadas em linha, soltando e juntando o solo \u00e0 sua volta.<\/p>\n<h3>Caracter\u00edsticas proeminentes<\/h3>\n<ul>\n<li>A constru\u00e7\u00e3o de Ridge \u00e9 f\u00e1cil como sempre.<\/li>\n<li>Categorizado dependendo da faixa de pot\u00eancia do trator.<\/li>\n<li>\u00c9 verificado sob verifica\u00e7\u00e3o ISO 9001.<\/li>\n<li>De alta qualidade para exporta\u00e7\u00e3o.<\/li>\n<li>O desempenho do trator \u00e9 melhorado.<\/li>\n<li>F\u00e1cil manuten\u00e7\u00e3o e f\u00e1cil manuseio.<\/li>\n<li>A produ\u00e7\u00e3o do solo \u00e9 curada.<\/li>\n<\/ul>\n<h3>Caracter\u00edsticas t\u00e9cnicas<\/h3>\n<ul>\n<li>150 Kg de peso total.<\/li>\n<li>50 HP ou mais de fonte de energia necess\u00e1ria para compatibilidade com trator.<\/li>\n<li>1050 mm \u00e9 a profundidade necess\u00e1ria.<\/li>\n<li>A folga estimada \u00e9 de 550 mm.<\/li>\n<li>A dist\u00e2ncia calculada do espa\u00e7amento entre linhas \u00e9 de 711 m.<\/li>\n<li>Peso: 150 Kg.<\/li>\n<li>Largura aproximada.<\/li>\n<\/ul>\n<p>Todas as suas quest\u00f5es agr\u00edcolas podem agora ser respondidas em tractors.co.mz com a sua vasta gama de implementos agr\u00edcolas produtivos e de alto rendimento\u00a0\u00e0 venda em Mo\u00e7ambique\u00a0.\u00a0Oferecemos implementos agr\u00edcolas competitivos, aut\u00f3nomos ou montados em tractores, para garantir que os agricultores de Mo\u00e7ambique possam suportar a press\u00e3o dom\u00e9stica de uma agricultura rigorosa.\u00a0Os Ridgers dispon\u00edveis nos nossos revendedores de tratores em Mo\u00e7ambique garantem uma planta\u00e7\u00e3o tranquila de culturas a pre\u00e7os acess\u00edveis.\u00a0Entre em contato com nossa equipe de vendas e com uma linha de implementos agr\u00edcolas acess\u00edvel e obtenha informa\u00e7\u00f5es detalhadas de acordo com sua necessidade agr\u00edcola.<\/p>\n","protected":false},"excerpt":{"rendered":"<div class=\"woocommerce-product-details__short-description\">\n<p><strong>Especifica\u00e7\u00e3o Ridger<\/strong><br \/>\nLargura total: 1778 mm<br \/>\nEspa\u00e7amento m\u00e1ximo entre linhas: 711 m<br \/>\nFolga: 550 mm<br \/>\nPeso: 150 kg<br \/>\nCompatibilidade do trator: 50 HP +<br \/>\nProfundidade: 1050 mm<\/p>\n<\/div>\n","protected":false},"featured_media":1836,"template":"","meta":[],"product_brand":[],"product_cat":[22],"product_tag":[],"class_list":{"0":"post-403","1":"product","2":"type-product","3":"status-publish","4":"has-post-thumbnail","6":"product_cat-implementos-agricolas","8":"first","9":"instock","10":"product-type-simple"},"aioseo_notices":[],"_links":{"self":[{"href":"https:\/\/www.tractors.co.mz\/pt\/wp-json\/wp\/v2\/product\/403","targetHints":{"allow":["GET"]}}],"collection":[{"href":"https:\/\/www.tractors.co.mz\/pt\/wp-json\/wp\/v2\/product"}],"about":[{"href":"https:\/\/www.tractors.co.mz\/pt\/wp-json\/wp\/v2\/types\/product"}],"wp:featuredmedia":[{"embeddable":true,"href":"https:\/\/www.tractors.co.mz\/pt\/wp-json\/wp\/v2\/media\/1836"}],"wp:attachment":[{"href":"https:\/\/www.tractors.co.mz\/pt\/wp-json\/wp\/v2\/media?parent=403"}],"wp:term":[{"taxonomy":"product_brand","embeddable":true,"href":"https:\/\/www.tractors.co.mz\/pt\/wp-json\/wp\/v2\/product_brand?post=403"},{"taxonomy":"product_cat","embeddable":true,"href":"https:\/\/www.tractors.co.mz\/pt\/wp-json\/wp\/v2\/product_cat?post=403"},{"taxonomy":"product_tag","embeddable":true,"href":"https:\/\/www.tractors.co.mz\/pt\/wp-json\/wp\/v2\/product_tag?post=403"}],"curies":[{"name":"wp","href":"https:\/\/api.w.org\/{rel}","templated":true}]}}