{"id":402,"date":"2022-10-11T12:14:14","date_gmt":"2022-10-11T12:14:14","guid":{"rendered":"https:\/\/www.tractors.co.ug\/product\/offset-disc-harrows\/"},"modified":"2024-06-26T11:37:14","modified_gmt":"2024-06-26T11:37:14","slug":"grades-de-discos-offset","status":"publish","type":"product","link":"https:\/\/www.tractors.co.mz\/pt\/product\/grades-de-discos-offset\/","title":{"rendered":"Grades de discos offset"},"content":{"rendered":"<p><span class=\"\">A grade de discos offset \u00e9 um implemento agr\u00edcola montado em trator, que consiste em arestas de corte c\u00f4ncavas em formato de metal, arando o solo antes do plantio de uma nova gera\u00e7\u00e3o de culturas.\u00a0<\/span>Os discos da grade podem ser recortados, por\u00e9m posicionados obliquamente.\u00a0Os agricultores mo\u00e7ambicanos utilizam grades de discos compensadas para diversas fun\u00e7\u00f5es agr\u00edcolas, incluindo cortar erva indesejada ou crescer ervas daninhas.\u00a0Apesar de serem poderosos, podem ser facilmente acoplados ou desconectados para serem tratores compat\u00edveis.\u00a0As grades de discos deslocadas n\u00e3o aspiram a \u00e1gua ap\u00f3s a retirada do solo a ser plantado, pelo contr\u00e1rio, permitem a reten\u00e7\u00e3o da \u00e1gua para um melhor rendimento.<\/p>\n<h2>Caracter\u00edsticas proeminentes<\/h2>\n<ul>\n<li>Eficiente para cultivo em solo arenoso.<\/li>\n<li>Econ\u00f4mico e dur\u00e1vel.<\/li>\n<li>Disco de a\u00e7o boro de \u00f3tima qualidade utilizado.<\/li>\n<li>Baixo custo de manuten\u00e7\u00e3o e implemento agr\u00edcola voltado para resultados.<\/li>\n<li>O ajuste do \u00e2ngulo \u00e9 muito f\u00e1cil.<\/li>\n<li>As posi\u00e7\u00f5es anexadas e caudadas podem ser diferentes.<\/li>\n<\/ul>\n<h2>Caracter\u00edsticas t\u00e9cnicas<\/h2>\n<ul>\n<li>S\u00e3o necess\u00e1rios 75 HP a 85 HP de fonte de alimenta\u00e7\u00e3o para compatibilidade com o trator.<\/li>\n<li>O espa\u00e7amento entre os discos \u00e9 de 228\/9\u201d.<\/li>\n<li>Peso aproximado 685 a 770 Kg.<\/li>\n<li>O tamanho ideal do disco \u00e9 24 polegadas.<\/li>\n<li>A largura de trabalho estimada \u00e9 de 55 a 75 polegadas.<\/li>\n<\/ul>\n<p>Tractors.co.mz \u00e9 um revendedor de tratores reconhecido, que trabalha em Mo\u00e7ambique h\u00e1 muitos anos.\u00a0Sendo fornecedores de\u00a0<a href=\"https:\/\/www.tractors.co.mz\/pt\/\"><strong>tratores e alfaias agr\u00edcolas<\/strong><\/a>\u00a0aut\u00eanticos , acreditamos na mecaniza\u00e7\u00e3o dos m\u00e9todos agr\u00edcolas.\u00a0A extensa gama de implementos agr\u00edcolas \u00e0 venda em Mo\u00e7ambique ir\u00e1 fornecer-lhe uma grande variedade de ferramentas agr\u00edcolas nas quais pode confiar para suprir as suas necessidades agr\u00edcolas.\u00a0Voc\u00ea pode obter a melhor cota\u00e7\u00e3o de pre\u00e7o para a escolha de implementos agr\u00edcolas genu\u00ednos, incluindo grades de discos deslocadas, descascadoras de milho e muito mais.<\/p>\n","protected":false},"excerpt":{"rendered":"<p><strong>Especifica\u00e7\u00e3o da grade de disco offset<\/strong><br \/>\nN\u00daMERO DE DISCOS 10-28<br \/>\nTAMANHO DO DISCO 61 CM (24 POLEGADAS)<br \/>\nPeso de aprox.: 450 Kgs a 800 Kgs<br \/>\nLargura de trabalho: 55 &#8211; 75 polegadas dependendo do tamanho da grade<br \/>\nA compatibilidade do trator \u00e9 de no m\u00ednimo 50 HP<\/p>\n","protected":false},"featured_media":1791,"template":"","meta":[],"product_brand":[],"product_cat":[22],"product_tag":[],"class_list":{"0":"post-402","1":"product","2":"type-product","3":"status-publish","4":"has-post-thumbnail","6":"product_cat-implementos-agricolas","8":"first","9":"instock","10":"product-type-simple"},"aioseo_notices":[],"_links":{"self":[{"href":"https:\/\/www.tractors.co.mz\/pt\/wp-json\/wp\/v2\/product\/402","targetHints":{"allow":["GET"]}}],"collection":[{"href":"https:\/\/www.tractors.co.mz\/pt\/wp-json\/wp\/v2\/product"}],"about":[{"href":"https:\/\/www.tractors.co.mz\/pt\/wp-json\/wp\/v2\/types\/product"}],"wp:featuredmedia":[{"embeddable":true,"href":"https:\/\/www.tractors.co.mz\/pt\/wp-json\/wp\/v2\/media\/1791"}],"wp:attachment":[{"href":"https:\/\/www.tractors.co.mz\/pt\/wp-json\/wp\/v2\/media?parent=402"}],"wp:term":[{"taxonomy":"product_brand","embeddable":true,"href":"https:\/\/www.tractors.co.mz\/pt\/wp-json\/wp\/v2\/product_brand?post=402"},{"taxonomy":"product_cat","embeddable":true,"href":"https:\/\/www.tractors.co.mz\/pt\/wp-json\/wp\/v2\/product_cat?post=402"},{"taxonomy":"product_tag","embeddable":true,"href":"https:\/\/www.tractors.co.mz\/pt\/wp-json\/wp\/v2\/product_tag?post=402"}],"curies":[{"name":"wp","href":"https:\/\/api.w.org\/{rel}","templated":true}]}}