{"id":401,"date":"2022-10-11T12:14:14","date_gmt":"2022-10-11T12:14:14","guid":{"rendered":"https:\/\/www.tractors.co.ug\/product\/lawn-mower\/"},"modified":"2024-06-26T11:30:16","modified_gmt":"2024-06-26T11:30:16","slug":"cortador-de-grama","status":"publish","type":"product","link":"https:\/\/www.tractors.co.mz\/pt\/product\/cortador-de-grama\/","title":{"rendered":"Cortador de grama"},"content":{"rendered":"<p>Arrumar fazendas e gramados com a ajuda de um implemento agr\u00edcola compacto, mas funcional, que corta grama e plantas indesejadas, \u00e9 chamado de cortador de grama.\u00a0Este\u00a0<a href=\"https:\/\/www.tractors.co.mz\/pt\/product-category\/implementos-agricolas\/\"><strong>implemento agr\u00edcola \u00e0 venda em Mo\u00e7ambique<\/strong><\/a>\u00a0\u00e9 bastante utilizado por ser econ\u00f3mico e pr\u00e1tico.\u00a0Um cortador de grama \u00e9 feito de placas finas, mas extremamente resistentes, tornando o corte mais f\u00e1cil e r\u00e1pido.<\/p>\n<h2>Caracter\u00edsticas proeminentes<\/h2>\n<ul>\n<li>F\u00e1cil e eficiente no corte de hastes.<\/li>\n<li>Multiuso e pr\u00e1tico.<\/li>\n<li>Econ\u00f4mico e orientado a resultados.<\/li>\n<li>Exporte material de qualidade.<\/li>\n<li>Verificado sob verifica\u00e7\u00e3o ISO 9001.<\/li>\n<li>Remo\u00e7\u00e3o de vegeta\u00e7\u00e3o de feno desnecess\u00e1ria.<\/li>\n<li>Ic\u00f4nico para gramados dom\u00e9sticos e outros campos sutis.<\/li>\n<li>A colheita \u00e9 mais eficiente do que nunca.<\/li>\n<\/ul>\n<h2>Caracter\u00edsticas t\u00e9cnicas<\/h2>\n<ul>\n<li>S\u00e3o necess\u00e1rios 50 HP de fonte de energia para compatibilidade com o trator.<\/li>\n<li>A largura de trabalho \u00e9 estimada em 150 cm.<\/li>\n<li>Tipo de montagem central dispon\u00edvel.<\/li>\n<li>3 l\u00e2minas e peso bruto calculado em 190 Kg.<\/li>\n<li>A largura total \u00e9 estimada em 150 cm.<\/li>\n<\/ul>\n<p>Os agricultores de Mo\u00e7ambique t\u00eam desejado sinceramente um implemento agr\u00edcola econ\u00f3mico que possa simplificar as actividades agr\u00edcolas, por um lado, e possa poupar tempo e energia valiosos investidos por eles, por outro lado.\u00a0Considerando isto, a Tractors.co.mz est\u00e1 a fornecer solu\u00e7\u00f5es agr\u00edcolas econ\u00f3micas aos agricultores mo\u00e7ambicanos, para aumentar a produ\u00e7\u00e3o agr\u00edcola de uma forma rent\u00e1vel.\u00a0Obtenha os seus implementos agr\u00edcolas a uma gama acess\u00edvel exclusivamente na Tractors Mo\u00e7ambique, para uma produ\u00e7\u00e3o cada vez mais produtiva.<\/p>\n","protected":false},"excerpt":{"rendered":"<p><strong>Especifica\u00e7\u00e3o do cortador de grama<\/strong><br \/>\nLargura de trabalho: 150 cm (59 \u2033)<br \/>\nLargura total: 175 cm (69 \u2033)<br \/>\nMontagem central<br \/>\nN\u00ba de l\u00e2minas: 3<br \/>\nPeso: 190 kg<br \/>\nCompatibilidade com trator: Acima de 50 HP<\/p>\n","protected":false},"featured_media":1778,"template":"","meta":[],"product_brand":[],"product_cat":[22],"product_tag":[],"class_list":{"0":"post-401","1":"product","2":"type-product","3":"status-publish","4":"has-post-thumbnail","6":"product_cat-implementos-agricolas","8":"first","9":"instock","10":"product-type-simple"},"aioseo_notices":[],"_links":{"self":[{"href":"https:\/\/www.tractors.co.mz\/pt\/wp-json\/wp\/v2\/product\/401","targetHints":{"allow":["GET"]}}],"collection":[{"href":"https:\/\/www.tractors.co.mz\/pt\/wp-json\/wp\/v2\/product"}],"about":[{"href":"https:\/\/www.tractors.co.mz\/pt\/wp-json\/wp\/v2\/types\/product"}],"wp:featuredmedia":[{"embeddable":true,"href":"https:\/\/www.tractors.co.mz\/pt\/wp-json\/wp\/v2\/media\/1778"}],"wp:attachment":[{"href":"https:\/\/www.tractors.co.mz\/pt\/wp-json\/wp\/v2\/media?parent=401"}],"wp:term":[{"taxonomy":"product_brand","embeddable":true,"href":"https:\/\/www.tractors.co.mz\/pt\/wp-json\/wp\/v2\/product_brand?post=401"},{"taxonomy":"product_cat","embeddable":true,"href":"https:\/\/www.tractors.co.mz\/pt\/wp-json\/wp\/v2\/product_cat?post=401"},{"taxonomy":"product_tag","embeddable":true,"href":"https:\/\/www.tractors.co.mz\/pt\/wp-json\/wp\/v2\/product_tag?post=401"}],"curies":[{"name":"wp","href":"https:\/\/api.w.org\/{rel}","templated":true}]}}