{"id":400,"date":"2022-10-11T12:14:14","date_gmt":"2022-10-11T12:14:14","guid":{"rendered":"https:\/\/www.tractors.co.ug\/product\/hydraulic-tripping-trailer\/"},"modified":"2024-07-02T05:12:53","modified_gmt":"2024-07-02T05:12:53","slug":"trailer-de-tropeco-hidraulico","status":"publish","type":"product","link":"https:\/\/www.tractors.co.mz\/pt\/product\/trailer-de-tropeco-hidraulico\/","title":{"rendered":"Trailer de trope\u00e7o hidr\u00e1ulico"},"content":{"rendered":"<p><span class=\"\">Um reboque basculante que tem um sistema hidr\u00e1ulico associado e pode facilmente transportar subst\u00e2ncias a granel, tais como tanques de \u00e1gua, reboques de ATV, etc. Os agricultores mo\u00e7ambicanos utilizam estes reboques para transportar diversas subst\u00e2ncias, incluindo areia, cascalho, etc. estresse, tornando o transporte de subst\u00e2ncias a granel mais f\u00e1cil e mais r\u00e1pido do que nunca.<\/span><\/p>\n<h2>Caracter\u00edsticas proeminentes<\/h2>\n<ul>\n<li>As mercadorias s\u00e3o descarregadas com bastante facilidade.<\/li>\n<li>As despesas operacionais podem ser reduzidas.<\/li>\n<li>Econ\u00f4mico, pr\u00e1tico e dur\u00e1vel para toda a vida.<\/li>\n<li>De m\u00faltiplos usos.<\/li>\n<li>Tarefas pesadas podem ser conclu\u00eddas sem sobrecarregar os agricultores.<\/li>\n<li>A gorjeta tornou o descarregamento mais f\u00e1cil do que nunca.<\/li>\n<li>Exporte material de qualidade.<\/li>\n<li>\u00c9 verificado sob verifica\u00e7\u00e3o ISO 9001.<\/li>\n<\/ul>\n<h2>Caracter\u00edsticas t\u00e9cnicas<\/h2>\n<ul>\n<li>50 HP \u00e9 a fonte de energia necess\u00e1ria para compatibilidade com o trator.<\/li>\n<li>Movimenta\u00e7\u00e3o de 3, 5, 8, 10, 12 e 14 toneladas de peso.<\/li>\n<li>O peso ideal excluindo carga \u00e9 de 1.000 Kg a 2.000 Kg.<\/li>\n<li>Dispon\u00edvel exclusivamente em 2WD e 4WD.<\/li>\n<\/ul>\n<p>tractors.com.mz fornece-lhe uma vasta gama de implementos agr\u00edcolas que foram concebidos tendo em mente as \u00e1rduas actividades agr\u00edcolas que os agricultores mo\u00e7ambicanos tiveram de realizar para sustentar o ciclo cont\u00ednuo de cultivo e colheita.\u00a0Muitas solu\u00e7\u00f5es de transporte econ\u00f3micas e acess\u00edveis est\u00e3o a ser oferecidas pela\u00a0<a href=\"https:\/\/www.tractors.co.mz\/pt\/\"><strong>Tractors Mo\u00e7ambique<\/strong><\/a>\u00a0para intensificar as actividades de transporte dentro da zona africana.\u00a0Al\u00e9m disso, informa\u00e7\u00f5es detalhadas ponto a ponto tamb\u00e9m s\u00e3o fornecidas por nossos representantes altamente qualificados de atendimento ao cliente.<\/p>\n","protected":false},"excerpt":{"rendered":"<div class=\"woocommerce-product-details__short-description\">\n<p><strong>Especifica\u00e7\u00e3o do reboque basculante hidr\u00e1ulico<\/strong><br \/>\nCapacidade 3 &#8211; 20 toneladas<br \/>\nCanal inferior 7 \u00d7 3 &#8211; 10 x 3<br \/>\nComprimento 52 &#8220;- 56&#8221;<br \/>\nMatriz externa 5 &#8220;- 7&#8221;<br \/>\nEspessura da parede 3 &#8220;\/8&#8221;<br \/>\nQuantidade 2 &#8211; 4 pneus<\/p>\n<\/div>\n","protected":false},"featured_media":1845,"template":"","meta":[],"product_brand":[],"product_cat":[22],"product_tag":[],"class_list":{"0":"post-400","1":"product","2":"type-product","3":"status-publish","4":"has-post-thumbnail","6":"product_cat-implementos-agricolas","8":"first","9":"instock","10":"product-type-simple"},"aioseo_notices":[],"_links":{"self":[{"href":"https:\/\/www.tractors.co.mz\/pt\/wp-json\/wp\/v2\/product\/400","targetHints":{"allow":["GET"]}}],"collection":[{"href":"https:\/\/www.tractors.co.mz\/pt\/wp-json\/wp\/v2\/product"}],"about":[{"href":"https:\/\/www.tractors.co.mz\/pt\/wp-json\/wp\/v2\/types\/product"}],"wp:featuredmedia":[{"embeddable":true,"href":"https:\/\/www.tractors.co.mz\/pt\/wp-json\/wp\/v2\/media\/1845"}],"wp:attachment":[{"href":"https:\/\/www.tractors.co.mz\/pt\/wp-json\/wp\/v2\/media?parent=400"}],"wp:term":[{"taxonomy":"product_brand","embeddable":true,"href":"https:\/\/www.tractors.co.mz\/pt\/wp-json\/wp\/v2\/product_brand?post=400"},{"taxonomy":"product_cat","embeddable":true,"href":"https:\/\/www.tractors.co.mz\/pt\/wp-json\/wp\/v2\/product_cat?post=400"},{"taxonomy":"product_tag","embeddable":true,"href":"https:\/\/www.tractors.co.mz\/pt\/wp-json\/wp\/v2\/product_tag?post=400"}],"curies":[{"name":"wp","href":"https:\/\/api.w.org\/{rel}","templated":true}]}}