{"id":399,"date":"2022-10-11T12:14:14","date_gmt":"2022-10-11T12:14:14","guid":{"rendered":"https:\/\/www.tractors.co.ug\/product\/farm-trailer\/"},"modified":"2024-06-26T11:07:11","modified_gmt":"2024-06-26T11:07:11","slug":"reboque-agricola","status":"publish","type":"product","link":"https:\/\/www.tractors.co.mz\/pt\/product\/reboque-agricola\/","title":{"rendered":"Reboque agr\u00edcola"},"content":{"rendered":"<p><span class=\"\">Um reboque agr\u00edcola, conforme indicado pelo nome, \u00e9 um reboque montado num tractor compat\u00edvel que \u00e9 utilizado principalmente para diversas actividades agr\u00edcolas, incluindo o transporte di\u00e1rio de animais de quinta, produtos agr\u00edcolas de e para o mercado\u00a0<\/span><span class=\"\">,\u00a0<\/span><span class=\"\">etc.<\/span><span class=\"\">\u00a0ajudou os agricultores a fornecer op\u00e7\u00f5es de mecaniza\u00e7\u00e3o.\u00a0<\/span>O reboque agr\u00edcola n\u00e3o possui for\u00e7a motriz, mas utiliza a for\u00e7a motriz do trator ao qual est\u00e1 acoplado para a execu\u00e7\u00e3o de suas atividades agr\u00edcolas.<\/p>\n<h2>Caracter\u00edsticas proeminentes<\/h2>\n<ul>\n<li>Econ\u00f4mico e f\u00e1cil de usar.<\/li>\n<li>Robusto e vi\u00e1vel.<\/li>\n<li>Para mercadorias pesadas, est\u00e1 dispon\u00edvel um grande espa\u00e7o de transporte.<\/li>\n<li>Exporte material de qualidade.<\/li>\n<li>\u00c9 verificado sob verifica\u00e7\u00e3o ISO 9001.<\/li>\n<li>Disponibilidade de painel em um dos lados do trailer agr\u00edcola.<\/li>\n<li>Conveniente e f\u00e1cil de manusear.<\/li>\n<li>\u00c9 utilizada uma subst\u00e2ncia anticorrosiva.<\/li>\n<li>Seguro e protegido para o transporte de gado.<\/li>\n<\/ul>\n<h2>Caracter\u00edsticas t\u00e9cnicas<\/h2>\n<ul>\n<li>50 HP \u00e9 a fonte de energia necess\u00e1ria para compatibilidade com o trator.<\/li>\n<li>Sem carga, o peso m\u00e9dio calculado \u00e9 de 1.000 Kg a 2.000 Kg.<\/li>\n<li>Est\u00e3o dispon\u00edveis reboques com 2 e 4 pneus.<\/li>\n<li>O trailer pode suportar aproximadamente 3, 5, 8, 10, 12, 14 e 16 toneladas de peso.<\/li>\n<\/ul>\n<p>Em tractors.com.mz, pode encontrar reboques agr\u00edcolas de alta qualidade para auxiliar em m\u00faltiplas opera\u00e7\u00f5es de colheita e cultivo, por exemplo, transportando ra\u00edzes ou res\u00edduos, cascalho ou pedras.\u00a0Mesmo para transporte pessoal, os reboques agr\u00edcolas t\u00eam se mostrado de grande utilidade.\u00a0Na Tractors Mo\u00e7ambique, os nossos tratores agr\u00edcolas e implementos agr\u00edcolas orientados para os resultados fortaleceram a espinha dorsal da agricultura.\u00a0Obtenha agora o seu implemento agr\u00edcola desej\u00e1vel, mas acess\u00edvel, entregue \u00e0 sua porta pela Tractors Mo\u00e7ambique.<\/p>\n","protected":false},"excerpt":{"rendered":"<p><strong>Especifica\u00e7\u00f5es<\/strong><br \/>\nLargura de trabalho 145 cm &#8211; 167 cm<br \/>\nTamanho dos discos 61 cm<br \/>\nPeso 685 Kg<br \/>\nN\u00famero de discos dispon\u00edveis 12, 14, 16, 18, 20<\/p>\n","protected":false},"featured_media":1751,"template":"","meta":[],"product_brand":[],"product_cat":[22],"product_tag":[],"class_list":{"0":"post-399","1":"product","2":"type-product","3":"status-publish","4":"has-post-thumbnail","6":"product_cat-implementos-agricolas","8":"first","9":"instock","10":"product-type-simple"},"aioseo_notices":[],"_links":{"self":[{"href":"https:\/\/www.tractors.co.mz\/pt\/wp-json\/wp\/v2\/product\/399","targetHints":{"allow":["GET"]}}],"collection":[{"href":"https:\/\/www.tractors.co.mz\/pt\/wp-json\/wp\/v2\/product"}],"about":[{"href":"https:\/\/www.tractors.co.mz\/pt\/wp-json\/wp\/v2\/types\/product"}],"wp:featuredmedia":[{"embeddable":true,"href":"https:\/\/www.tractors.co.mz\/pt\/wp-json\/wp\/v2\/media\/1751"}],"wp:attachment":[{"href":"https:\/\/www.tractors.co.mz\/pt\/wp-json\/wp\/v2\/media?parent=399"}],"wp:term":[{"taxonomy":"product_brand","embeddable":true,"href":"https:\/\/www.tractors.co.mz\/pt\/wp-json\/wp\/v2\/product_brand?post=399"},{"taxonomy":"product_cat","embeddable":true,"href":"https:\/\/www.tractors.co.mz\/pt\/wp-json\/wp\/v2\/product_cat?post=399"},{"taxonomy":"product_tag","embeddable":true,"href":"https:\/\/www.tractors.co.mz\/pt\/wp-json\/wp\/v2\/product_tag?post=399"}],"curies":[{"name":"wp","href":"https:\/\/api.w.org\/{rel}","templated":true}]}}