{"id":398,"date":"2022-10-11T12:14:14","date_gmt":"2022-10-11T12:14:14","guid":{"rendered":"https:\/\/www.tractors.co.ug\/product\/mould-board-plough\/"},"modified":"2024-06-26T11:34:26","modified_gmt":"2024-06-26T11:34:26","slug":"arado-de-molde","status":"publish","type":"product","link":"https:\/\/www.tractors.co.mz\/pt\/product\/arado-de-molde\/","title":{"rendered":"Arado de molde"},"content":{"rendered":"<p>Para a remo\u00e7\u00e3o do crescimento desnecess\u00e1rio de ervas daninhas, em \u00e1reas de sequeiro ou fortemente irrigadas por canais, a pulveriza\u00e7\u00e3o e invers\u00e3o do solo s\u00e3o feitas atrav\u00e9s de um implemento agr\u00edcola simples mas dur\u00e1vel, nomeadamente um arado de aiveca.\u00a0Al\u00e9m das ervas daninhas, res\u00edduos do solo e outros detritos indesejados tamb\u00e9m ficam enterrados sob o solo.\u00a0Desta forma, a lavoura prim\u00e1ria pode ser feita sem exigir muito esfor\u00e7o por parte do nicho de agricultores de Mo\u00e7ambique.\u00a0Al\u00e9m disso, o arado de aiveca pode ser usado para transformar culturas de adubo verde<\/p>\n<h2>Caracter\u00edsticas proeminentes<\/h2>\n<ul>\n<li>Os arados s\u00e3o fornecidos com uma superf\u00edcie de corte substitu\u00edvel.<\/li>\n<li>A terra pode ser limpa rapidamente.<\/li>\n<li>Tarefas relacionadas ao solo, como quebra, revolvimento e eleva\u00e7\u00e3o do solo, podem ser realizadas t\u00e3o rapidamente quanto um piscar de olhos.<\/li>\n<li>\u00c9 capaz de desempenhar fun\u00e7\u00f5es de condu\u00e7\u00e3o em solos com ra\u00edzes pedregosas.<\/li>\n<li>\u00c9 fornecido com uma l\u00e2mina de a\u00e7o especial resistente ao desgaste para garantir que trabalhos dif\u00edceis de ara\u00e7\u00e3o sejam realizados com facilidade.<\/li>\n<\/ul>\n<h2>Caracter\u00edsticas t\u00e9cnicas<\/h2>\n<ul>\n<li>O n\u00famero de Farrows \u00e9 2,3, ad 4.<\/li>\n<li>S\u00e3o necess\u00e1rios 50 HP de fonte de energia para compatibilidade com o trator.<\/li>\n<li>A faixa m\u00e1xima de profundidade \u00e9 de 22 cm a 25 cm.<\/li>\n<li>I e II s\u00e3o o tipo de categoria de liga\u00e7\u00e3o.<\/li>\n<li>O peso estimado calculado \u00e9 de 225 a 360 Kg.<\/li>\n<\/ul>\n<p>Tractors.co.mz oferece a gama mais produtiva e robusta de implementos agr\u00edcolas e tratores agr\u00edcolas compactos dur\u00e1veis.\u00a0Os\u00a0<a href=\"https:\/\/www.tractors.co.mz\/pt\/product-category\/implementos-agricolas\/\"><strong>implementos agr\u00edcolas \u00e0 venda em Mo\u00e7ambique<\/strong><\/a>\u00a0mecanizaram as formas de agricultura, permitindo aos agricultores ganhar significativamente mais, estressando-se menos.\u00a0Para agricultores novatos, temos uma equipe de habilidades operacionais que fornece conhecimento aprofundado para assist\u00eancia adicional.\u00a0A Tractors Mo\u00e7ambique \u00e9 um prestigiado revendedor de tratores que trabalha com uma abordagem centrada no cliente.\u00a0Obtenha a sua linha acess\u00edvel de implementos agr\u00edcolas dos nossos revendedores de tratores que operam em Mo\u00e7ambique!<\/p>\n","protected":false},"excerpt":{"rendered":"<p><strong>Especifica\u00e7\u00e3o do arado de placa de molde<\/strong><br \/>\nN\u00ba DE SUCOS 2,3,4<br \/>\nPROFUNDIDADE M\u00c1XIMA DE TRABALHO: 22-25CM<br \/>\nPESO: 225-360KGS<br \/>\nCOMPATIBILIDADE DO TRATOR: 50HP EM DIANTE<br \/>\nCAPACIDADE DE LIGA\u00c7\u00c3O: I e II<\/p>\n","protected":false},"featured_media":1785,"template":"","meta":[],"product_brand":[],"product_cat":[22],"product_tag":[],"class_list":{"0":"post-398","1":"product","2":"type-product","3":"status-publish","4":"has-post-thumbnail","6":"product_cat-implementos-agricolas","8":"first","9":"instock","10":"product-type-simple"},"aioseo_notices":[],"_links":{"self":[{"href":"https:\/\/www.tractors.co.mz\/pt\/wp-json\/wp\/v2\/product\/398","targetHints":{"allow":["GET"]}}],"collection":[{"href":"https:\/\/www.tractors.co.mz\/pt\/wp-json\/wp\/v2\/product"}],"about":[{"href":"https:\/\/www.tractors.co.mz\/pt\/wp-json\/wp\/v2\/types\/product"}],"wp:featuredmedia":[{"embeddable":true,"href":"https:\/\/www.tractors.co.mz\/pt\/wp-json\/wp\/v2\/media\/1785"}],"wp:attachment":[{"href":"https:\/\/www.tractors.co.mz\/pt\/wp-json\/wp\/v2\/media?parent=398"}],"wp:term":[{"taxonomy":"product_brand","embeddable":true,"href":"https:\/\/www.tractors.co.mz\/pt\/wp-json\/wp\/v2\/product_brand?post=398"},{"taxonomy":"product_cat","embeddable":true,"href":"https:\/\/www.tractors.co.mz\/pt\/wp-json\/wp\/v2\/product_cat?post=398"},{"taxonomy":"product_tag","embeddable":true,"href":"https:\/\/www.tractors.co.mz\/pt\/wp-json\/wp\/v2\/product_tag?post=398"}],"curies":[{"name":"wp","href":"https:\/\/api.w.org\/{rel}","templated":true}]}}