{"id":397,"date":"2022-10-11T12:14:14","date_gmt":"2022-10-11T12:14:14","guid":{"rendered":"https:\/\/www.tractors.co.ug\/product\/chisel-plough\/"},"modified":"2024-06-26T10:57:35","modified_gmt":"2024-06-26T10:57:35","slug":"arado-cinzel","status":"publish","type":"product","link":"https:\/\/www.tractors.co.mz\/pt\/product\/arado-cinzel\/","title":{"rendered":"Arado Cinzel"},"content":{"rendered":"<p><span class=\"\">O arado cinzel \u00e9 um instrumento agr\u00edcola muito famoso entre os agricultores mo\u00e7ambicanos, que \u00e9 utilizado para rasgar o solo atrav\u00e9s dos seus empurr\u00f5es de duas pontas.\u00a0<\/span>Antes da ara\u00e7\u00e3o regular, para soltar o solo duro, s\u00e3o amplamente utilizados arados cinzelados.\u00a0Um arado cinzel tamb\u00e9m pode ser usado para quebrar as solas do arado pelos agricultores mo\u00e7ambicanos.\u00a0Um arado cinzel apesar de agitar e misturar o solo evita a sua invers\u00e3o.\u00a0Numa s\u00e9rie de procedimentos de cultivo e lavoura, um escarificador pode ser de excelente utiliza\u00e7\u00e3o e, portanto, est\u00e1 dispon\u00edvel\u00a0exclusivamente na\u00a0<a href=\"https:\/\/www.tractors.co.mz\/pt\/\"><strong>Tractors Mo\u00e7ambique. <\/strong><\/a>O impacto do arado de cinzel no afrouxamento do solo ajuda a melhorar a fertilidade do solo.<\/p>\n<h2>Caracter\u00edsticas proeminentes<\/h2>\n<ul>\n<li>O solo \u00e9 solto com facilidade.<\/li>\n<li>Este implemento agr\u00edcola ajuda a quebrar a panela dura.<\/li>\n<li>A profundidade de cultivo alcan\u00e7ada \u00e9 de 20 polegadas.<\/li>\n<li>Principalmente na \u00e9poca das chuvas, o solo \u00e9 perfeitamente arado.<\/li>\n<li>Evita chances de compacta\u00e7\u00e3o do solo.<\/li>\n<li>A forma\u00e7\u00e3o de crosta no solo pode ser facilmente bloqueada.<\/li>\n<li>As chances de prevenir a eros\u00e3o do solo tamb\u00e9m s\u00e3o bastante minimizadas.<\/li>\n<\/ul>\n<h2>Caracter\u00edsticas t\u00e9cnicas<\/h2>\n<ul>\n<li>50 HP a 85 HP \u00e9 a fonte de energia necess\u00e1ria para compatibilidade com trator.<\/li>\n<li>O peso ideal \u00e9 225 \u2013 360 Kg.<\/li>\n<li>A estrutura \u00e9 composta por uma pesada caixa de a\u00e7o em forma de V.<\/li>\n<li>Os dentes s\u00e3o facilmente substitu\u00edveis em 3 a 5 quantidades.<\/li>\n<li>I e II s\u00e3o as capacidades de linhagem medidas.<\/li>\n<\/ul>\n<p>Tractors.com.mz \u00e9 um revendedor de tratores confi\u00e1vel e experiente, operando em Mo\u00e7ambique h\u00e1 muitas d\u00e9cadas.\u00a0Para tornar a agricultura mais f\u00e1cil e simples, \u00e9 fundamental ter em considera\u00e7\u00e3o m\u00e1quinas agr\u00edcolas genu\u00ednas e fi\u00e1veis.\u00a0Tendo em mente a situa\u00e7\u00e3o actual dos agricultores mo\u00e7ambicanos, a Tractors Mo\u00e7ambique oferece uma linha produtiva de produtos agr\u00edcolas genu\u00ednos e competitivos que n\u00e3o s\u00f3 s\u00e3o acess\u00edveis ao bolso, como tamb\u00e9m produziram resultados agr\u00edcolas fant\u00e1sticos numa frac\u00e7\u00e3o de tempo.\u00a0Para obter o seu cinzel para maximizar os seus esfor\u00e7os de lavoura, contacte a nossa equipa de vendas e obtenha os melhores pre\u00e7os exclusivamente na Tractors Mo\u00e7ambique.<\/p>\n","protected":false},"excerpt":{"rendered":"<div class=\"woocommerce-product-details__short-description\">\n<p><strong>Especifica\u00e7\u00e3o do arado cinzel<\/strong><br \/>\nN\u00ba de dentes 2-5<br \/>\nLargura total 1570 mm<br \/>\nCapacidade de liga\u00e7\u00e3o: I e II<br \/>\nProfundidade m\u00e1xima de trabalho: 22-25cm<br \/>\nPeso: 225-360Kg.<br \/>\nCompatibilidade com trator: 50HP em diante<\/p>\n<\/div>\n","protected":false},"featured_media":1744,"template":"","meta":[],"product_brand":[],"product_cat":[22],"product_tag":[],"class_list":{"0":"post-397","1":"product","2":"type-product","3":"status-publish","4":"has-post-thumbnail","6":"product_cat-implementos-agricolas","8":"first","9":"instock","10":"product-type-simple"},"aioseo_notices":[],"_links":{"self":[{"href":"https:\/\/www.tractors.co.mz\/pt\/wp-json\/wp\/v2\/product\/397","targetHints":{"allow":["GET"]}}],"collection":[{"href":"https:\/\/www.tractors.co.mz\/pt\/wp-json\/wp\/v2\/product"}],"about":[{"href":"https:\/\/www.tractors.co.mz\/pt\/wp-json\/wp\/v2\/types\/product"}],"wp:featuredmedia":[{"embeddable":true,"href":"https:\/\/www.tractors.co.mz\/pt\/wp-json\/wp\/v2\/media\/1744"}],"wp:attachment":[{"href":"https:\/\/www.tractors.co.mz\/pt\/wp-json\/wp\/v2\/media?parent=397"}],"wp:term":[{"taxonomy":"product_brand","embeddable":true,"href":"https:\/\/www.tractors.co.mz\/pt\/wp-json\/wp\/v2\/product_brand?post=397"},{"taxonomy":"product_cat","embeddable":true,"href":"https:\/\/www.tractors.co.mz\/pt\/wp-json\/wp\/v2\/product_cat?post=397"},{"taxonomy":"product_tag","embeddable":true,"href":"https:\/\/www.tractors.co.mz\/pt\/wp-json\/wp\/v2\/product_tag?post=397"}],"curies":[{"name":"wp","href":"https:\/\/api.w.org\/{rel}","templated":true}]}}