{"id":396,"date":"2022-10-11T12:14:14","date_gmt":"2022-10-11T12:14:14","guid":{"rendered":"https:\/\/www.tractors.co.ug\/product\/disc-plough\/"},"modified":"2024-06-26T11:03:56","modified_gmt":"2024-06-26T11:03:56","slug":"arado-de-disco","status":"publish","type":"product","link":"https:\/\/www.tractors.co.mz\/pt\/product\/arado-de-disco\/","title":{"rendered":"Arado de disco"},"content":{"rendered":"<p><span class=\"\">O solo que \u00e9 imperme\u00e1vel e cont\u00e9m subst\u00e2ncias pedregosas, pegajosas e excruciantes, pode ser escavado e rasgado atrav\u00e9s de arados de disco.\u00a0<\/span>Ao fazer isso, o solo irregular fica livre de aglomerados de solo duro do solo anterior.\u00a0Esses implementos agr\u00edcolas montados em trator podem ser facilmente acoplados ou desconectados do trator compat\u00edvel.\u00a0Para o solo seco e irregular dos campos agr\u00edcolas mo\u00e7ambicanos, os seus agricultores usaram caracteristicamente este instrumento agr\u00edcola para lavoura profunda.<\/p>\n<h2>Caracter\u00edsticas proeminentes<\/h2>\n<ul>\n<li>Econ\u00f4mico e dur\u00e1vel.<\/li>\n<li>A roda sulcadora traseira \u00e9 carregada com mola.<\/li>\n<li>F\u00e1cil de usar e baixo custo de manuten\u00e7\u00e3o.<\/li>\n<li>Para uma limpeza adequada, s\u00e3o fornecidos raspadores de disco ajust\u00e1veis.<\/li>\n<li>A liga\u00e7\u00e3o do gato I e II est\u00e1 dispon\u00edvel.<\/li>\n<li>Nos cubos de disco, existem rolamentos de rolos c\u00f4nicos relubrific\u00e1veis.<\/li>\n<li>Exporte material de qualidade.<\/li>\n<li>\u00c9 verificado sob verifica\u00e7\u00e3o ISO 9001.<\/li>\n<\/ul>\n<h2>Caracter\u00edsticas t\u00e9cnicas<\/h2>\n<ul>\n<li>50 HP \u00e9 a fonte de energia necess\u00e1ria para compatibilidade com o trator.<\/li>\n<li>A estrutura \u00e9 composta por tubo tubular de a\u00e7o sem costura.<\/li>\n<li>Rolamentos de rolos c\u00f4nicos.<\/li>\n<li>O n\u00famero de discos \u00e9 da ordem de 2,3,4,5,6.<\/li>\n<\/ul>\n<p><span class=\"VIpgJd-yAWNEb-VIpgJd-fmcmS-sn54Q\">Tractors.com.mz \u00e9 um revendedor de tratores muito proeminente e renomado\u00a0<\/span><span class=\"VIpgJd-yAWNEb-VIpgJd-fmcmS-sn54Q\">em Mo\u00e7ambique<\/span><span class=\"VIpgJd-yAWNEb-VIpgJd-fmcmS-sn54Q\">\u00a0, fornecendo aos agricultores mo\u00e7ambicanos in\u00fameras solu\u00e7\u00f5es agr\u00edcolas para escolher para atender \u00e0s suas crescentes necessidades agr\u00edcolas.\u00a0<\/span>Voc\u00ea pode encontrar arados de disco competitivos de tamanhos vari\u00e1veis \u200b\u200bexclusivamente na Tractors Mo\u00e7ambique e organizar sua escava\u00e7\u00e3o.<\/p>\n","protected":false},"excerpt":{"rendered":"<p><strong>Especifica\u00e7\u00e3o do arado de disco<\/strong><br \/>\ndispon\u00edvel de 2 a 5 discos<br \/>\nPESO 550<br \/>\nLARGURA DE TRABALHO 990MM<br \/>\nPROFUNDIDADE DE TRABALHO 250MM<br \/>\nALTURA 1235MMh<br \/>\nCOMPRIMENTO 2130MM<br \/>\nPOT\u00caNCIA REQUER 85HP EM DIANTE<\/p>\n","protected":false},"featured_media":1749,"template":"","meta":[],"product_brand":[],"product_cat":[22],"product_tag":[],"class_list":{"0":"post-396","1":"product","2":"type-product","3":"status-publish","4":"has-post-thumbnail","6":"product_cat-implementos-agricolas","8":"first","9":"instock","10":"product-type-simple"},"aioseo_notices":[],"_links":{"self":[{"href":"https:\/\/www.tractors.co.mz\/pt\/wp-json\/wp\/v2\/product\/396","targetHints":{"allow":["GET"]}}],"collection":[{"href":"https:\/\/www.tractors.co.mz\/pt\/wp-json\/wp\/v2\/product"}],"about":[{"href":"https:\/\/www.tractors.co.mz\/pt\/wp-json\/wp\/v2\/types\/product"}],"wp:featuredmedia":[{"embeddable":true,"href":"https:\/\/www.tractors.co.mz\/pt\/wp-json\/wp\/v2\/media\/1749"}],"wp:attachment":[{"href":"https:\/\/www.tractors.co.mz\/pt\/wp-json\/wp\/v2\/media?parent=396"}],"wp:term":[{"taxonomy":"product_brand","embeddable":true,"href":"https:\/\/www.tractors.co.mz\/pt\/wp-json\/wp\/v2\/product_brand?post=396"},{"taxonomy":"product_cat","embeddable":true,"href":"https:\/\/www.tractors.co.mz\/pt\/wp-json\/wp\/v2\/product_cat?post=396"},{"taxonomy":"product_tag","embeddable":true,"href":"https:\/\/www.tractors.co.mz\/pt\/wp-json\/wp\/v2\/product_tag?post=396"}],"curies":[{"name":"wp","href":"https:\/\/api.w.org\/{rel}","templated":true}]}}