{"id":395,"date":"2021-06-16T08:57:00","date_gmt":"2021-06-16T08:57:00","guid":{"rendered":"https:\/\/www.tractors.co.ug\/product\/massey-ferguson-mf-375-4wd-75hp-tractors\/"},"modified":"2023-11-30T07:56:44","modified_gmt":"2023-11-30T07:56:44","slug":"massey-ferguson-mf-375-4wd-75hp-tratores","status":"publish","type":"product","link":"https:\/\/www.tractors.co.mz\/pt\/product\/massey-ferguson-mf-375-4wd-75hp-tratores\/","title":{"rendered":"Trator Massey Ferguson MF-375 4WD 75hp em Mo\u00e7ambique"},"content":{"rendered":"<p><iframe loading=\"lazy\" title=\"YouTube video player\" src=\"https:\/\/www.youtube.com\/embed\/GFa31gPM8G0\" width=\"100%\" height=\"\" frameborder=\"0\" allowfullscreen=\"allowfullscreen\"><\/iframe><\/p>\n<h2>Tratores Mo\u00e7ambique \u00e9 onde voc\u00ea encontrar\u00e1 o que procura<\/h2>\n<p>Os agricultores procuram constantemente melhorar a sua colheita para reduzir os seus custos, tempo e esfor\u00e7o.\u00a0Bem, temos o equipamento agr\u00edcola certo para fazer isso acontecer.\u00a0Na Tractors Mo\u00e7ambique poder\u00e1 encontrar diversas m\u00e1quinas agr\u00edcolas de acordo com as suas necessidades.\u00a0Actualmente, oferecemos tractores em Mo\u00e7ambique da Massey Fergusson, New Holland e tractores Massive.\u00a0Para verificar os nossos novos tractores \u00e0 venda, pode visitar o nosso website\u00a0<a href=\"http:\/\/www.tractors.co.mz\/pt\/\">www.tractors.co.mz\/pt\/<\/a>\u00a0.<\/p>\n<p>Os nossos\u00a0<a href=\"https:\/\/www.tractors.co.mz\/pt\/product-category\/tratores\/massey-ferguson\/\"><strong>tractores Massey Ferguson em Mo\u00e7ambique<\/strong><\/a>\u00a0s\u00e3o gratificantes porque aumentam a produtividade ao reduzir a necessidade de trabalho manual, monitorizando a sa\u00fade da vegeta\u00e7\u00e3o e aumentando a produ\u00e7\u00e3o e a precis\u00e3o das colheitas.\u00a0Com nossos tratores Massey Ferguson \u00e0 venda, voc\u00ea pode obter esses benef\u00edcios.<\/p>\n<h2>Com a nossa empresa Massey Ferguson em Mo\u00e7ambique, voc\u00ea pode expandir o seu equipamento agr\u00edcola<\/h2>\n<p>Para si, temos um Massey Ferguson totalmente novo em Mo\u00e7ambique.\u00a0Isto \u00e9 favor\u00e1vel para os nossos agricultores porque a Massey Ferguson \u00e9 a maior empresa de tratores do mundo.\u00a0Este fabricante l\u00edder de m\u00e1quinas agr\u00edcolas \u00e9 conhecido pela resist\u00eancia e confiabilidade de seus produtos.\u00a0A adaptabilidade e manuten\u00e7\u00e3o dos produtos tornam a Massey Ferguson mais desej\u00e1vel para agricultores de todo o mundo.<\/p>\n<p>Outras coisas que tornam esta marca mais atraente s\u00e3o a sua ampla gama, transmiss\u00f5es inovadoras e motores dedicados.\u00a0A nossa empresa de tratores em Mo\u00e7ambique fornece v\u00e1rios tratores da Massey Ferguson, incluindo MF-375, MF-385, MF-385, MF-375, MF-360, MF-260 e MF-240.\u00a0Todos esses tratores possuem pe\u00e7as constru\u00eddas em a\u00e7o o que os torna duradouros sem perder estabilidade e conforto.\u00a0Tamb\u00e9m temos tratores Massey Ferguson \u00e0 venda para serem econ\u00f4micos para nossos clientes.<\/p>\n<h2>O MF-375 4WD est\u00e1 aqui para lhe dar a precis\u00e3o para melhores rendimentos<\/h2>\n<p>O MF-375 \u00e9 um trator potente com motor diesel de 75 cavalos e torque a 1.400 rpm de 290 Nm.\u00a0Possui um eficaz sistema de freios multidisco imersos em \u00f3leo que \u00e9 operado hidraulicamente, juntamente com far\u00f3is e indicadores aprimorados e \u00e9 movido por dire\u00e7\u00e3o hidrost\u00e1tica.\u00a0Este trator possui 4 cilindros com tecnologia de termostato de inje\u00e7\u00e3o direta em linha, embreagem dupla e resfriador de \u00f3leo refrigerado a \u00e1gua.<\/p>\n<p>O peso bruto deste trator \u00e9 de 2.295 kg, enquanto a dist\u00e2ncia entre eixos \u00e9 de 2.170 mm, o comprimento total \u00e9 de 3.670 mm e a largura \u00e9 de 1.970 mm.\u00a0Possui um grande tanque de combust\u00edvel com capacidade de 108 litros que permite uma quilometragem duradoura possibilitando trabalhar por mais horas nas tarefas.\u00a0As 10 marchas do MF-375 permitem trabalhar em situa\u00e7\u00f5es dif\u00edceis.<\/p>\n<p>Sua caracter\u00edstica not\u00e1vel \u00e9 o baixo ru\u00eddo do motor, o que o torna bastante popular.\u00a0Este ru\u00eddo reduzido resulta em menos perturba\u00e7\u00f5es e, portanto, em melhores condi\u00e7\u00f5es de trabalho.\u00a0O que aumenta a procura deste trator \u00e9 a sua compet\u00eancia em termos de combust\u00edvel.\u00a0Outros atributos eminentes s\u00e3o o eixo dianteiro e suporte refor\u00e7ados, conjunto de arn\u00eas aprimorado com mangas termorretr\u00e1teis e acopladores \u00e0 prova d&#8217;\u00e1gua.\u00a0A Massey Ferguson sempre trabalhou para melhorar o conforto dos agricultores e, portanto, este trator possui um novo assento de luxo com suspens\u00e3o de molas e um volante inteligente para reduzir o esfor\u00e7o de dire\u00e7\u00e3o.<\/p>\n<p>O sistema hidr\u00e1ulico MF-375 tem capacidade de eleva\u00e7\u00e3o de 2.145 kg e vaz\u00e3o m\u00e1xima de \u00f3leo de 16,7 litros\/min.\u00a0Ele tamb\u00e9m realiza controle de tiragem, controle de posi\u00e7\u00e3o, controle de resposta e bombeamento cont\u00ednuo.\u00a0Para agricultores que se preocupam com o meio ambiente, este trator possui qualidades ecol\u00f3gicas e, ao mesmo tempo, \u00e9 econ\u00f4mico por natureza.<\/p>\n<p>O nosso neg\u00f3cio \u00e9 capaz de satisfazer as necessidades dos agricultores em Mo\u00e7ambique, fornecendo-lhes os tractores e m\u00e1quinas agr\u00edcolas que desejam a pre\u00e7os competitivos.\u00a0Para encomendar um trator online, acesse\u00a0<a href=\"http:\/\/www.tractors.co.mz\/pt\/\">www.tractors.co.mz\/pt\/<\/a>\u00a0em nosso site.\u00a0Voc\u00ea tamb\u00e9m pode entrar em contato com nossa equipe de vendas, que lhe dar\u00e1 todos os detalhes necess\u00e1rios para adquirir o hardware necess\u00e1rio.<\/p>\n","protected":false},"excerpt":{"rendered":"<p><span class=\"\">Modelo \/ Tipo: Massey Ferguson 375 4WD<\/span><br \/>\n<span class=\"\">Pot\u00eancia: 75 HP<\/span><br \/>\n<span class=\"\">Transmiss\u00e3o: Manual<\/span><br \/>\n<span class=\"\">Motor: 4.41D<\/span><br \/>\n<span class=\"\">N\u00ba de cilindros: 4<\/span><br \/>\n<span class=\"\">Caixa de velocidades: 8 \u00e0 frente, 2 \u00e0 r\u00e9<\/span><br \/>\n<span class=\"\">Trav\u00f5es: multidisco imersos em \u00f3leo<\/span><br \/>\n<span class=\"\">Capacidade m\u00e1xima de eleva\u00e7\u00e3o: 2.145 kg<\/span><br \/>\n<span class=\"\">Cor: Vermelho<\/span><\/p>\n<p>Extras:<\/p>\n<p>Controle de posi\u00e7\u00e3o hidr\u00e1ulica,<br \/>\nalta pot\u00eancia de tomada de for\u00e7a,<br \/>\nassento com suspens\u00e3o por mola<\/p>\n","protected":false},"featured_media":1416,"template":"","meta":[],"product_brand":[],"product_cat":[21,28],"product_tag":[],"class_list":{"0":"post-395","1":"product","2":"type-product","3":"status-publish","4":"has-post-thumbnail","6":"product_cat-massey-ferguson","7":"product_cat-tratores","9":"first","10":"instock","11":"product-type-simple"},"aioseo_notices":[],"_links":{"self":[{"href":"https:\/\/www.tractors.co.mz\/pt\/wp-json\/wp\/v2\/product\/395","targetHints":{"allow":["GET"]}}],"collection":[{"href":"https:\/\/www.tractors.co.mz\/pt\/wp-json\/wp\/v2\/product"}],"about":[{"href":"https:\/\/www.tractors.co.mz\/pt\/wp-json\/wp\/v2\/types\/product"}],"wp:featuredmedia":[{"embeddable":true,"href":"https:\/\/www.tractors.co.mz\/pt\/wp-json\/wp\/v2\/media\/1416"}],"wp:attachment":[{"href":"https:\/\/www.tractors.co.mz\/pt\/wp-json\/wp\/v2\/media?parent=395"}],"wp:term":[{"taxonomy":"product_brand","embeddable":true,"href":"https:\/\/www.tractors.co.mz\/pt\/wp-json\/wp\/v2\/product_brand?post=395"},{"taxonomy":"product_cat","embeddable":true,"href":"https:\/\/www.tractors.co.mz\/pt\/wp-json\/wp\/v2\/product_cat?post=395"},{"taxonomy":"product_tag","embeddable":true,"href":"https:\/\/www.tractors.co.mz\/pt\/wp-json\/wp\/v2\/product_tag?post=395"}],"curies":[{"name":"wp","href":"https:\/\/api.w.org\/{rel}","templated":true}]}}