{"id":394,"date":"2021-06-16T08:57:00","date_gmt":"2021-06-16T08:57:00","guid":{"rendered":"https:\/\/www.tractors.co.ug\/product\/massey-ferguson-mf-385-4wd-85hp-tractors\/"},"modified":"2023-11-30T07:59:13","modified_gmt":"2023-11-30T07:59:13","slug":"massey-ferguson-mf-385-4wd-85hp-tratores","status":"publish","type":"product","link":"https:\/\/www.tractors.co.mz\/pt\/product\/massey-ferguson-mf-385-4wd-85hp-tratores\/","title":{"rendered":"Trator Massey Ferguson MF-385 4WD 85hp em Mo\u00e7ambique"},"content":{"rendered":"<p><iframe loading=\"lazy\" title=\"YouTube video player\" src=\"https:\/\/www.youtube.com\/embed\/3BZnWNHk03M\" width=\"100%\" height=\"\" frameborder=\"0\" allowfullscreen=\"allowfullscreen\"><\/iframe><\/p>\n<p>&nbsp;<\/p>\n<p>Os tratores Massey Ferguson\u00a0est\u00e3o entre as marcas de tratores mais vendidas no mercado global.\u00a0Esses tratores s\u00e3o \u00fanicos em termos de durabilidade, pois s\u00e3o resistentes ao desgaste e, portanto, podem servir por muito tempo sem afetar a credibilidade das opera\u00e7\u00f5es.\u00a0Al\u00e9m disso, esses tratores s\u00e3o de baixa manuten\u00e7\u00e3o e f\u00e1ceis de operar, por isso s\u00e3o muito populares no nicho agr\u00edcola.\u00a0Al\u00e9m disso, seu invent\u00e1rio \u00e9 bastante not\u00e1vel e enorme, atendendo aos agricultores da cidade, aos procedimentos militares e \u00e0s opera\u00e7\u00f5es comerciais e industriais.\u00a0Quanto a todas estas qualidades, os Tratores Massey Ferguson s\u00e3o inegavelmente, at\u00e9 agora, o melhor investimento vital\u00edcio que qualquer agricultor pode imaginar.\u00a0A Tractors Mo\u00e7ambique \u00e9 amiga dos agricultores em Mo\u00e7ambique, pois comercializamos apenas tratores de primeira qualidade.<\/p>\n<h2>Por que os agricultores escolhem os tratores Massey Ferguson?<\/h2>\n<p>Os agricultores em Mo\u00e7ambique podem escolher entre uma vasta gama de especifica\u00e7\u00f5es e caracter\u00edsticas.\u00a0Nossos diversos tratores Massey Ferguson v\u00eam em diferentes tamanhos e faixas de pot\u00eancia, bem como em 2WD e 4WD.\u00a0Estes tractores s\u00e3o a escolha ideal para as explora\u00e7\u00f5es agr\u00edcolas mo\u00e7ambicanas devido \u00e0 sua compacta\u00e7\u00e3o.<\/p>\n<h2>Somos um dos revendedores mais confi\u00e1veis \u200b\u200bdo pa\u00eds<\/h2>\n<p>Somos uma\u00a0<a href=\"https:\/\/www.tractors.co.mz\/pt\/sobre-nos\/\"><strong>empresa de Tratores Massey Ferguson em Mo\u00e7ambique<\/strong><\/a>\u00a0, orientando o neg\u00f3cio de tratores e atendendo uma infinidade de clientes com implementos agr\u00edcolas vers\u00e1teis de qualidade e tratores importados.\u00a0Somos uma fam\u00edlia que observa uma enorme afinidade entre a nossa equipa diligentemente esfor\u00e7ada e os nossos agricultores globais.\u00a0Nosso estoque consiste nos eminentes tratores Massey Ferguson e sua linha associada de implementos agr\u00edcolas a pre\u00e7os acess\u00edveis.\u00a0Mantemos o mais alto padr\u00e3o de qualidade para manter o padr\u00e3o de compet\u00eancia.\u00a0Nossos implementos agr\u00edcolas em Mo\u00e7ambique s\u00e3o f\u00e1ceis de operar e atendem com perfei\u00e7\u00e3o a \u00e9tica agr\u00edcola.<\/p>\n<p>Entre em contato conosco agora e explore nossa linha premium de tratores e implementos agr\u00edcolas Massey Ferguson.\u00a0Um trator t\u00e3o cativante \u00e9 o Massey Ferguson MF-385 4WD com 85 cavalos de pot\u00eancia.<\/p>\n<h2>Caracter\u00edsticas importantes dos tratores Massey Ferguson MF-385 4WD 85 HP<\/h2>\n<p>Um motor Perkins de 3 cilindros alimenta os tratores Massey Ferguson MF 385 2WD.\u00a0A caixa mec\u00e2nica de 62 cavalos possui sistema de engate sincronizado.\u00a0Ter um reversor permite que voc\u00ea escolha entre um total de doze marchas diferentes em r\u00e9.\u00a0Potentes 70 cv com um m\u00e1ximo de 268 Nm de torque a 1.400 rota\u00e7\u00f5es por minuto com quatro cilindros e 3.860 cm3 de cilindrada, uma transmiss\u00e3o reversa sincronizada \u00e9 o m\u00e9todo de transmiss\u00e3o preferido.\u00a0Avan\u00e7ar e avan\u00e7ar: porcentagem de p\u00e1ginas impressas em 12 segundos: 54% Capacidade de 108 litros.<\/p>\n<p>Existem duas dist\u00e2ncias entre eixos padr\u00e3o: 2,28 metros para duas rodas traseiras e 2,35 metros para duas rodas dianteiras (4 RM). As cabines equipadas com Wifi t\u00eam altura m\u00e1xima de 2,54 m (2,65 m \u00e9 a altura da cabine).\u00a0Duas rodas: 3.153 kg (2 RM) \/ 3.458 kg (4 RM).\u00a0Os pequenos agricultores podem adquirir estes tratores, uma vez que s\u00e3o baratos e f\u00e1ceis de manter.<\/p>\n<p>Ponha as m\u00e3os neste cavalo poderoso entrando em contato conosco.<\/p>\n","protected":false},"excerpt":{"rendered":"<p>Modelo \/ Tipo: Massey Ferguson 385 4WD<br \/>\nPot\u00eancia: 85 HP<br \/>\nTransmiss\u00e3o: Manual<br \/>\nMotor: 4.1D<br \/>\nCor: Vermelho<\/p>\n<p>Extras:<\/p>\n<p>Suspens\u00e3o alta\u00a0hidr\u00e1ulica da mola do poder do PTO do controle<br \/>\nde posi\u00e7\u00e3o assento de luxo,<\/p>\n","protected":false},"featured_media":1443,"template":"","meta":[],"product_brand":[],"product_cat":[21,28],"product_tag":[],"class_list":{"0":"post-394","1":"product","2":"type-product","3":"status-publish","4":"has-post-thumbnail","6":"product_cat-massey-ferguson","7":"product_cat-tratores","9":"first","10":"instock","11":"product-type-simple"},"aioseo_notices":[],"_links":{"self":[{"href":"https:\/\/www.tractors.co.mz\/pt\/wp-json\/wp\/v2\/product\/394","targetHints":{"allow":["GET"]}}],"collection":[{"href":"https:\/\/www.tractors.co.mz\/pt\/wp-json\/wp\/v2\/product"}],"about":[{"href":"https:\/\/www.tractors.co.mz\/pt\/wp-json\/wp\/v2\/types\/product"}],"wp:featuredmedia":[{"embeddable":true,"href":"https:\/\/www.tractors.co.mz\/pt\/wp-json\/wp\/v2\/media\/1443"}],"wp:attachment":[{"href":"https:\/\/www.tractors.co.mz\/pt\/wp-json\/wp\/v2\/media?parent=394"}],"wp:term":[{"taxonomy":"product_brand","embeddable":true,"href":"https:\/\/www.tractors.co.mz\/pt\/wp-json\/wp\/v2\/product_brand?post=394"},{"taxonomy":"product_cat","embeddable":true,"href":"https:\/\/www.tractors.co.mz\/pt\/wp-json\/wp\/v2\/product_cat?post=394"},{"taxonomy":"product_tag","embeddable":true,"href":"https:\/\/www.tractors.co.mz\/pt\/wp-json\/wp\/v2\/product_tag?post=394"}],"curies":[{"name":"wp","href":"https:\/\/api.w.org\/{rel}","templated":true}]}}