{"id":393,"date":"2021-06-16T08:57:00","date_gmt":"2021-06-16T08:57:00","guid":{"rendered":"https:\/\/www.tractors.co.ug\/product\/massey-ferguson-mf-385-2wd-85hp-tractors\/"},"modified":"2023-11-30T07:58:34","modified_gmt":"2023-11-30T07:58:34","slug":"massey-ferguson-mf-385-2wd-85hp-tratores","status":"publish","type":"product","link":"https:\/\/www.tractors.co.mz\/pt\/product\/massey-ferguson-mf-385-2wd-85hp-tratores\/","title":{"rendered":"Trator Massey Ferguson MF-385 2WD 85hp em Mo\u00e7ambique"},"content":{"rendered":"<p><iframe loading=\"lazy\" title=\"YouTube video player\" src=\"https:\/\/www.youtube.com\/embed\/vOKYPJG7fvE\" width=\"100%\" height=\"\" frameborder=\"0\" allowfullscreen=\"allowfullscreen\"><\/iframe><\/p>\n<p>Mo\u00e7ambique \u00e9 um pa\u00eds predominantemente agr\u00edcola.\u00a0A agricultura representa uma percentagem significativa da economia do pa\u00eds.\u00a0O pa\u00eds \u00e9 conhecido pelo seu enorme potencial agr\u00edcola e excepcional fertilidade do solo.\u00a0Apesar de a agricultura ser a espinha dorsal de Mo\u00e7ambique, o sector agr\u00edcola do pa\u00eds ainda n\u00e3o atingiu o seu pleno potencial, o que \u00e9 prejudicado devido a m\u00e9todos e t\u00e9cnicas agr\u00edcolas desatualizados.<\/p>\n<p>A \u00fanica solu\u00e7\u00e3o que me vem \u00e0 mente para melhorar as condi\u00e7\u00f5es agr\u00edcolas de Mo\u00e7ambique \u00e9 a mecaniza\u00e7\u00e3o da ind\u00fastria.\u00a0Para transformar a agricultura em Mo\u00e7ambique e ressuscitar a economia, novas tecnologias devem ser adoptadas.\u00a0Os tractores Massey Ferguson 385 2WD s\u00e3o a solu\u00e7\u00e3o adequada para todos os problemas agr\u00edcolas de Mo\u00e7ambique.<\/p>\n<h2>Tractors Mo\u00e7ambique \u00e9 o seu revendedor de tratores em Mo\u00e7ambique<\/h2>\n<p>A Tractors Mo\u00e7ambique \u00e9 orgulhosamente o principal\u00a0<a href=\"https:\/\/www.tractors.co.mz\/pt\/sobre-nos\/\"><strong>revendedor de tratores novos em Mo\u00e7ambique<\/strong><\/a>\u00a0e fornecedor de tratores Massey Ferguson novos para venda em Mo\u00e7ambique.\u00a0Somos especializados em fornecer aos agricultores em Mo\u00e7ambique os melhores e mais modernos equipamentos agr\u00edcolas para venda, para a agricultura moderna em Mo\u00e7ambique.\u00a0O nosso objectivo \u00e9 impulsionar a economia de Mo\u00e7ambique e contribuir para ela atrav\u00e9s da introdu\u00e7\u00e3o de tractores de excelente qualidade para exporta\u00e7\u00e3o do Paquist\u00e3o e de alfaias agr\u00edcolas para venda para uma agricultura eficiente.\u00a0O nosso equipamento agr\u00edcola \u00e0 venda n\u00e3o s\u00f3 ajudar\u00e1 a fazer crescer a economia, mas tamb\u00e9m resultar\u00e1 em excelentes produ\u00e7\u00f5es agr\u00edcolas em Mo\u00e7ambique.\u00a0Os nossos produtos s\u00e3o de f\u00e1cil manuten\u00e7\u00e3o e s\u00e3o a escolha preferida de todos os agricultores em Mo\u00e7ambique.\u00a0Fornecemos cada um dos nossos produtos a um pre\u00e7o extremamente competitivo e com desconto para os agricultores em Mo\u00e7ambique.<\/p>\n<h2>Caracter\u00edsticas distintas dos tratores Massey Ferguson MF-385 85 HP<\/h2>\n<p>O Trator Massey Ferguson 385 2WD \u00e9 um trator de baixo consumo de combust\u00edvel.\u00a0\u00c9 um trator polivalente e multifuncional que apresenta um desempenho muito elevado.\u00a0A melhor queima de combust\u00edvel do Massey Ferguson 385 2WD resulta na emiss\u00e3o de menor quantidade de fuma\u00e7a.\u00a0O Massey Ferguson 385 oferece uma opera\u00e7\u00e3o muito eficiente de po\u00e7os tubulares, motivadores e debulhadores devido \u00e0 sua alta pot\u00eancia de tomada de for\u00e7a.\u00a0Ele vem com freios a disco imersos em \u00f3leo eficientes.\u00a0Massey Ferguson possui assento de luxo com suspens\u00e3o de molas que proporciona grande conforto.\u00a0Massey Ferguson MF 385 2WD possui forte poder de tra\u00e7\u00e3o e dire\u00e7\u00e3o hidr\u00e1ulica.\u00a0Para lidar com problemas de combust\u00edvel, ele vem com um tanque de combust\u00edvel de alta capacidade.\u00a0\u00c9 muito econ\u00f4mico em sua faixa de pre\u00e7o e possui m\u00faltiplas fun\u00e7\u00f5es adicionais que seus concorrentes.<\/p>\n<h2>Como a utiliza\u00e7\u00e3o do tractor Massey Ferguson MF-385 de 85 CV poderia beneficiar os agricultores de Mo\u00e7ambique<\/h2>\n<p>Tratores Mo\u00e7ambique \u00e9 o principal fornecedor e revendedor de tratores do pa\u00eds para os novos tratores Massey Ferguson 385 2WD.\u00a0O Trator Massey Ferguson 385 2WD \u00e9 um trator agr\u00edcola popular em Mo\u00e7ambique porque pode ser usado para lavoura agr\u00edcola em grande escala, irriga\u00e7\u00e3o com \u00e1gua e at\u00e9 mesmo para transporte de grandes cargas.\u00a0Em Mo\u00e7ambique, este tractor agr\u00edcola \u00e9 a melhor op\u00e7\u00e3o para a agricultura moderna.<\/p>\n<p>O Massey Ferguson 385 2WD \u00e9 um potente trator agr\u00edcola \u00e0 venda em Mo\u00e7ambique e uma excelente m\u00e1quina com motor diesel de alto desempenho e baixo ru\u00eddo.\u00a0O trator agr\u00edcola Massey Ferguson 385 2WD \u00e9 um trator agr\u00edcola f\u00e1cil de operar e de f\u00e1cil manuten\u00e7\u00e3o, o que significa que \u00e9 a escolha ideal para a agricultura em Mo\u00e7ambique.<\/p>\n<p>Contate-nos o mais cedo poss\u00edvel para comprar\u00a0conosco seus\u00a0tratores Massey Ferguson favoritos para ter uma chance melhor a pre\u00e7os consideravelmente baixos<strong>.<\/strong><\/p>\n","protected":false},"excerpt":{"rendered":"<p>Modelo \/ Tipo: Massey Ferguson MF 385<br \/>\nPot\u00eancia: 85 HP<br \/>\nTransmiss\u00e3o: Manual<br \/>\nMotor: 4.1D<br \/>\nCondi\u00e7\u00e3o: Novo<\/p>\n<p>Extras:<\/p>\n<p>Suspens\u00e3o alta\u00a0hidr\u00e1ulica da mola do poder do PTO do controle<br \/>\nde posi\u00e7\u00e3o assento de luxo<\/p>\n","protected":false},"featured_media":1437,"template":"","meta":[],"product_brand":[],"product_cat":[21,28],"product_tag":[],"class_list":{"0":"post-393","1":"product","2":"type-product","3":"status-publish","4":"has-post-thumbnail","6":"product_cat-massey-ferguson","7":"product_cat-tratores","9":"first","10":"instock","11":"product-type-simple"},"aioseo_notices":[],"_links":{"self":[{"href":"https:\/\/www.tractors.co.mz\/pt\/wp-json\/wp\/v2\/product\/393","targetHints":{"allow":["GET"]}}],"collection":[{"href":"https:\/\/www.tractors.co.mz\/pt\/wp-json\/wp\/v2\/product"}],"about":[{"href":"https:\/\/www.tractors.co.mz\/pt\/wp-json\/wp\/v2\/types\/product"}],"wp:featuredmedia":[{"embeddable":true,"href":"https:\/\/www.tractors.co.mz\/pt\/wp-json\/wp\/v2\/media\/1437"}],"wp:attachment":[{"href":"https:\/\/www.tractors.co.mz\/pt\/wp-json\/wp\/v2\/media?parent=393"}],"wp:term":[{"taxonomy":"product_brand","embeddable":true,"href":"https:\/\/www.tractors.co.mz\/pt\/wp-json\/wp\/v2\/product_brand?post=393"},{"taxonomy":"product_cat","embeddable":true,"href":"https:\/\/www.tractors.co.mz\/pt\/wp-json\/wp\/v2\/product_cat?post=393"},{"taxonomy":"product_tag","embeddable":true,"href":"https:\/\/www.tractors.co.mz\/pt\/wp-json\/wp\/v2\/product_tag?post=393"}],"curies":[{"name":"wp","href":"https:\/\/api.w.org\/{rel}","templated":true}]}}