{"id":392,"date":"2021-06-16T08:57:00","date_gmt":"2021-06-16T08:57:00","guid":{"rendered":"https:\/\/www.tractors.co.ug\/product\/massey-ferguson-mf-375-75hp-tractors\/"},"modified":"2023-11-30T07:57:51","modified_gmt":"2023-11-30T07:57:51","slug":"massey-ferguson-mf-375-75hp-tratores","status":"publish","type":"product","link":"https:\/\/www.tractors.co.mz\/pt\/product\/massey-ferguson-mf-375-75hp-tratores\/","title":{"rendered":"Trator Massey Ferguson MF-375 75hp em Mo\u00e7ambique"},"content":{"rendered":"<p><iframe loading=\"lazy\" title=\"YouTube video player\" src=\"https:\/\/www.youtube.com\/embed\/bCHEe67fRos\" width=\"100%\" height=\"\" frameborder=\"0\" allowfullscreen=\"allowfullscreen\"><span data-mce-type=\"bookmark\" style=\"display: inline-block; width: 0px; overflow: hidden; line-height: 0;\" class=\"mce_SELRES_start\">\ufeff<\/span><\/iframe><\/p>\n<p>O objectivo da Tractors Mo\u00e7ambique \u00e9 proteger as pessoas e o ambiente, ao mesmo tempo que melhora as condi\u00e7\u00f5es de trabalho, a seguran\u00e7a e o desempenho na economia agr\u00edcola de Mo\u00e7ambique atrav\u00e9s da Tractors Mo\u00e7ambique.\u00a0\u00c9 a inova\u00e7\u00e3o e a cria\u00e7\u00e3o de valor da Tractors Mo\u00e7ambique que ilustra o seu compromisso com o desenvolvimento, mudan\u00e7a e mecaniza\u00e7\u00e3o da ind\u00fastria agr\u00edcola de Mo\u00e7ambique.\u00a0Desta forma, a Tractors Mo\u00e7ambique demonstra a sua dedica\u00e7\u00e3o ao desenvolvimento, transforma\u00e7\u00e3o e automa\u00e7\u00e3o do sector agr\u00edcola de Mo\u00e7ambique.\u00a0Os tractores Massey Ferguson para venda e as m\u00e1quinas agr\u00edcolas paquistanesas est\u00e3o dispon\u00edveis em Mo\u00e7ambique atrav\u00e9s da Tractors Mo\u00e7ambique, um revendedor autorizado de ambas as marcas.\u00a0No campo,\u00a0<a href=\"https:\/\/www.tractors.co.mz\/pt\/product-category\/tratores\/massey-ferguson\/\"><strong>os tractores Massey Ferguson em Mo\u00e7ambique existentes<\/strong><\/a>\u00a0no mercado s\u00e3o muito eficazes, apesar do seu pequeno peso e f\u00e1cil opera\u00e7\u00e3o.<\/p>\n<p>Uma das marcas mais conhecidas em Mo\u00e7ambique \u00e9 a Massey Ferguson, que pode ser adquirida na Tractors Mo\u00e7ambique.\u00a0Os agricultores do mundo de hoje desejam que as suas m\u00e1quinas agr\u00edcolas sejam mais eficientes e tenham o n\u00edvel necess\u00e1rio de automa\u00e7\u00e3o, e os tratores Massey Ferguson para venda reagiram a esta necessidade fabricando uma ampla variedade de tratores agr\u00edcolas para atender \u00e0s necessidades.\u00a0Quando a principal ind\u00fastria de um pa\u00eds \u00e9 a agricultura, como acontece em Mo\u00e7ambique, a adop\u00e7\u00e3o de pr\u00e1ticas agr\u00edcolas contempor\u00e2neas tem um impacto significativo no n\u00edvel de desenvolvimento econ\u00f3mico da na\u00e7\u00e3o.\u00a0A Tractors Mo\u00e7ambique tem a admir\u00e1vel caracter\u00edstica de nunca baixar os seus padr\u00f5es de excel\u00eancia de produto.\u00a0A Tractors Mo\u00e7ambique tem uma vasta gama de configura\u00e7\u00f5es de tractores \u00e0 escolha, todas elas podendo ser modificadas para se adequarem \u00e0s necessidades de cada cliente.<\/p>\n<h2>Massey Ferguson MF375 75 cv<\/h2>\n<p>O mercado de Mo\u00e7ambique \u00e9 adequado para a venda de tratores Massey Ferguson de 75 cavalos de pot\u00eancia.\u00a0Por exemplo, o Massey Ferguson MF375 com 75 cavalos de pot\u00eancia \u00e9 conhecido pela sua fiabilidade devido ao seu desempenho consistente e excelente qualidade.\u00a0Tem o motor mais silencioso do mercado.\u00a0Um dos fabricantes de tratores com melhor custo-benef\u00edcio \u00e9 a Massey Ferguson.\u00a0\u00c9 poss\u00edvel que este trator atenda \u00e0s necessidades de cada agricultor.\u00a0Em termos de dire\u00e7\u00e3o, este carro possui o melhor sistema de transmiss\u00e3o hidrost\u00e1tico dispon\u00edvel.\u00a0Atualmente, o Massey Ferguson MF375 75cv \u00e9 o maior trator dispon\u00edvel para compra.<\/p>\n<p>Pela sua versatilidade, os tratores MF375 de 75 CV s\u00e3o capazes de preparar o solo para o plantio, transportar culturas e preparar grandes \u00e1reas para horticultura e animais.\u00a0Os clientes dos tratores Massey Ferguson \u00e0 venda t\u00eam a op\u00e7\u00e3o de adquirir m\u00e1quinas que requerem pouca manuten\u00e7\u00e3o ou um pacote de mecaniza\u00e7\u00e3o abrangente e dur\u00e1vel.<\/p>\n<h2>Porque \u00e9 que o Massey Ferguson MF375 75cv \u00e9 adequado para os agricultores de Mo\u00e7ambique?<\/h2>\n<p>Em Mo\u00e7ambique, os tratores Massey Ferguson \u00e0 venda MF375-75hp s\u00e3o altamente considerados um dos maiores tratores \u00e0 venda.\u00a0Devido ao seu desempenho consistente, os motores deste trator, que t\u00eam uma pot\u00eancia m\u00e1xima de 75 cavalos, s\u00e3o confi\u00e1veis \u200b\u200be muito eficazes.\u00a0Isso garante que o trator durar\u00e1 muito tempo.\u00a0Em termos de refinamento do motor, \u00e9 o melhor do ramo.\u00a0Os tratores Massey Ferguson em Mo\u00e7ambique MF 375-75hp s\u00e3o os tratores mais produtivos pelo seu dinheiro.\u00a0Tudo o que um agricultor precisa em um trator pode ser encontrado nesta m\u00e1quina.\u00a0A pot\u00eancia hidrost\u00e1tica melhora a capacidade de resposta da dire\u00e7\u00e3o.\u00a0Os tratores Massey Ferguson \u00e0 venda MF 375 tamb\u00e9m apresentam uma apar\u00eancia f\u00edsica distinta.<\/p>\n<p>Em Mo\u00e7ambique, um dos tractores mais populares para comprar s\u00e3o os\u00a0tractores Massey Ferguson de 75 CV em Mo\u00e7ambique\u00a0MF 375. Os motores de 75 CV do tractor s\u00e3o fi\u00e1veis \u200b\u200be eficientes, funcionando a uma velocidade constante.\u00a0H\u00e1 uma longa expectativa de vida por causa disso.\u00a0Em termos de refinamento do motor, \u00e9 o melhor do ramo.\u00a0Venda de tratores Massey Ferguson MF 375-75 cv \u00e9 o trator mais produtivo dispon\u00edvel pelo pre\u00e7o.\u00a0Ele atende a todos os requisitos de um agricultor para um trator e muito mais.\u00a0Quando a pot\u00eancia hidrost\u00e1tica \u00e9 aplicada, a dire\u00e7\u00e3o responde melhor e a apar\u00eancia f\u00edsica dos tratores Massey Ferguson em Mo\u00e7ambique MF 375 tamb\u00e9m \u00e9 bastante reconhec\u00edvel.<\/p>\n<p>Ligue-nos agora para colocar as m\u00e3os em nosso novo MF 375.<\/p>\n","protected":false},"excerpt":{"rendered":"<p><span class=\"\">Modelo \/ Tipo: Massey Ferguson MF 375<\/span><br \/>\n<span class=\"\">Pot\u00eancia: 75 HP<\/span><br \/>\n<span class=\"\">Transmiss\u00e3o: Manual<\/span><br \/>\n<span class=\"\">Motor: 4.1D<\/span><br \/>\n<span class=\"\">Cor: Vermelho<\/span><br \/>\n<span class=\"\">Condi\u00e7\u00e3o: Novo<\/span><\/p>\n<p>Extras:<\/p>\n<p>Poder alto da PTO\u00a0do apoio resistente do eixo dianteiro do<br \/>\ncontrole de posi\u00e7\u00e3o hidr\u00e1ulico da dire\u00e7\u00e3o\u00a0hidrost\u00e1tica<\/p>\n","protected":false},"featured_media":1430,"template":"","meta":[],"product_brand":[],"product_cat":[21,28],"product_tag":[],"class_list":{"0":"post-392","1":"product","2":"type-product","3":"status-publish","4":"has-post-thumbnail","6":"product_cat-massey-ferguson","7":"product_cat-tratores","9":"first","10":"instock","11":"product-type-simple"},"aioseo_notices":[],"_links":{"self":[{"href":"https:\/\/www.tractors.co.mz\/pt\/wp-json\/wp\/v2\/product\/392","targetHints":{"allow":["GET"]}}],"collection":[{"href":"https:\/\/www.tractors.co.mz\/pt\/wp-json\/wp\/v2\/product"}],"about":[{"href":"https:\/\/www.tractors.co.mz\/pt\/wp-json\/wp\/v2\/types\/product"}],"wp:featuredmedia":[{"embeddable":true,"href":"https:\/\/www.tractors.co.mz\/pt\/wp-json\/wp\/v2\/media\/1430"}],"wp:attachment":[{"href":"https:\/\/www.tractors.co.mz\/pt\/wp-json\/wp\/v2\/media?parent=392"}],"wp:term":[{"taxonomy":"product_brand","embeddable":true,"href":"https:\/\/www.tractors.co.mz\/pt\/wp-json\/wp\/v2\/product_brand?post=392"},{"taxonomy":"product_cat","embeddable":true,"href":"https:\/\/www.tractors.co.mz\/pt\/wp-json\/wp\/v2\/product_cat?post=392"},{"taxonomy":"product_tag","embeddable":true,"href":"https:\/\/www.tractors.co.mz\/pt\/wp-json\/wp\/v2\/product_tag?post=392"}],"curies":[{"name":"wp","href":"https:\/\/api.w.org\/{rel}","templated":true}]}}