{"id":391,"date":"2021-06-16T08:57:00","date_gmt":"2021-06-16T08:57:00","guid":{"rendered":"https:\/\/www.tractors.co.ug\/product\/massey-ferguson-mf-360-60hp-tractors\/"},"modified":"2023-11-30T07:55:02","modified_gmt":"2023-11-30T07:55:02","slug":"massey-ferguson-mf-360-60hp-tratores","status":"publish","type":"product","link":"https:\/\/www.tractors.co.mz\/pt\/product\/massey-ferguson-mf-360-60hp-tratores\/","title":{"rendered":"Trator Massey Ferguson MF-360 60hp em Mo\u00e7ambique"},"content":{"rendered":"<p><iframe loading=\"lazy\" title=\"YouTube video player\" src=\"https:\/\/www.youtube.com\/embed\/0oupzQxTQO4\" width=\"100%\" height=\"\" frameborder=\"0\" allowfullscreen=\"allowfullscreen\"><\/iframe><\/p>\n<p>H\u00e1 algumas coisas a ter em mente ao avaliar a qualidade geral de um trator.\u00a0Os tratores Massey Ferguson \u00e0 venda se enquadram na mesma categoria.\u00a0Considere quanto tempo vai durar, como vai aparecer, como \u00e9 fabricado e at\u00e9 mesmo a garantia antes de tomar uma decis\u00e3o.\u00a0<span class=\"\">Al\u00e9m de ter o melhor desempenho poss\u00edvel, voc\u00ea deseja um trator que n\u00e3o seja apenas produtivo, mas tamb\u00e9m confi\u00e1vel, eficiente e f\u00e1cil de usar.\u00a0<\/span>Pode-se formar uma opini\u00e3o sobre\u00a0<a href=\"https:\/\/www.tractors.co.mz\/pt\/product-category\/tratores\/massey-ferguson\/\"><strong>os tractores Massey Ferguson em Mo\u00e7ambique<\/strong><\/a>\u00a0com base na informa\u00e7\u00e3o depois de trabalhar com numerosos modelos diferentes ao longo da sua hist\u00f3ria de produ\u00e7\u00e3o.\u00a0Os tractores Massey Ferguson em Mo\u00e7ambique s\u00e3o bem conhecidos pelos seus elevados n\u00edveis de qualidade, versatilidade e fiabilidade numa variedade de ambientes.\u00a0A Tractors Mo\u00e7ambique \u00e9 a sua aliada em Mo\u00e7ambique, pois temos em stock os mais fant\u00e1sticos equipamentos agr\u00edcolas dispon\u00edveis para venda no pa\u00eds.<\/p>\n<h2>Tratores Massey Ferguson MF-360 de 60 HP apresentam<\/h2>\n<p>As op\u00e7\u00f5es amigas dos agricultores mo\u00e7ambicanos s\u00e3o fornecidas pela Tractors Mo\u00e7ambique, incluindo o Tractor Massey Ferguson MF 360.\u00a0O MF 360 tamb\u00e9m conta com seis ferramentas para preparo do solo, incluindo mudas e transporte, al\u00e9m de diversos acess\u00f3rios.\u00a0Neste conjunto de equipamentos est\u00e3o inclu\u00eddos uma cultura de cobertura com 1,6 metros de largura, um arado de discos com 0,5 metros de largura, um escarificador de dois dentes, uma semeadora de duas linhas, um reboque de tr\u00eas toneladas e uma caixa de transporte.\u00a0A gama est\u00e1 em constante desenvolvimento e expans\u00e3o, o que torna o trator Massey Ferguson MF-360 de 60 CV uma verdadeira maravilha.<\/p>\n<h2>Vantagens de comprar o trator Massey Ferguson MF-360 60 cv<\/h2>\n<p>O Trator Massey Ferguson 360 \u00e9 um trator agr\u00edcola moderno que \u00e9 efetivamente um equipamento que economiza tempo.\u00a0Economiza muito trabalho e tempo que pode ser utilizado em outras atividades agr\u00edcolas para aumentar a produtividade do agricultor.\u00a0O trator agr\u00edcola 360 \u00e9, sem d\u00favida, capaz de trabalhar por longos per\u00edodos de tempo sem aquecer, o que comprova o qu\u00e3o bem constru\u00eddo e potente \u00e9 o motor que possui.<\/p>\n<p>Devido ao seu motor altamente potente e grande poder de tra\u00e7\u00e3o, o trator Massey Ferguson 360 \u00e9 um trator incrivelmente eficiente, com a capacidade de realizar mais trabalho em menos tempo e consumir menos energia.\u00a0A capacidade de trabalho deste tractor agr\u00edcola \u00e9 espectacular para a agricultura de Mo\u00e7ambique.\u00a0Ajudar\u00e1 os agricultores a superar quaisquer crises agr\u00edcolas que possam enfrentar devido \u00e0 falta de mecaniza\u00e7\u00e3o.<\/p>\n<h2>Temos implementos agr\u00edcolas para venda?<\/h2>\n<p>Uma vasta gama de\u00a0instrumentos agr\u00edcolas em Mo\u00e7ambique\u00a0, incluindo foices, arados, enxadas e brocas, podem ser utilizados nas opera\u00e7\u00f5es agr\u00edcolas para aumentar a produ\u00e7\u00e3o e a efici\u00eancia.\u00a0Para cultivar as suas terras, os agricultores disp\u00f5em de uma vasta gama de equipamentos e instrumentos.\u00a0A agricultura \u00e9 uma ind\u00fastria que depende fortemente de uma ampla variedade de ferramentas e equipamentos.\u00a0A Tractors Mo\u00e7ambique tem todas as alfaias agr\u00edcolas dispon\u00edveis para venda em Mo\u00e7ambique.<\/p>\n<h2>Adquira seu maquin\u00e1rio conosco<\/h2>\n<p>A Tractors Mo\u00e7ambique \u00e9 um dos melhores e principais fornecedores e revendedores do trator Massey Ferguson 360 em Mo\u00e7ambique.\u00a0A nossa empresa fornece tratores da melhor qualidade de exporta\u00e7\u00e3o do Paquist\u00e3o para os agricultores de Mo\u00e7ambique.\u00a0Para qualquer informa\u00e7\u00e3o e consulta sobre tractores Massey Ferguson novos\u00a0\u00e0 venda em Mo\u00e7ambique\u00a0, bem como alfaias agr\u00edcolas \u00e0 venda, por favor contacte-nos ou visite o nosso site para comprar as suas m\u00e1quinas favoritas.<\/p>\n","protected":false},"excerpt":{"rendered":"<p>Modelo \/ Tipo: Massey Ferguson MF 360<br \/>\nPot\u00eancia: 60 HP<br \/>\nTransmiss\u00e3o: Manual<br \/>\nMotor: 2.5D<br \/>\nCondi\u00e7\u00e3o: Novo<\/p>\n<p>Extras:<\/p>\n<p>Assento de luxo\u00a0com suspens\u00e3o de mola de alta pot\u00eancia ,<br \/>\ncontrole de posi\u00e7\u00e3o hidr\u00e1ulica\u00a0turbo<\/p>\n","protected":false},"featured_media":1409,"template":"","meta":[],"product_brand":[],"product_cat":[21,28],"product_tag":[],"class_list":{"0":"post-391","1":"product","2":"type-product","3":"status-publish","4":"has-post-thumbnail","6":"product_cat-massey-ferguson","7":"product_cat-tratores","9":"first","10":"instock","11":"product-type-simple"},"aioseo_notices":[],"_links":{"self":[{"href":"https:\/\/www.tractors.co.mz\/pt\/wp-json\/wp\/v2\/product\/391","targetHints":{"allow":["GET"]}}],"collection":[{"href":"https:\/\/www.tractors.co.mz\/pt\/wp-json\/wp\/v2\/product"}],"about":[{"href":"https:\/\/www.tractors.co.mz\/pt\/wp-json\/wp\/v2\/types\/product"}],"wp:featuredmedia":[{"embeddable":true,"href":"https:\/\/www.tractors.co.mz\/pt\/wp-json\/wp\/v2\/media\/1409"}],"wp:attachment":[{"href":"https:\/\/www.tractors.co.mz\/pt\/wp-json\/wp\/v2\/media?parent=391"}],"wp:term":[{"taxonomy":"product_brand","embeddable":true,"href":"https:\/\/www.tractors.co.mz\/pt\/wp-json\/wp\/v2\/product_brand?post=391"},{"taxonomy":"product_cat","embeddable":true,"href":"https:\/\/www.tractors.co.mz\/pt\/wp-json\/wp\/v2\/product_cat?post=391"},{"taxonomy":"product_tag","embeddable":true,"href":"https:\/\/www.tractors.co.mz\/pt\/wp-json\/wp\/v2\/product_tag?post=391"}],"curies":[{"name":"wp","href":"https:\/\/api.w.org\/{rel}","templated":true}]}}