{"id":390,"date":"2021-06-16T08:57:00","date_gmt":"2021-06-16T08:57:00","guid":{"rendered":"https:\/\/www.tractors.co.ug\/product\/massey-ferguson-mf-260-60hp-tractors\/"},"modified":"2023-11-30T07:53:29","modified_gmt":"2023-11-30T07:53:29","slug":"massey-ferguson-mf-260-60hp-tratores","status":"publish","type":"product","link":"https:\/\/www.tractors.co.mz\/pt\/product\/massey-ferguson-mf-260-60hp-tratores\/","title":{"rendered":"Trator Massey Ferguson MF-260 60hp em Mo\u00e7ambique"},"content":{"rendered":"<p><iframe loading=\"lazy\" title=\"YouTube video player\" src=\"https:\/\/www.youtube.com\/embed\/3rAjdbiiCr8\" width=\"100%\" height=\"\" frameborder=\"0\" allowfullscreen=\"allowfullscreen\"><\/iframe><\/p>\n<p>Os tractores agr\u00edcolas e outros equipamentos agr\u00edcolas semelhantes t\u00eam o potencial de ajudar a expans\u00e3o da agricultura mo\u00e7ambicana e proporcionar maiores rendimentos.\u00a0Ter um extenso invent\u00e1rio de tractores e uma variedade de ferramentas para venda \u00e9 uma necessidade para qualquer agricultor, intermedi\u00e1rio ou empresa agr\u00edcola mo\u00e7ambicana que pretenda obter o maior potencial de resultados e produtividade da sua propriedade.<\/p>\n<p>Os agricultores de Mo\u00e7ambique olham agora para o futuro em busca de melhores op\u00e7\u00f5es em termos de escolha das melhores m\u00e1quinas agr\u00edcolas do mercado.\u00a0A Tractors Mo\u00e7ambique \u00e9 a melhor companhia para os agricultores de Mo\u00e7ambique, pois temos em stock alguns dos mais incr\u00edveis equipamentos agr\u00edcolas dispon\u00edveis para venda.<\/p>\n<h2>Temos os melhores tratores de Mo\u00e7ambique<\/h2>\n<p>Tractors Mo\u00e7ambique \u00e9 um fornecedor e revendedor\u00a0de tratores agr\u00edcolas em Mo\u00e7ambique\u00a0, especializado no fornecimento de tratores agr\u00edcolas usados, recondicionados e novos do Paquist\u00e3o em Mo\u00e7ambique.\u00a0O melhor fornecedor para o trator Massey Ferguson 260 n\u00e3o \u00e9 outro sen\u00e3o a Tractors Mo\u00e7ambique, uma vez que temos uma forte base de clientes em Mo\u00e7ambique e vendemos muitos tratores novos a agricultores agr\u00edcolas em Mo\u00e7ambique.\u00a0Para qualquer informa\u00e7\u00e3o ou d\u00favida sobre tratores Massey Ferguson novos \u00e0 venda em Mo\u00e7ambique e implementos agr\u00edcolas \u00e0 venda em Mo\u00e7ambique, por favor contacte-nos atrav\u00e9s dos links de contacto fornecidos no final desta p\u00e1gina.\u00a0Nossa equipe de vendas \u00e9 altamente \u00e1gil e cooperativa. Voc\u00ea receber\u00e1 assist\u00eancia de um de nossos representantes de vendas dentro de 24 horas ap\u00f3s sua consulta.<\/p>\n<h2>Quais s\u00e3o as caracter\u00edsticas especiais do Massey Ferguson MF 260?<\/h2>\n<p>O trator Massey Ferguson 260 \u00e9 um trator Massey Ferguson totalmente novo e altamente preferido na faixa de 60 HP.\u00a0O trator agr\u00edcola Massey Ferguson 260 \u00e9 um trator agr\u00edcola de 60 HP dispon\u00edvel em 2WD.\u00a0\u00c9 um trator totalmente novo, de alt\u00edssimo desempenho, com motor turbo diesel de baixo consumo de combust\u00edvel.\u00a0Este trator agr\u00edcola \u00e9 a escolha ideal para a agricultura em Mo\u00e7ambique, pois \u00e9 um trator agr\u00edcola multifuncional com motor diesel turbo.\u00a0Emite menos fuma\u00e7a devido \u00e0 queima eficiente do combust\u00edvel e pode funcionar continuamente por at\u00e9 18 horas sem prejudicar o desempenho do motor ou aquecer.\u00a0O trator Massey Ferguson 260 \u00e9 um trator agr\u00edcola econ\u00f3mico e \u00e9 o melhor entre todos os outros tratores novos de 60 HP, pois \u00e9 altamente compat\u00edvel com as condi\u00e7\u00f5es agr\u00edcolas mo\u00e7ambicanas.\u00a0O trator Massey Ferguson 260 est\u00e1 dispon\u00edvel para venda em Mo\u00e7ambique em estado de novo.<\/p>\n<h3>Compre de n\u00f3s<\/h3>\n<p>Na Tractors Mo\u00e7ambique, os agricultores podem encontrar v\u00e1rios modelos de Massey Ferguson que s\u00e3o tractores de alta qualidade equipados com tecnologia avan\u00e7ada.\u00a0A nossa empresa tem experi\u00eancia em satisfazer as exig\u00eancias dos agricultores mo\u00e7ambicanos, fornecendo-lhes os\u00a0<a href=\"https:\/\/www.tractors.co.mz\/pt\/product-category\/tratores\/\"><strong>tractores e equipamentos agr\u00edcolas<\/strong><\/a>\u00a0desejados a pre\u00e7os acess\u00edveis.\u00a0Assim pedimos que confie em n\u00f3s apenas uma vez e garantimos que n\u00e3o se arrepender\u00e1.\u00a0Voc\u00ea pode nos visitar em nosso site ou ligar diretamente para conferir os produtos que vendemos.<\/p>\n","protected":false},"excerpt":{"rendered":"<p><span class=\"\">Modelo \/ Tipo: Massey Ferguson 260<\/span><br \/>\n<span class=\"\">Cavalos Pot\u00eancia: 60 HP<\/span><br \/>\n<span class=\"\">Transmiss\u00e3o: Manual<\/span><br \/>\n<span class=\"\">Motor: 2.5D<\/span><br \/>\n<span class=\"\">Cor: Vermelho<\/span><br \/>\n<span class=\"\">Condi\u00e7\u00e3o: Novo<\/span><\/p>\n<p>Extras:<\/p>\n<p>Assento de luxo\u00a0com suspens\u00e3o de mola de alta pot\u00eancia ,<br \/>\ncontrole de posi\u00e7\u00e3o hidr\u00e1ulica\u00a0turbo<\/p>\n","protected":false},"featured_media":1402,"template":"","meta":[],"product_brand":[],"product_cat":[21,28],"product_tag":[],"class_list":{"0":"post-390","1":"product","2":"type-product","3":"status-publish","4":"has-post-thumbnail","6":"product_cat-massey-ferguson","7":"product_cat-tratores","9":"first","10":"instock","11":"product-type-simple"},"aioseo_notices":[],"_links":{"self":[{"href":"https:\/\/www.tractors.co.mz\/pt\/wp-json\/wp\/v2\/product\/390","targetHints":{"allow":["GET"]}}],"collection":[{"href":"https:\/\/www.tractors.co.mz\/pt\/wp-json\/wp\/v2\/product"}],"about":[{"href":"https:\/\/www.tractors.co.mz\/pt\/wp-json\/wp\/v2\/types\/product"}],"wp:featuredmedia":[{"embeddable":true,"href":"https:\/\/www.tractors.co.mz\/pt\/wp-json\/wp\/v2\/media\/1402"}],"wp:attachment":[{"href":"https:\/\/www.tractors.co.mz\/pt\/wp-json\/wp\/v2\/media?parent=390"}],"wp:term":[{"taxonomy":"product_brand","embeddable":true,"href":"https:\/\/www.tractors.co.mz\/pt\/wp-json\/wp\/v2\/product_brand?post=390"},{"taxonomy":"product_cat","embeddable":true,"href":"https:\/\/www.tractors.co.mz\/pt\/wp-json\/wp\/v2\/product_cat?post=390"},{"taxonomy":"product_tag","embeddable":true,"href":"https:\/\/www.tractors.co.mz\/pt\/wp-json\/wp\/v2\/product_tag?post=390"}],"curies":[{"name":"wp","href":"https:\/\/api.w.org\/{rel}","templated":true}]}}