{"id":389,"date":"2021-06-16T08:57:00","date_gmt":"2021-06-16T08:57:00","guid":{"rendered":"https:\/\/www.tractors.co.ug\/product\/massey-ferguson-mf-240-50-hp-tractors\/"},"modified":"2023-11-30T07:52:12","modified_gmt":"2023-11-30T07:52:12","slug":"massey-ferguson-mf-240-50-hp-tratores","status":"publish","type":"product","link":"https:\/\/www.tractors.co.mz\/pt\/product\/massey-ferguson-mf-240-50-hp-tratores\/","title":{"rendered":"Trator Massey Ferguson MF-240 50hp em Mo\u00e7ambique"},"content":{"rendered":"<p><iframe loading=\"lazy\" title=\"YouTube video player\" src=\"https:\/\/www.youtube.com\/embed\/i7cKJHH7JoI\" width=\"100%\" height=\"\" frameborder=\"0\" allowfullscreen=\"allowfullscreen\"><\/iframe><\/p>\n<p>A agricultura em Mo\u00e7ambique sofreu muitas mudan\u00e7as ao longo da hist\u00f3ria.\u00a0A agricultura em Mo\u00e7ambique tem crescido a um ritmo extraordin\u00e1rio.\u00a0Os agricultores mo\u00e7ambicanos t\u00eam vindo a integrar tecnologia moderna nos seus departamentos agr\u00edcolas.\u00a0Isto levou o sector agr\u00edcola de Mo\u00e7ambique a crescer incrivelmente.\u00a0Com a instala\u00e7\u00e3o de novas tecnologias, a rentabilidade das culturas comerciais aumentou vertiginosamente.\u00a0Houve uma melhoria econ\u00f3mica nas condi\u00e7\u00f5es dos agricultores em Mo\u00e7ambique.<\/p>\n<p>A Tractors Mo\u00e7ambique vende excelentes modelos de\u00a0<a href=\"https:\/\/www.tractors.co.mz\/pt\/product-category\/tratores\/massey-ferguson\/\"><strong>tractores Massey Ferguson<\/strong><\/a>\u00a0, como os tractores Massey Ferguson MF-240 de 50 CV, a pre\u00e7os inacreditavelmente baixos.<\/p>\n<h2>Quais op\u00e7\u00f5es de Tratores est\u00e3o dispon\u00edveis na Tractors Mo\u00e7ambique<\/h2>\n<p>Uma grande variedade de tipos de tratores est\u00e1 dispon\u00edvel, variando de 50 a 85 cavalos, e inclui equipamentos agr\u00edcolas, m\u00e1quinas agr\u00edcolas pesadas, tratores Massey Ferguson e tratores New Holland para venda.\u00a0Tratores deste tipo est\u00e3o dispon\u00edveis em uma ampla variedade de tamanhos e combina\u00e7\u00f5es.\u00a0Tractors Mo\u00e7ambique tem sido um dos principais revendedores de tractores devido \u00e0 qualidade cada vez maior dos tractores agr\u00edcolas Massey Ferguson.\u00a0Al\u00e9m disso, o pre\u00e7o competitivo e econ\u00f4mico da empresa \u00e9 um forte trunfo.<\/p>\n<h2>Quais s\u00e3o as vantagens do trator Massey Ferguson MF-240 50 HP?<\/h2>\n<p>O Trator Massey Ferguson 240 \u00e9 um incr\u00edvel trator agr\u00edcola de 50 HP dispon\u00edvel em 2WD.\u00a0\u00c9 um trator de alto desempenho com motor diesel de baixo consumo de combust\u00edvel.\u00a0O Trator Massey Ferguson 240, al\u00e9m de sua estrutura pequena e robusta, \u00e9 altamente \u00fatil para os agricultores em Mo\u00e7ambique, pois oferece o melhor desempenho em todos os tratores agr\u00edcolas da faixa de 50 HP do Paquist\u00e3o.\u00a0O tractor \u00e9 altamente compat\u00edvel com as condi\u00e7\u00f5es agr\u00edcolas mo\u00e7ambicanas, portanto, funciona de forma eficiente e eficaz.\u00a0O tractor \u00e9 de f\u00e1cil manuten\u00e7\u00e3o e f\u00e1cil opera\u00e7\u00e3o, resultando numa escolha ideal para a agricultura em Mo\u00e7ambique.<\/p>\n<p>O Trator Massey Ferguson 240 \u00e9 conhecido por sua estrutura compacta.\u00a0Al\u00e9m de ser um trator de 50 cv, \u00e9 altamente robusto e de f\u00e1cil manobrabilidade.\u00a0Pode trabalhar facilmente em solos rochosos e duros e \u00e9 uma escolha ideal para o sector agr\u00edcola de Mo\u00e7ambique.\u00a0Embora o Trator Massey Ferguson 240 tenha um pre\u00e7o baixo, \u00e9 um trator extraordinariamente eficiente que economiza combust\u00edvel e oferece excelente desempenho.<\/p>\n<h2>Qu\u00e3o caro \u00e9 o trator Massey Ferguson MF-240 de 50 HP?<\/h2>\n<p>Os nossos clientes podem agora ter o melhor\u00a0<a href=\"https:\/\/www.tractors.co.mz\/pt\/product-category\/implementos-agricolas\/\"><strong>equipamento agr\u00edcola de Mo\u00e7ambique<\/strong><\/a>\u00a0, incluindo o MF 240, a pre\u00e7os inacreditavelmente baixos.\u00a0Oferecemos taxas imbat\u00edveis no mercado.<\/p>\n<h2>Vantagens de comprar trator Massey Ferguson MF-240 50 cv<\/h2>\n<p>O trator agr\u00edcola Massey Ferguson 240 Tractor \u00e9 um trator altamente eficiente.\u00a0\u00c9 conhecido por sua estrutura compacta e robusta, proporcionando durabilidade e confiabilidade.\u00a0O trator agr\u00edcola, apesar de seu pequeno tamanho, \u00e9 um trator forte que pode suportar condi\u00e7\u00f5es clim\u00e1ticas e de solo adversas.\u00a0Conseq\u00fcentemente, essas caracter\u00edsticas excelentes tornam este trator diferenciado e todo tipo de agricultor deseja t\u00ea-lo em seu estoque.\u00a0Visite agora\u00a0a Tractors Mo\u00e7ambique\u00a0para comprar o seu MF-240 favorito antes que fiquemos sem stock.<\/p>\n","protected":false},"excerpt":{"rendered":"<p>Modelo \/ Tipo: Massey Ferguson MF 240<br \/>\nPot\u00eancia: 50 HP<br \/>\nTransmiss\u00e3o: Manual<br \/>\nMotor: 2.5D<br \/>\nCondi\u00e7\u00e3o: Novo<\/p>\n","protected":false},"featured_media":1395,"template":"","meta":[],"product_brand":[],"product_cat":[21,28],"product_tag":[],"class_list":{"0":"post-389","1":"product","2":"type-product","3":"status-publish","4":"has-post-thumbnail","6":"product_cat-massey-ferguson","7":"product_cat-tratores","9":"first","10":"instock","11":"product-type-simple"},"aioseo_notices":[],"_links":{"self":[{"href":"https:\/\/www.tractors.co.mz\/pt\/wp-json\/wp\/v2\/product\/389","targetHints":{"allow":["GET"]}}],"collection":[{"href":"https:\/\/www.tractors.co.mz\/pt\/wp-json\/wp\/v2\/product"}],"about":[{"href":"https:\/\/www.tractors.co.mz\/pt\/wp-json\/wp\/v2\/types\/product"}],"wp:featuredmedia":[{"embeddable":true,"href":"https:\/\/www.tractors.co.mz\/pt\/wp-json\/wp\/v2\/media\/1395"}],"wp:attachment":[{"href":"https:\/\/www.tractors.co.mz\/pt\/wp-json\/wp\/v2\/media?parent=389"}],"wp:term":[{"taxonomy":"product_brand","embeddable":true,"href":"https:\/\/www.tractors.co.mz\/pt\/wp-json\/wp\/v2\/product_brand?post=389"},{"taxonomy":"product_cat","embeddable":true,"href":"https:\/\/www.tractors.co.mz\/pt\/wp-json\/wp\/v2\/product_cat?post=389"},{"taxonomy":"product_tag","embeddable":true,"href":"https:\/\/www.tractors.co.mz\/pt\/wp-json\/wp\/v2\/product_tag?post=389"}],"curies":[{"name":"wp","href":"https:\/\/api.w.org\/{rel}","templated":true}]}}