{"id":2320,"date":"2025-08-01T13:25:14","date_gmt":"2025-08-01T13:25:14","guid":{"rendered":"https:\/\/www.tractors.co.mz\/pt\/?post_type=product&#038;p=2320"},"modified":"2025-12-03T07:31:04","modified_gmt":"2025-12-03T07:31:04","slug":"massive-3cx-deslocamento-lateral-macica-em-mocambique","status":"publish","type":"product","link":"https:\/\/www.tractors.co.mz\/pt\/product\/massive-3cx-deslocamento-lateral-macica-em-mocambique\/","title":{"rendered":"Massive 3CX (Deslocamento lateral) maci\u00e7a em Mo\u00e7ambique"},"content":{"rendered":"","protected":false},"excerpt":{"rendered":"<p>Marque\/Mod\u00e8le\u00a0: Chargeuse-pelleteuse \u00e0 d\u00e9placement lat\u00e9ral Massive\/3CX<br \/>\nCouleur\u00a0: Jaune<br \/>\nPuissance\u00a0: 100\u00a0ch<br \/>\nPoids\u00a0: 7\u00a0500\u00a0kg<br \/>\nCapacidade da ca\u00e7amba frontal: 1,2 m\u00b3<br \/>\nCapacidade da ca\u00e7amba da retroescavadeira: 0,3 m\u00b3<br \/>\nCapacit\u00e9 de levage\u00a0: 2\u00a0800\u00a0kg<br \/>\nType de moteur\u00a0: Cummins C100 (4\u00a0cylindres)<br \/>\nD\u00e9placement lat\u00e9ral\u00a0: Bras arri\u00e8re<\/p>\n","protected":false},"featured_media":2406,"template":"","meta":[],"product_brand":[],"product_cat":[94,98],"product_tag":[],"class_list":{"0":"post-2320","1":"product","2":"type-product","3":"status-publish","4":"has-post-thumbnail","6":"product_cat-maquinaria","7":"product_cat-retroescavadeiras","9":"first","10":"instock","11":"shipping-taxable","12":"product-type-simple"},"aioseo_notices":[],"_links":{"self":[{"href":"https:\/\/www.tractors.co.mz\/pt\/wp-json\/wp\/v2\/product\/2320","targetHints":{"allow":["GET"]}}],"collection":[{"href":"https:\/\/www.tractors.co.mz\/pt\/wp-json\/wp\/v2\/product"}],"about":[{"href":"https:\/\/www.tractors.co.mz\/pt\/wp-json\/wp\/v2\/types\/product"}],"wp:featuredmedia":[{"embeddable":true,"href":"https:\/\/www.tractors.co.mz\/pt\/wp-json\/wp\/v2\/media\/2406"}],"wp:attachment":[{"href":"https:\/\/www.tractors.co.mz\/pt\/wp-json\/wp\/v2\/media?parent=2320"}],"wp:term":[{"taxonomy":"product_brand","embeddable":true,"href":"https:\/\/www.tractors.co.mz\/pt\/wp-json\/wp\/v2\/product_brand?post=2320"},{"taxonomy":"product_cat","embeddable":true,"href":"https:\/\/www.tractors.co.mz\/pt\/wp-json\/wp\/v2\/product_cat?post=2320"},{"taxonomy":"product_tag","embeddable":true,"href":"https:\/\/www.tractors.co.mz\/pt\/wp-json\/wp\/v2\/product_tag?post=2320"}],"curies":[{"name":"wp","href":"https:\/\/api.w.org\/{rel}","templated":true}]}}