{"id":2212,"date":"2025-06-27T07:31:02","date_gmt":"2025-06-27T07:31:02","guid":{"rendered":"https:\/\/www.tractors.co.mz\/pt\/?post_type=product&#038;p=2212"},"modified":"2025-12-03T07:39:57","modified_gmt":"2025-12-03T07:39:57","slug":"massive-de-esteira-msbu-160-em-mocambique","status":"publish","type":"product","link":"https:\/\/www.tractors.co.mz\/pt\/product\/massive-de-esteira-msbu-160-em-mocambique\/","title":{"rendered":"Massive de rastos MSBU 160 em Mo\u00e7ambique"},"content":{"rendered":"","protected":false},"excerpt":{"rendered":"<p>Marca\/Modelo: Massive \/ MSBU 160 Bulldozer<br \/>\nCor: Amarelo<br \/>\nPot\u00eancia: 160 HP<br \/>\nPeso Operacional: 15.000 kg<br \/>\nCapacidade de Lamina\u00e7\u00e3o: 4,5 m\u00b3<br \/>\nBitola da Esteira: 1.880 mm<br \/>\nFor\u00e7a M\u00e1xima do Trator: 144 n\u00f3s<br \/>\nTipo de Motor: WP10G178E355<\/p>\n","protected":false},"featured_media":2213,"template":"","meta":[],"product_brand":[],"product_cat":[101,94],"product_tag":[],"class_list":{"0":"post-2212","1":"product","2":"type-product","3":"status-publish","4":"has-post-thumbnail","6":"product_cat-bulldozers","7":"product_cat-maquinaria","9":"first","10":"instock","11":"shipping-taxable","12":"product-type-simple"},"aioseo_notices":[],"_links":{"self":[{"href":"https:\/\/www.tractors.co.mz\/pt\/wp-json\/wp\/v2\/product\/2212","targetHints":{"allow":["GET"]}}],"collection":[{"href":"https:\/\/www.tractors.co.mz\/pt\/wp-json\/wp\/v2\/product"}],"about":[{"href":"https:\/\/www.tractors.co.mz\/pt\/wp-json\/wp\/v2\/types\/product"}],"wp:featuredmedia":[{"embeddable":true,"href":"https:\/\/www.tractors.co.mz\/pt\/wp-json\/wp\/v2\/media\/2213"}],"wp:attachment":[{"href":"https:\/\/www.tractors.co.mz\/pt\/wp-json\/wp\/v2\/media?parent=2212"}],"wp:term":[{"taxonomy":"product_brand","embeddable":true,"href":"https:\/\/www.tractors.co.mz\/pt\/wp-json\/wp\/v2\/product_brand?post=2212"},{"taxonomy":"product_cat","embeddable":true,"href":"https:\/\/www.tractors.co.mz\/pt\/wp-json\/wp\/v2\/product_cat?post=2212"},{"taxonomy":"product_tag","embeddable":true,"href":"https:\/\/www.tractors.co.mz\/pt\/wp-json\/wp\/v2\/product_tag?post=2212"}],"curies":[{"name":"wp","href":"https:\/\/api.w.org\/{rel}","templated":true}]}}