{"id":2132,"date":"2025-05-30T11:29:46","date_gmt":"2025-05-30T11:29:46","guid":{"rendered":"https:\/\/www.tractors.co.mz\/pt\/?post_type=product&#038;p=2132"},"modified":"2025-08-19T09:52:34","modified_gmt":"2025-08-19T09:52:34","slug":"massive-mft-trator-4200-g4-4wd-em-mocambique","status":"publish","type":"product","link":"https:\/\/www.tractors.co.mz\/pt\/product\/massive-mft-trator-4200-g4-4wd-em-mocambique\/","title":{"rendered":"Massive MFT Trator 4200 G4 4WD em Mo\u00e7ambique"},"content":{"rendered":"","protected":false},"excerpt":{"rendered":"<p>Marca\/Modelo: Massive MFT 4200 G4 4WD<br \/>\nCondi\u00e7\u00e3o: Novo<br \/>\nPot\u00eancia: 200 HP<br \/>\nTransmiss\u00e3o: Manual<br \/>\nCilindros: 6<br \/>\nVelocidade nominal do motor (r\/min): 2200<br \/>\nRoda: Tra\u00e7\u00e3o nas 4 rodas<br \/>\nFor\u00e7a m\u00e1xima de eleva\u00e7\u00e3o (KN): 50<br \/>\nVelocidade m\u00e1xima (km\/h): 38,5<br \/>\nCor: Vermelho<br \/>\nExtras: Cabine com ar-condicionado<\/p>\n","protected":false},"featured_media":2133,"template":"","meta":[],"product_brand":[],"product_cat":[26,28],"product_tag":[],"class_list":{"0":"post-2132","1":"product","2":"type-product","3":"status-publish","4":"has-post-thumbnail","6":"product_cat-massive-tractors","7":"product_cat-tratores","9":"first","10":"instock","11":"shipping-taxable","12":"product-type-simple"},"aioseo_notices":[],"_links":{"self":[{"href":"https:\/\/www.tractors.co.mz\/pt\/wp-json\/wp\/v2\/product\/2132","targetHints":{"allow":["GET"]}}],"collection":[{"href":"https:\/\/www.tractors.co.mz\/pt\/wp-json\/wp\/v2\/product"}],"about":[{"href":"https:\/\/www.tractors.co.mz\/pt\/wp-json\/wp\/v2\/types\/product"}],"wp:featuredmedia":[{"embeddable":true,"href":"https:\/\/www.tractors.co.mz\/pt\/wp-json\/wp\/v2\/media\/2133"}],"wp:attachment":[{"href":"https:\/\/www.tractors.co.mz\/pt\/wp-json\/wp\/v2\/media?parent=2132"}],"wp:term":[{"taxonomy":"product_brand","embeddable":true,"href":"https:\/\/www.tractors.co.mz\/pt\/wp-json\/wp\/v2\/product_brand?post=2132"},{"taxonomy":"product_cat","embeddable":true,"href":"https:\/\/www.tractors.co.mz\/pt\/wp-json\/wp\/v2\/product_cat?post=2132"},{"taxonomy":"product_tag","embeddable":true,"href":"https:\/\/www.tractors.co.mz\/pt\/wp-json\/wp\/v2\/product_tag?post=2132"}],"curies":[{"name":"wp","href":"https:\/\/api.w.org\/{rel}","templated":true}]}}