{"id":2058,"date":"2025-03-18T07:57:53","date_gmt":"2025-03-18T07:57:53","guid":{"rendered":"https:\/\/www.tractors.co.mz\/pt\/?post_type=product&#038;p=2058"},"modified":"2025-07-11T06:50:49","modified_gmt":"2025-07-11T06:50:49","slug":"novo-trator-mt-35-enorme-a-venda-em-mocambique","status":"publish","type":"product","link":"https:\/\/www.tractors.co.mz\/pt\/product\/novo-trator-mt-35-enorme-a-venda-em-mocambique\/","title":{"rendered":"Massive MT-35 4WD Trator"},"content":{"rendered":"","protected":false},"excerpt":{"rendered":"<p><strong>Especifica\u00e7\u00e3o<\/strong><\/p>\n<p>Pot\u00eancia do motor: 35HP<br \/>\nCombust\u00edvel: Diesel<br \/>\nCanopy: Dispon\u00edvel<br \/>\nDire\u00e7\u00e3o hidr\u00e1ulica<br \/>\nTamanho do pneu: Dianteiro 6,5*16 \/ Traseiro 11,2*24<br \/>\nPeso dianteiro: 60Kg<br \/>\nCapacidade de carga hidr\u00e1ulica: 600 Kg<\/p>\n","protected":false},"featured_media":2059,"template":"","meta":[],"product_brand":[],"product_cat":[90,28],"product_tag":[],"class_list":{"0":"post-2058","1":"product","2":"type-product","3":"status-publish","4":"has-post-thumbnail","6":"product_cat-minitratores-4wd","7":"product_cat-tratores","9":"first","10":"instock","11":"shipping-taxable","12":"product-type-simple"},"aioseo_notices":[],"_links":{"self":[{"href":"https:\/\/www.tractors.co.mz\/pt\/wp-json\/wp\/v2\/product\/2058","targetHints":{"allow":["GET"]}}],"collection":[{"href":"https:\/\/www.tractors.co.mz\/pt\/wp-json\/wp\/v2\/product"}],"about":[{"href":"https:\/\/www.tractors.co.mz\/pt\/wp-json\/wp\/v2\/types\/product"}],"wp:featuredmedia":[{"embeddable":true,"href":"https:\/\/www.tractors.co.mz\/pt\/wp-json\/wp\/v2\/media\/2059"}],"wp:attachment":[{"href":"https:\/\/www.tractors.co.mz\/pt\/wp-json\/wp\/v2\/media?parent=2058"}],"wp:term":[{"taxonomy":"product_brand","embeddable":true,"href":"https:\/\/www.tractors.co.mz\/pt\/wp-json\/wp\/v2\/product_brand?post=2058"},{"taxonomy":"product_cat","embeddable":true,"href":"https:\/\/www.tractors.co.mz\/pt\/wp-json\/wp\/v2\/product_cat?post=2058"},{"taxonomy":"product_tag","embeddable":true,"href":"https:\/\/www.tractors.co.mz\/pt\/wp-json\/wp\/v2\/product_tag?post=2058"}],"curies":[{"name":"wp","href":"https:\/\/api.w.org\/{rel}","templated":true}]}}