{"id":1951,"date":"2024-11-14T09:02:22","date_gmt":"2024-11-14T09:02:22","guid":{"rendered":"https:\/\/www.tractors.co.mz\/pt\/?post_type=product&#038;p=1951"},"modified":"2024-11-14T09:02:22","modified_gmt":"2024-11-14T09:02:22","slug":"enfardadeira-de-feno","status":"publish","type":"product","link":"https:\/\/www.tractors.co.mz\/pt\/product\/enfardadeira-de-feno\/","title":{"rendered":"Enfardadeira de feno"},"content":{"rendered":"<h3>Enfardadeira de feno redonda acionada por tomada de for\u00e7a por trator<\/h3>\n<h4>Funcionalidades:<\/h4>\n<p>fa\u00e7a a colheita e o embalamento de uma s\u00f3 vez<br \/>\nf\u00e1cil de transportar e armazenar ap\u00f3s cintar<br \/>\npequeno volume, estrutura leve e compacta, f\u00e1cil de operar<br \/>\npode ser seguido nas ceifeiras-debulhadoras para obter o melhor efeito, poupar tempo e esfor\u00e7o<\/p>\n<p>A enfardadeira de feno redonda \u00e9 utilizada principalmente para recolher palha e embalar palha de trigo, palha de milho, etc.<\/p>\n<p>Conveniente para transporte, manuten\u00e7\u00e3o e processamento profundo.<\/p>\n<p>Esta m\u00e1quina pode trabalhar em quintas e pastagens, pode tamb\u00e9m ajustar o comprimento e a densidade em fun\u00e7\u00e3o das necessidades da mat\u00e9ria-prima, transporte e manuten\u00e7\u00e3o.<\/p>\n","protected":false},"excerpt":{"rendered":"<p><strong>Especifica\u00e7\u00f5es da enfardadeira de feno<\/strong><\/p>\n<p>Tamanho do fardo (di\u00e2metro largura) (cm): 61&#215;70<br \/>\nDimens\u00e3o total (CxLxA)(cm): 130x130x135<br \/>\nPeso da Estrutura (kg): 440<br \/>\nLargura de capta\u00e7\u00e3o (cm): 80<br \/>\nEfici\u00eancia (km\/h): 2-5<br \/>\nPneu: 16&#215;6,50-8-4PR<br \/>\nPot\u00eancia correspondente (cv): 25-50<br \/>\nVelocidade da tomada de for\u00e7a (rpm): 540<\/p>\n","protected":false},"featured_media":1952,"template":"","meta":[],"product_brand":[],"product_cat":[22],"product_tag":[],"class_list":{"0":"post-1951","1":"product","2":"type-product","3":"status-publish","4":"has-post-thumbnail","6":"product_cat-implementos-agricolas","8":"first","9":"instock","10":"shipping-taxable","11":"product-type-simple"},"aioseo_notices":[],"_links":{"self":[{"href":"https:\/\/www.tractors.co.mz\/pt\/wp-json\/wp\/v2\/product\/1951","targetHints":{"allow":["GET"]}}],"collection":[{"href":"https:\/\/www.tractors.co.mz\/pt\/wp-json\/wp\/v2\/product"}],"about":[{"href":"https:\/\/www.tractors.co.mz\/pt\/wp-json\/wp\/v2\/types\/product"}],"wp:featuredmedia":[{"embeddable":true,"href":"https:\/\/www.tractors.co.mz\/pt\/wp-json\/wp\/v2\/media\/1952"}],"wp:attachment":[{"href":"https:\/\/www.tractors.co.mz\/pt\/wp-json\/wp\/v2\/media?parent=1951"}],"wp:term":[{"taxonomy":"product_brand","embeddable":true,"href":"https:\/\/www.tractors.co.mz\/pt\/wp-json\/wp\/v2\/product_brand?post=1951"},{"taxonomy":"product_cat","embeddable":true,"href":"https:\/\/www.tractors.co.mz\/pt\/wp-json\/wp\/v2\/product_cat?post=1951"},{"taxonomy":"product_tag","embeddable":true,"href":"https:\/\/www.tractors.co.mz\/pt\/wp-json\/wp\/v2\/product_tag?post=1951"}],"curies":[{"name":"wp","href":"https:\/\/api.w.org\/{rel}","templated":true}]}}