{"id":1930,"date":"2024-10-08T14:31:39","date_gmt":"2024-10-08T14:31:39","guid":{"rendered":"https:\/\/www.tractors.co.mz\/pt\/?post_type=product&#038;p=1930"},"modified":"2025-07-02T11:38:32","modified_gmt":"2025-07-02T11:38:32","slug":"arado-sulcador-trator-mt-24","status":"publish","type":"product","link":"https:\/\/www.tractors.co.mz\/pt\/product\/arado-sulcador-trator-mt-24\/","title":{"rendered":"Arado Sulcador (Trator MT-24)"},"content":{"rendered":"","protected":false},"excerpt":{"rendered":"<p><strong>Especifica\u00e7\u00f5es T\u00e9cnicas<\/strong><\/p>\n<p>Capacidade do tractor: 15 &#8211; 25 HP<br \/>\nLargura de corte (mm): 400<br \/>\nProfundidade de corte (mm): 200 &#8211; 250<br \/>\nQuantidade de sulco: 2<br \/>\nPeso (kg): 64<br \/>\nArticula\u00e7\u00e3o: Montagem em tr\u00eas pontos<\/p>\n","protected":false},"featured_media":1931,"template":"","meta":[],"product_brand":[],"product_cat":[97,22],"product_tag":[],"class_list":{"0":"post-1930","1":"product","2":"type-product","3":"status-publish","4":"has-post-thumbnail","6":"product_cat-alfaias-para-mini-tratores-4wd","7":"product_cat-implementos-agricolas","9":"first","10":"instock","11":"shipping-taxable","12":"product-type-simple"},"aioseo_notices":[],"_links":{"self":[{"href":"https:\/\/www.tractors.co.mz\/pt\/wp-json\/wp\/v2\/product\/1930","targetHints":{"allow":["GET"]}}],"collection":[{"href":"https:\/\/www.tractors.co.mz\/pt\/wp-json\/wp\/v2\/product"}],"about":[{"href":"https:\/\/www.tractors.co.mz\/pt\/wp-json\/wp\/v2\/types\/product"}],"wp:featuredmedia":[{"embeddable":true,"href":"https:\/\/www.tractors.co.mz\/pt\/wp-json\/wp\/v2\/media\/1931"}],"wp:attachment":[{"href":"https:\/\/www.tractors.co.mz\/pt\/wp-json\/wp\/v2\/media?parent=1930"}],"wp:term":[{"taxonomy":"product_brand","embeddable":true,"href":"https:\/\/www.tractors.co.mz\/pt\/wp-json\/wp\/v2\/product_brand?post=1930"},{"taxonomy":"product_cat","embeddable":true,"href":"https:\/\/www.tractors.co.mz\/pt\/wp-json\/wp\/v2\/product_cat?post=1930"},{"taxonomy":"product_tag","embeddable":true,"href":"https:\/\/www.tractors.co.mz\/pt\/wp-json\/wp\/v2\/product_tag?post=1930"}],"curies":[{"name":"wp","href":"https:\/\/api.w.org\/{rel}","templated":true}]}}