{"id":1925,"date":"2024-10-08T14:30:04","date_gmt":"2024-10-08T14:30:04","guid":{"rendered":"https:\/\/www.tractors.co.mz\/pt\/?post_type=product&#038;p=1925"},"modified":"2025-07-02T11:38:45","modified_gmt":"2025-07-02T11:38:45","slug":"charrua-de-discos-trator-mt-24","status":"publish","type":"product","link":"https:\/\/www.tractors.co.mz\/pt\/product\/charrua-de-discos-trator-mt-24\/","title":{"rendered":"Charrua de Discos (Trator MT-24)"},"content":{"rendered":"","protected":false},"excerpt":{"rendered":"<p><strong>Especifica\u00e7\u00f5es T\u00e9cnicas<\/strong><\/p>\n<p>Largura de trabalho (mm): 400<br \/>\nProfundidade de trabalho (mm): 200<br \/>\nDi\u00e2metro do disco (mm): 510<br \/>\nQuantidade de disco: 2<br \/>\nPeso (KG): 150<br \/>\nPot\u00eancia do tractor (HP): 18 &#8211; 25 HP<br \/>\nArticula\u00e7\u00e3o: Suspens\u00e3o de tr\u00eas pontos tipo II<\/p>\n","protected":false},"featured_media":1926,"template":"","meta":[],"product_brand":[],"product_cat":[97,22],"product_tag":[],"class_list":{"0":"post-1925","1":"product","2":"type-product","3":"status-publish","4":"has-post-thumbnail","6":"product_cat-alfaias-para-mini-tratores-4wd","7":"product_cat-implementos-agricolas","9":"first","10":"instock","11":"shipping-taxable","12":"product-type-simple"},"aioseo_notices":[],"_links":{"self":[{"href":"https:\/\/www.tractors.co.mz\/pt\/wp-json\/wp\/v2\/product\/1925","targetHints":{"allow":["GET"]}}],"collection":[{"href":"https:\/\/www.tractors.co.mz\/pt\/wp-json\/wp\/v2\/product"}],"about":[{"href":"https:\/\/www.tractors.co.mz\/pt\/wp-json\/wp\/v2\/types\/product"}],"wp:featuredmedia":[{"embeddable":true,"href":"https:\/\/www.tractors.co.mz\/pt\/wp-json\/wp\/v2\/media\/1926"}],"wp:attachment":[{"href":"https:\/\/www.tractors.co.mz\/pt\/wp-json\/wp\/v2\/media?parent=1925"}],"wp:term":[{"taxonomy":"product_brand","embeddable":true,"href":"https:\/\/www.tractors.co.mz\/pt\/wp-json\/wp\/v2\/product_brand?post=1925"},{"taxonomy":"product_cat","embeddable":true,"href":"https:\/\/www.tractors.co.mz\/pt\/wp-json\/wp\/v2\/product_cat?post=1925"},{"taxonomy":"product_tag","embeddable":true,"href":"https:\/\/www.tractors.co.mz\/pt\/wp-json\/wp\/v2\/product_tag?post=1925"}],"curies":[{"name":"wp","href":"https:\/\/api.w.org\/{rel}","templated":true}]}}