{"id":1920,"date":"2024-10-08T14:28:26","date_gmt":"2024-10-08T14:28:26","guid":{"rendered":"https:\/\/www.tractors.co.mz\/pt\/?post_type=product&#038;p=1920"},"modified":"2025-07-24T08:36:44","modified_gmt":"2025-07-24T08:36:44","slug":"plantador-de-milho-trator-mt-24","status":"publish","type":"product","link":"https:\/\/www.tractors.co.mz\/pt\/product\/plantador-de-milho-trator-mt-24\/","title":{"rendered":"Plantador de milho (Trator MT-35)"},"content":{"rendered":"","protected":false},"excerpt":{"rendered":"<p><strong>Especifica\u00e7\u00f5es T\u00e9cnicas<\/strong><\/p>\n<p>Linhas: 2, 3 e 4<br \/>\nEspa\u00e7amento entre Linhas (mm): 500 \u2013 700<br \/>\nProfundidade de Fertiliza\u00e7\u00e3o (mm): 30 \u2013 70<br \/>\nRendimento de Fertiliza\u00e7\u00e3o (kg\/m\u00b3): 90 \u2013 415<br \/>\nProfundidade de Semeadura (mm): 30 \u2013 50<br \/>\nEngrenagem: Montagem em 3 Pontos<br \/>\nVelocidade (km\/h): 5 \u2013 7<br \/>\nPeso (kg): 150<br \/>\nCapacidade do Trator: 18 \u2013 25 HP<\/p>\n","protected":false},"featured_media":2298,"template":"","meta":[],"product_brand":[],"product_cat":[97,22],"product_tag":[],"class_list":{"0":"post-1920","1":"product","2":"type-product","3":"status-publish","4":"has-post-thumbnail","6":"product_cat-alfaias-para-mini-tratores-4wd","7":"product_cat-implementos-agricolas","9":"first","10":"instock","11":"shipping-taxable","12":"product-type-simple"},"aioseo_notices":[],"_links":{"self":[{"href":"https:\/\/www.tractors.co.mz\/pt\/wp-json\/wp\/v2\/product\/1920","targetHints":{"allow":["GET"]}}],"collection":[{"href":"https:\/\/www.tractors.co.mz\/pt\/wp-json\/wp\/v2\/product"}],"about":[{"href":"https:\/\/www.tractors.co.mz\/pt\/wp-json\/wp\/v2\/types\/product"}],"wp:featuredmedia":[{"embeddable":true,"href":"https:\/\/www.tractors.co.mz\/pt\/wp-json\/wp\/v2\/media\/2298"}],"wp:attachment":[{"href":"https:\/\/www.tractors.co.mz\/pt\/wp-json\/wp\/v2\/media?parent=1920"}],"wp:term":[{"taxonomy":"product_brand","embeddable":true,"href":"https:\/\/www.tractors.co.mz\/pt\/wp-json\/wp\/v2\/product_brand?post=1920"},{"taxonomy":"product_cat","embeddable":true,"href":"https:\/\/www.tractors.co.mz\/pt\/wp-json\/wp\/v2\/product_cat?post=1920"},{"taxonomy":"product_tag","embeddable":true,"href":"https:\/\/www.tractors.co.mz\/pt\/wp-json\/wp\/v2\/product_tag?post=1920"}],"curies":[{"name":"wp","href":"https:\/\/api.w.org\/{rel}","templated":true}]}}