{"id":1901,"date":"2024-10-08T14:23:52","date_gmt":"2024-10-08T14:23:52","guid":{"rendered":"https:\/\/www.tractors.co.mz\/pt\/?post_type=product&#038;p=1901"},"modified":"2025-07-11T06:50:16","modified_gmt":"2025-07-11T06:50:16","slug":"trator-massive-mt-504","status":"publish","type":"product","link":"https:\/\/www.tractors.co.mz\/pt\/product\/trator-massive-mt-504\/","title":{"rendered":"Massive MT-504 4WD Trator"},"content":{"rendered":"<p><iframe loading=\"lazy\" title=\"YouTube video player\" src=\"https:\/\/www.youtube.com\/embed\/4Pkkl4bdE3Y?si=poaT_Byk_rOz64du\" width=\"100%\" height=\"\" frameborder=\"0\" allowfullscreen=\"allowfullscreen\"><\/iframe><\/p>\n","protected":false},"excerpt":{"rendered":"<p><strong>Especifica\u00e7\u00f5es do tractor MT-504 4WD 50HP<\/strong><\/p>\n<p>Tra\u00e7\u00e3o: 4X4<br \/>\nDimens\u00e3o (C*L*A) mm: 3350*1500*1860<br \/>\nPeso (quilograma): 1400<br \/>\nPasso da roda dianteira (mm): 970 1200 1300<br \/>\nPasso da roda traseira (mm): 1000-1300<br \/>\nDist\u00e2ncia entre eixos (mm): 1600<br \/>\nEspa\u00e7o livre m\u00ednimo do terreno (mm): 330<br \/>\nMudan\u00e7as de velocidade: 8F + 8R<br \/>\nCaixa de transmiss\u00e3o: (4+4)*2<br \/>\nMedida do pneu: 8,3-20 \/ 12,8-28<br \/>\nRevolu\u00e7\u00e3o nominal (r\/min): 2200\/2400<br \/>\nEmbraiagem: Embraiagem de est\u00e1gio \u00fanico de fric\u00e7\u00e3o a seco<br \/>\nModo de arranque: El\u00e9trico<br \/>\nTomada de for\u00e7a: 6 estrias 540\/720<\/p>\n<p>Embraiagem \u00fanica, dire\u00e7\u00e3o assistida (4&#215;4), peso de balastro dianteiro e traseiro<br \/>\nMedidor combinado, v\u00e1lvulas multivias<\/p>\n","protected":false},"featured_media":1902,"template":"","meta":[],"product_brand":[],"product_cat":[90,28],"product_tag":[],"class_list":{"0":"post-1901","1":"product","2":"type-product","3":"status-publish","4":"has-post-thumbnail","6":"product_cat-minitratores-4wd","7":"product_cat-tratores","9":"first","10":"instock","11":"shipping-taxable","12":"product-type-simple"},"aioseo_notices":[],"_links":{"self":[{"href":"https:\/\/www.tractors.co.mz\/pt\/wp-json\/wp\/v2\/product\/1901","targetHints":{"allow":["GET"]}}],"collection":[{"href":"https:\/\/www.tractors.co.mz\/pt\/wp-json\/wp\/v2\/product"}],"about":[{"href":"https:\/\/www.tractors.co.mz\/pt\/wp-json\/wp\/v2\/types\/product"}],"wp:featuredmedia":[{"embeddable":true,"href":"https:\/\/www.tractors.co.mz\/pt\/wp-json\/wp\/v2\/media\/1902"}],"wp:attachment":[{"href":"https:\/\/www.tractors.co.mz\/pt\/wp-json\/wp\/v2\/media?parent=1901"}],"wp:term":[{"taxonomy":"product_brand","embeddable":true,"href":"https:\/\/www.tractors.co.mz\/pt\/wp-json\/wp\/v2\/product_brand?post=1901"},{"taxonomy":"product_cat","embeddable":true,"href":"https:\/\/www.tractors.co.mz\/pt\/wp-json\/wp\/v2\/product_cat?post=1901"},{"taxonomy":"product_tag","embeddable":true,"href":"https:\/\/www.tractors.co.mz\/pt\/wp-json\/wp\/v2\/product_tag?post=1901"}],"curies":[{"name":"wp","href":"https:\/\/api.w.org\/{rel}","templated":true}]}}