{"id":1891,"date":"2024-10-08T14:16:53","date_gmt":"2024-10-08T14:16:53","guid":{"rendered":"https:\/\/www.tractors.co.mz\/pt\/?post_type=product&#038;p=1891"},"modified":"2025-07-11T06:49:35","modified_gmt":"2025-07-11T06:49:35","slug":"trator-massive-mt-24-com-leme","status":"publish","type":"product","link":"https:\/\/www.tractors.co.mz\/pt\/product\/trator-massive-mt-24-com-leme\/","title":{"rendered":"Massive MT-24 4WD Trator"},"content":{"rendered":"<p><iframe loading=\"lazy\" title=\"YouTube video player\" src=\"https:\/\/www.youtube.com\/embed\/O7IOewXF0NM?si=RdAnp-IxdqMDgq55\" width=\"100%\" height=\"\" frameborder=\"0\" allowfullscreen=\"allowfullscreen\"><\/iframe><\/p>\n","protected":false},"excerpt":{"rendered":"<p><strong>Especifica\u00e7\u00f5es do tractor MT-24 4WD 24HP<\/strong><\/p>\n<p>Dimens\u00e3o (C*L*A) mm: 2500*1200*1300<br \/>\nMedida do pneu: 600-12\/950-16<br \/>\nMudan\u00e7as de velocidade: (3+1)*2<br \/>\nTomada de for\u00e7a: 540rpm<br \/>\nLiga\u00e7\u00e3o: liga\u00e7\u00e3o de 3 pontos<\/p>\n","protected":false},"featured_media":1892,"template":"","meta":[],"product_brand":[],"product_cat":[90,28],"product_tag":[],"class_list":{"0":"post-1891","1":"product","2":"type-product","3":"status-publish","4":"has-post-thumbnail","6":"product_cat-minitratores-4wd","7":"product_cat-tratores","9":"first","10":"instock","11":"shipping-taxable","12":"product-type-simple"},"aioseo_notices":[],"_links":{"self":[{"href":"https:\/\/www.tractors.co.mz\/pt\/wp-json\/wp\/v2\/product\/1891","targetHints":{"allow":["GET"]}}],"collection":[{"href":"https:\/\/www.tractors.co.mz\/pt\/wp-json\/wp\/v2\/product"}],"about":[{"href":"https:\/\/www.tractors.co.mz\/pt\/wp-json\/wp\/v2\/types\/product"}],"wp:featuredmedia":[{"embeddable":true,"href":"https:\/\/www.tractors.co.mz\/pt\/wp-json\/wp\/v2\/media\/1892"}],"wp:attachment":[{"href":"https:\/\/www.tractors.co.mz\/pt\/wp-json\/wp\/v2\/media?parent=1891"}],"wp:term":[{"taxonomy":"product_brand","embeddable":true,"href":"https:\/\/www.tractors.co.mz\/pt\/wp-json\/wp\/v2\/product_brand?post=1891"},{"taxonomy":"product_cat","embeddable":true,"href":"https:\/\/www.tractors.co.mz\/pt\/wp-json\/wp\/v2\/product_cat?post=1891"},{"taxonomy":"product_tag","embeddable":true,"href":"https:\/\/www.tractors.co.mz\/pt\/wp-json\/wp\/v2\/product_tag?post=1891"}],"curies":[{"name":"wp","href":"https:\/\/api.w.org\/{rel}","templated":true}]}}