{"id":1881,"date":"2024-08-29T11:05:35","date_gmt":"2024-08-29T11:05:35","guid":{"rendered":"https:\/\/www.tractors.co.mz\/pt\/?post_type=product&#038;p=1881"},"modified":"2024-08-29T11:05:35","modified_gmt":"2024-08-29T11:05:35","slug":"plantador-de-vegetais","status":"publish","type":"product","link":"https:\/\/www.tractors.co.mz\/pt\/product\/plantador-de-vegetais\/","title":{"rendered":"Plantador de vegetais"},"content":{"rendered":"","protected":false},"excerpt":{"rendered":"<p><strong>Especifica\u00e7\u00f5es<\/strong><\/p>\n<p>Balsa de Sementeira: 6<br \/>\nEspa\u00e7amento entre linhas: 8-15,5 cm<br \/>\nEspa\u00e7amento de planta\u00e7\u00e3o: fevereiro-51<br \/>\nProfundidade de planta\u00e7\u00e3o: 0-3 cm<br \/>\nSupress\u00e3o de largura: 67 cm<br \/>\nDimens\u00e3o: 98*75*50 cm<br \/>\nPeso l\u00edquido: 26,5 kg<br \/>\nPeso Bruto: 32,5 kg<br \/>\nTamanho da embalagem: 90*76*35 cm<\/p>\n","protected":false},"featured_media":1882,"template":"","meta":[],"product_brand":[],"product_cat":[22],"product_tag":[],"class_list":{"0":"post-1881","1":"product","2":"type-product","3":"status-publish","4":"has-post-thumbnail","6":"product_cat-implementos-agricolas","8":"first","9":"instock","10":"shipping-taxable","11":"product-type-simple"},"aioseo_notices":[],"_links":{"self":[{"href":"https:\/\/www.tractors.co.mz\/pt\/wp-json\/wp\/v2\/product\/1881","targetHints":{"allow":["GET"]}}],"collection":[{"href":"https:\/\/www.tractors.co.mz\/pt\/wp-json\/wp\/v2\/product"}],"about":[{"href":"https:\/\/www.tractors.co.mz\/pt\/wp-json\/wp\/v2\/types\/product"}],"wp:featuredmedia":[{"embeddable":true,"href":"https:\/\/www.tractors.co.mz\/pt\/wp-json\/wp\/v2\/media\/1882"}],"wp:attachment":[{"href":"https:\/\/www.tractors.co.mz\/pt\/wp-json\/wp\/v2\/media?parent=1881"}],"wp:term":[{"taxonomy":"product_brand","embeddable":true,"href":"https:\/\/www.tractors.co.mz\/pt\/wp-json\/wp\/v2\/product_brand?post=1881"},{"taxonomy":"product_cat","embeddable":true,"href":"https:\/\/www.tractors.co.mz\/pt\/wp-json\/wp\/v2\/product_cat?post=1881"},{"taxonomy":"product_tag","embeddable":true,"href":"https:\/\/www.tractors.co.mz\/pt\/wp-json\/wp\/v2\/product_tag?post=1881"}],"curies":[{"name":"wp","href":"https:\/\/api.w.org\/{rel}","templated":true}]}}