{"id":1863,"date":"2024-07-05T13:59:11","date_gmt":"2024-07-05T13:59:11","guid":{"rendered":"https:\/\/www.tractors.co.mz\/pt\/?post_type=product&#038;p=1863"},"modified":"2024-07-05T13:59:11","modified_gmt":"2024-07-05T13:59:11","slug":"grade-de-disco-hidraulica","status":"publish","type":"product","link":"https:\/\/www.tractors.co.mz\/pt\/product\/grade-de-disco-hidraulica\/","title":{"rendered":"Grade de disco hidr\u00e1ulica"},"content":{"rendered":"","protected":false},"excerpt":{"rendered":"<p><strong>Especifica\u00e7\u00f5es<\/strong><br \/>\nLargura de trabalho 145 cm \u2013 167 cm<br \/>\nTamanho dos discos 61 cm<br \/>\nPeso 685 Kg<br \/>\nN\u00fameros de discos dispon\u00edveis 12, 14, 16, 18, 20<\/p>\n","protected":false},"featured_media":1864,"template":"","meta":[],"product_brand":[],"product_cat":[22],"product_tag":[],"class_list":{"0":"post-1863","1":"product","2":"type-product","3":"status-publish","4":"has-post-thumbnail","6":"product_cat-implementos-agricolas","8":"first","9":"instock","10":"shipping-taxable","11":"product-type-simple"},"aioseo_notices":[],"_links":{"self":[{"href":"https:\/\/www.tractors.co.mz\/pt\/wp-json\/wp\/v2\/product\/1863","targetHints":{"allow":["GET"]}}],"collection":[{"href":"https:\/\/www.tractors.co.mz\/pt\/wp-json\/wp\/v2\/product"}],"about":[{"href":"https:\/\/www.tractors.co.mz\/pt\/wp-json\/wp\/v2\/types\/product"}],"wp:featuredmedia":[{"embeddable":true,"href":"https:\/\/www.tractors.co.mz\/pt\/wp-json\/wp\/v2\/media\/1864"}],"wp:attachment":[{"href":"https:\/\/www.tractors.co.mz\/pt\/wp-json\/wp\/v2\/media?parent=1863"}],"wp:term":[{"taxonomy":"product_brand","embeddable":true,"href":"https:\/\/www.tractors.co.mz\/pt\/wp-json\/wp\/v2\/product_brand?post=1863"},{"taxonomy":"product_cat","embeddable":true,"href":"https:\/\/www.tractors.co.mz\/pt\/wp-json\/wp\/v2\/product_cat?post=1863"},{"taxonomy":"product_tag","embeddable":true,"href":"https:\/\/www.tractors.co.mz\/pt\/wp-json\/wp\/v2\/product_tag?post=1863"}],"curies":[{"name":"wp","href":"https:\/\/api.w.org\/{rel}","templated":true}]}}