{"id":1722,"date":"2024-05-31T14:01:14","date_gmt":"2024-05-31T14:01:14","guid":{"rendered":"https:\/\/www.tractors.co.mz\/pt\/?post_type=product&#038;p=1722"},"modified":"2024-05-31T14:01:14","modified_gmt":"2024-05-31T14:01:14","slug":"folha-3mm-do-reboque","status":"publish","type":"product","link":"https:\/\/www.tractors.co.mz\/pt\/product\/folha-3mm-do-reboque\/","title":{"rendered":"Folha 3MM do reboque"},"content":{"rendered":"","protected":false},"excerpt":{"rendered":"<p><strong>Especifica\u00e7\u00f5es t\u00e9cnicas:<\/strong><br \/>\nDimens\u00e3o do transporte (mm): 2000*1000*400<br \/>\nDimens\u00e3o total (mm): 3700*1450*1300<br \/>\nPeso nominal da carga (kg): 1500<br \/>\nPeso morto (kg): 260<br \/>\nPneu: 6,50-16\/2<br \/>\nFormul\u00e1rio de descarregamento: inclina\u00e7\u00e3o manual para tr\u00e1s<br \/>\nForma de freio: Freio a p\u00e9<br \/>\nPot\u00eancia correspondente (HP): 12 a 18 HP<\/p>\n","protected":false},"featured_media":1723,"template":"","meta":[],"product_brand":[],"product_cat":[22,89],"product_tag":[],"class_list":{"0":"post-1722","1":"product","2":"type-product","3":"status-publish","4":"has-post-thumbnail","6":"product_cat-implementos-agricolas","7":"product_cat-implementos-de-trator-ambulante","9":"first","10":"instock","11":"shipping-taxable","12":"product-type-simple"},"aioseo_notices":[],"_links":{"self":[{"href":"https:\/\/www.tractors.co.mz\/pt\/wp-json\/wp\/v2\/product\/1722","targetHints":{"allow":["GET"]}}],"collection":[{"href":"https:\/\/www.tractors.co.mz\/pt\/wp-json\/wp\/v2\/product"}],"about":[{"href":"https:\/\/www.tractors.co.mz\/pt\/wp-json\/wp\/v2\/types\/product"}],"wp:featuredmedia":[{"embeddable":true,"href":"https:\/\/www.tractors.co.mz\/pt\/wp-json\/wp\/v2\/media\/1723"}],"wp:attachment":[{"href":"https:\/\/www.tractors.co.mz\/pt\/wp-json\/wp\/v2\/media?parent=1722"}],"wp:term":[{"taxonomy":"product_brand","embeddable":true,"href":"https:\/\/www.tractors.co.mz\/pt\/wp-json\/wp\/v2\/product_brand?post=1722"},{"taxonomy":"product_cat","embeddable":true,"href":"https:\/\/www.tractors.co.mz\/pt\/wp-json\/wp\/v2\/product_cat?post=1722"},{"taxonomy":"product_tag","embeddable":true,"href":"https:\/\/www.tractors.co.mz\/pt\/wp-json\/wp\/v2\/product_tag?post=1722"}],"curies":[{"name":"wp","href":"https:\/\/api.w.org\/{rel}","templated":true}]}}