{"id":1714,"date":"2024-05-31T13:58:23","date_gmt":"2024-05-31T13:58:23","guid":{"rendered":"https:\/\/www.tractors.co.mz\/pt\/?post_type=product&#038;p=1714"},"modified":"2024-05-31T13:58:23","modified_gmt":"2024-05-31T13:58:23","slug":"leme-rotativo-24-laminas-trator-andante","status":"publish","type":"product","link":"https:\/\/www.tractors.co.mz\/pt\/product\/leme-rotativo-24-laminas-trator-andante\/","title":{"rendered":"Leme Rotativo 24 L\u00e2minas (Trator Andante)"},"content":{"rendered":"","protected":false},"excerpt":{"rendered":"<p><strong>Especifica\u00e7\u00f5es t\u00e9cnicas:<\/strong><\/p>\n<p>Dimens\u00e3o (mm): 1250*550*560<br \/>\nLargura de trabalho (cm): 115<br \/>\nVelocidade de entrada da tomada de for\u00e7a (rpm): 540 r\/min<br \/>\nPeso (Kg): 135 kg<\/p>\n","protected":false},"featured_media":1715,"template":"","meta":[],"product_brand":[],"product_cat":[22,89],"product_tag":[],"class_list":{"0":"post-1714","1":"product","2":"type-product","3":"status-publish","4":"has-post-thumbnail","6":"product_cat-implementos-agricolas","7":"product_cat-implementos-de-trator-ambulante","9":"first","10":"instock","11":"shipping-taxable","12":"product-type-simple"},"aioseo_notices":[],"_links":{"self":[{"href":"https:\/\/www.tractors.co.mz\/pt\/wp-json\/wp\/v2\/product\/1714","targetHints":{"allow":["GET"]}}],"collection":[{"href":"https:\/\/www.tractors.co.mz\/pt\/wp-json\/wp\/v2\/product"}],"about":[{"href":"https:\/\/www.tractors.co.mz\/pt\/wp-json\/wp\/v2\/types\/product"}],"wp:featuredmedia":[{"embeddable":true,"href":"https:\/\/www.tractors.co.mz\/pt\/wp-json\/wp\/v2\/media\/1715"}],"wp:attachment":[{"href":"https:\/\/www.tractors.co.mz\/pt\/wp-json\/wp\/v2\/media?parent=1714"}],"wp:term":[{"taxonomy":"product_brand","embeddable":true,"href":"https:\/\/www.tractors.co.mz\/pt\/wp-json\/wp\/v2\/product_brand?post=1714"},{"taxonomy":"product_cat","embeddable":true,"href":"https:\/\/www.tractors.co.mz\/pt\/wp-json\/wp\/v2\/product_cat?post=1714"},{"taxonomy":"product_tag","embeddable":true,"href":"https:\/\/www.tractors.co.mz\/pt\/wp-json\/wp\/v2\/product_tag?post=1714"}],"curies":[{"name":"wp","href":"https:\/\/api.w.org\/{rel}","templated":true}]}}