{"id":1705,"date":"2024-05-31T13:56:34","date_gmt":"2024-05-31T13:56:34","guid":{"rendered":"https:\/\/www.tractors.co.mz\/pt\/?post_type=product&#038;p=1705"},"modified":"2024-05-31T13:56:34","modified_gmt":"2024-05-31T13:56:34","slug":"ceifador-1-2-ou-1-5","status":"publish","type":"product","link":"https:\/\/www.tractors.co.mz\/pt\/product\/ceifador-1-2-ou-1-5\/","title":{"rendered":"Ceifador 1.2 ou 1.5"},"content":{"rendered":"","protected":false},"excerpt":{"rendered":"<p>Especifica\u00e7\u00f5es t\u00e9cnicas:<\/p>\n<p>Tipo de mesa de corte: tipo vertical<br \/>\nLargura de corte: 1200 mm \/ 1500 mm<br \/>\nAltura m\u00ednima de corte: &gt;50 mm \/ &gt;=30~50<br \/>\nTipo de coloca\u00e7\u00e3o: Lado s\u00e1bio e colocado em faixas<br \/>\nProdutividade: 2200-2600 M2\/h<br \/>\nPot\u00eancia diesel correspondente: 12 ~ 20 HP<br \/>\nEspa\u00e7o dos dentes: 127 mm<br \/>\nVelocidade de funcionamento da manivela: 55 r\/min<br \/>\nDi\u00e2metro da roda estrelada: 280 mm<br \/>\nVelocidade de trabalho: 2,6 \u2013 3,6 km\/h<br \/>\nVelocidade da corrente: 2,24 m\/s<br \/>\nN\u00famero de operador: 1<br \/>\nDimens\u00f5es totais: C 2.200 x L 1.600 x A 1.100 mm<br \/>\nPeso total: 215 kg\/230 kg<\/p>\n","protected":false},"featured_media":1706,"template":"","meta":[],"product_brand":[],"product_cat":[22,89],"product_tag":[],"class_list":{"0":"post-1705","1":"product","2":"type-product","3":"status-publish","4":"has-post-thumbnail","6":"product_cat-implementos-agricolas","7":"product_cat-implementos-de-trator-ambulante","9":"first","10":"instock","11":"shipping-taxable","12":"product-type-simple"},"aioseo_notices":[],"_links":{"self":[{"href":"https:\/\/www.tractors.co.mz\/pt\/wp-json\/wp\/v2\/product\/1705","targetHints":{"allow":["GET"]}}],"collection":[{"href":"https:\/\/www.tractors.co.mz\/pt\/wp-json\/wp\/v2\/product"}],"about":[{"href":"https:\/\/www.tractors.co.mz\/pt\/wp-json\/wp\/v2\/types\/product"}],"wp:featuredmedia":[{"embeddable":true,"href":"https:\/\/www.tractors.co.mz\/pt\/wp-json\/wp\/v2\/media\/1706"}],"wp:attachment":[{"href":"https:\/\/www.tractors.co.mz\/pt\/wp-json\/wp\/v2\/media?parent=1705"}],"wp:term":[{"taxonomy":"product_brand","embeddable":true,"href":"https:\/\/www.tractors.co.mz\/pt\/wp-json\/wp\/v2\/product_brand?post=1705"},{"taxonomy":"product_cat","embeddable":true,"href":"https:\/\/www.tractors.co.mz\/pt\/wp-json\/wp\/v2\/product_cat?post=1705"},{"taxonomy":"product_tag","embeddable":true,"href":"https:\/\/www.tractors.co.mz\/pt\/wp-json\/wp\/v2\/product_tag?post=1705"}],"curies":[{"name":"wp","href":"https:\/\/api.w.org\/{rel}","templated":true}]}}