{"id":1695,"date":"2024-05-31T13:54:31","date_gmt":"2024-05-31T13:54:31","guid":{"rendered":"https:\/\/www.tractors.co.mz\/pt\/?post_type=product&#038;p=1695"},"modified":"2024-05-31T13:54:31","modified_gmt":"2024-05-31T13:54:31","slug":"arado-2-sulco","status":"publish","type":"product","link":"https:\/\/www.tractors.co.mz\/pt\/product\/arado-2-sulco\/","title":{"rendered":"Arado 2 Sulco"},"content":{"rendered":"","protected":false},"excerpt":{"rendered":"<p>Especifica\u00e7\u00f5es t\u00e9cnicas:<\/p>\n<p>Largura de trabalho (mm): 350-400<br \/>\nProfundidade de trabalho (mm): 100-200 mm<br \/>\nPeso (kg): 26 kg<br \/>\nPot\u00eancia correspondente (hp): 8 a 18<\/p>\n","protected":false},"featured_media":1696,"template":"","meta":[],"product_brand":[],"product_cat":[22,89],"product_tag":[],"class_list":{"0":"post-1695","1":"product","2":"type-product","3":"status-publish","4":"has-post-thumbnail","6":"product_cat-implementos-agricolas","7":"product_cat-implementos-de-trator-ambulante","9":"first","10":"instock","11":"shipping-taxable","12":"product-type-simple"},"aioseo_notices":[],"_links":{"self":[{"href":"https:\/\/www.tractors.co.mz\/pt\/wp-json\/wp\/v2\/product\/1695","targetHints":{"allow":["GET"]}}],"collection":[{"href":"https:\/\/www.tractors.co.mz\/pt\/wp-json\/wp\/v2\/product"}],"about":[{"href":"https:\/\/www.tractors.co.mz\/pt\/wp-json\/wp\/v2\/types\/product"}],"wp:featuredmedia":[{"embeddable":true,"href":"https:\/\/www.tractors.co.mz\/pt\/wp-json\/wp\/v2\/media\/1696"}],"wp:attachment":[{"href":"https:\/\/www.tractors.co.mz\/pt\/wp-json\/wp\/v2\/media?parent=1695"}],"wp:term":[{"taxonomy":"product_brand","embeddable":true,"href":"https:\/\/www.tractors.co.mz\/pt\/wp-json\/wp\/v2\/product_brand?post=1695"},{"taxonomy":"product_cat","embeddable":true,"href":"https:\/\/www.tractors.co.mz\/pt\/wp-json\/wp\/v2\/product_cat?post=1695"},{"taxonomy":"product_tag","embeddable":true,"href":"https:\/\/www.tractors.co.mz\/pt\/wp-json\/wp\/v2\/product_tag?post=1695"}],"curies":[{"name":"wp","href":"https:\/\/api.w.org\/{rel}","templated":true}]}}