{"id":1687,"date":"2024-05-31T13:52:53","date_gmt":"2024-05-31T13:52:53","guid":{"rendered":"https:\/\/www.tractors.co.mz\/pt\/?post_type=product&#038;p=1687"},"modified":"2024-05-31T13:52:53","modified_gmt":"2024-05-31T13:52:53","slug":"disco-do-movedor-2","status":"publish","type":"product","link":"https:\/\/www.tractors.co.mz\/pt\/product\/disco-do-movedor-2\/","title":{"rendered":"Disco do Movedor 2"},"content":{"rendered":"","protected":false},"excerpt":{"rendered":"<p>Especifica\u00e7\u00f5es t\u00e9cnicas:<\/p>\n<p>Largura operacional: &gt;80cm<br \/>\nVelocidade operacional: 2,0 \u2013 4,0 Km\/4<br \/>\nAltura de corte: &gt;5 cm<br \/>\nEfici\u00eancia Operacional: &gt;0,15 hm2\/h<br \/>\nVelocidade da l\u00e2mina: 1800 \u2013 2400 r\/min<br \/>\nPeso da estrutura: 27 kg<\/p>\n<p>Dimens\u00f5es:<\/p>\n<p>Comprimento: 810 mm<br \/>\nLargura: 930 mm<br \/>\nAlto: 780mm<\/p>\n","protected":false},"featured_media":1688,"template":"","meta":[],"product_brand":[],"product_cat":[22,89],"product_tag":[],"class_list":{"0":"post-1687","1":"product","2":"type-product","3":"status-publish","4":"has-post-thumbnail","6":"product_cat-implementos-agricolas","7":"product_cat-implementos-de-trator-ambulante","9":"first","10":"instock","11":"shipping-taxable","12":"product-type-simple"},"aioseo_notices":[],"_links":{"self":[{"href":"https:\/\/www.tractors.co.mz\/pt\/wp-json\/wp\/v2\/product\/1687","targetHints":{"allow":["GET"]}}],"collection":[{"href":"https:\/\/www.tractors.co.mz\/pt\/wp-json\/wp\/v2\/product"}],"about":[{"href":"https:\/\/www.tractors.co.mz\/pt\/wp-json\/wp\/v2\/types\/product"}],"wp:featuredmedia":[{"embeddable":true,"href":"https:\/\/www.tractors.co.mz\/pt\/wp-json\/wp\/v2\/media\/1688"}],"wp:attachment":[{"href":"https:\/\/www.tractors.co.mz\/pt\/wp-json\/wp\/v2\/media?parent=1687"}],"wp:term":[{"taxonomy":"product_brand","embeddable":true,"href":"https:\/\/www.tractors.co.mz\/pt\/wp-json\/wp\/v2\/product_brand?post=1687"},{"taxonomy":"product_cat","embeddable":true,"href":"https:\/\/www.tractors.co.mz\/pt\/wp-json\/wp\/v2\/product_cat?post=1687"},{"taxonomy":"product_tag","embeddable":true,"href":"https:\/\/www.tractors.co.mz\/pt\/wp-json\/wp\/v2\/product_tag?post=1687"}],"curies":[{"name":"wp","href":"https:\/\/api.w.org\/{rel}","templated":true}]}}