{"id":1678,"date":"2024-05-31T13:51:00","date_gmt":"2024-05-31T13:51:00","guid":{"rendered":"https:\/\/www.tractors.co.mz\/pt\/?post_type=product&#038;p=1678"},"modified":"2024-05-31T13:51:00","modified_gmt":"2024-05-31T13:51:00","slug":"plantador-de-milho-2-fileiras","status":"publish","type":"product","link":"https:\/\/www.tractors.co.mz\/pt\/product\/plantador-de-milho-2-fileiras\/","title":{"rendered":"Plantador de milho 2 fileiras"},"content":{"rendered":"","protected":false},"excerpt":{"rendered":"<p><strong>Especifica\u00e7\u00f5es t\u00e9cnicas:<\/strong><\/p>\n<p>Pot\u00eancia de suporte: trator ambulante de 8 a 20 HP<br \/>\nDimens\u00e3o total: 1150*1000*680mm<br \/>\nPeso total: 85 kg<br \/>\nProfundidade de semeadura: 10-100 mm<br \/>\nTamanho da caixa de fertilizante: 340*250*200 mm<br \/>\nTamanho da caixa de sementes: 110*350*200 mm<br \/>\nEspa\u00e7amento entre plantas: 180-340 mm<br \/>\nEspa\u00e7amento entre linhas: 300-700 mm<\/p>\n","protected":false},"featured_media":1679,"template":"","meta":[],"product_brand":[],"product_cat":[22,89],"product_tag":[],"class_list":{"0":"post-1678","1":"product","2":"type-product","3":"status-publish","4":"has-post-thumbnail","6":"product_cat-implementos-agricolas","7":"product_cat-implementos-de-trator-ambulante","9":"first","10":"instock","11":"shipping-taxable","12":"product-type-simple"},"aioseo_notices":[],"_links":{"self":[{"href":"https:\/\/www.tractors.co.mz\/pt\/wp-json\/wp\/v2\/product\/1678","targetHints":{"allow":["GET"]}}],"collection":[{"href":"https:\/\/www.tractors.co.mz\/pt\/wp-json\/wp\/v2\/product"}],"about":[{"href":"https:\/\/www.tractors.co.mz\/pt\/wp-json\/wp\/v2\/types\/product"}],"wp:featuredmedia":[{"embeddable":true,"href":"https:\/\/www.tractors.co.mz\/pt\/wp-json\/wp\/v2\/media\/1679"}],"wp:attachment":[{"href":"https:\/\/www.tractors.co.mz\/pt\/wp-json\/wp\/v2\/media?parent=1678"}],"wp:term":[{"taxonomy":"product_brand","embeddable":true,"href":"https:\/\/www.tractors.co.mz\/pt\/wp-json\/wp\/v2\/product_brand?post=1678"},{"taxonomy":"product_cat","embeddable":true,"href":"https:\/\/www.tractors.co.mz\/pt\/wp-json\/wp\/v2\/product_cat?post=1678"},{"taxonomy":"product_tag","embeddable":true,"href":"https:\/\/www.tractors.co.mz\/pt\/wp-json\/wp\/v2\/product_tag?post=1678"}],"curies":[{"name":"wp","href":"https:\/\/api.w.org\/{rel}","templated":true}]}}