{"id":1660,"date":"2024-05-31T13:38:56","date_gmt":"2024-05-31T13:38:56","guid":{"rendered":"https:\/\/www.tractors.co.mz\/pt\/?post_type=product&#038;p=1660"},"modified":"2024-05-31T13:45:43","modified_gmt":"2024-05-31T13:45:43","slug":"arado-de-2-discos-trator-ambulante","status":"publish","type":"product","link":"https:\/\/www.tractors.co.mz\/pt\/product\/arado-de-2-discos-trator-ambulante\/","title":{"rendered":"Arado de 2 discos (trator ambulante)"},"content":{"rendered":"<p>Esta m\u00e1quina \u00e9 totalmente montada com trator ambulante durante a opera\u00e7\u00e3o, \u00e9 adequada para opera\u00e7\u00e3o em campo com gram\u00edneas, palha e caules de culturas ou plantas, grande resist\u00eancia do solo e com muitas pedras e tijolos etc. \u00c9 bom para cortar grama e palha e n\u00e3o fica preso em grama, terra ou pedras etc. \u00c9 eficiente no trabalho e tem boa qualidade durante a opera\u00e7\u00e3o. \u00c9 f\u00e1cil de ajustar e forte.<\/p>\n<p><strong>Vantagem:<\/strong><\/p>\n<p>Versatilidade para diversas vegeta\u00e7\u00f5es.<br \/>\nDurabilidade contra condi\u00e7\u00f5es de campo dif\u00edceis.<br \/>\nCorte eficiente, aumentando a produtividade.<br \/>\nDesempenho confi\u00e1vel, minimizando o tempo de inatividade.<br \/>\nAdaptabilidade a diferentes terrenos.<br \/>\nAjuste f\u00e1cil para opera\u00e7\u00e3o otimizada.<br \/>\nNecessidades de manuten\u00e7\u00e3o potencialmente baixas.<br \/>\nCusto-benef\u00edcio ao longo de sua vida \u00fatil.<\/p>\n","protected":false},"excerpt":{"rendered":"<p><strong>Especifica\u00e7\u00f5es t\u00e9cnicas:<\/strong><\/p>\n<p>Largura de trabalho (mm): 400<br \/>\nProfundidade de trabalho (mm): 120 \u2013 180<br \/>\nN\u00ba de discos: 2<br \/>\ndi\u00e2metro do disco (mm): 390<br \/>\nPeso (kg): 38,5<br \/>\nPot\u00eancia do trator (HP): 20<\/p>\n","protected":false},"featured_media":1661,"template":"","meta":[],"product_brand":[],"product_cat":[22,89],"product_tag":[],"class_list":{"0":"post-1660","1":"product","2":"type-product","3":"status-publish","4":"has-post-thumbnail","6":"product_cat-implementos-agricolas","7":"product_cat-implementos-de-trator-ambulante","9":"first","10":"instock","11":"shipping-taxable","12":"product-type-simple"},"aioseo_notices":[],"_links":{"self":[{"href":"https:\/\/www.tractors.co.mz\/pt\/wp-json\/wp\/v2\/product\/1660","targetHints":{"allow":["GET"]}}],"collection":[{"href":"https:\/\/www.tractors.co.mz\/pt\/wp-json\/wp\/v2\/product"}],"about":[{"href":"https:\/\/www.tractors.co.mz\/pt\/wp-json\/wp\/v2\/types\/product"}],"wp:featuredmedia":[{"embeddable":true,"href":"https:\/\/www.tractors.co.mz\/pt\/wp-json\/wp\/v2\/media\/1661"}],"wp:attachment":[{"href":"https:\/\/www.tractors.co.mz\/pt\/wp-json\/wp\/v2\/media?parent=1660"}],"wp:term":[{"taxonomy":"product_brand","embeddable":true,"href":"https:\/\/www.tractors.co.mz\/pt\/wp-json\/wp\/v2\/product_brand?post=1660"},{"taxonomy":"product_cat","embeddable":true,"href":"https:\/\/www.tractors.co.mz\/pt\/wp-json\/wp\/v2\/product_cat?post=1660"},{"taxonomy":"product_tag","embeddable":true,"href":"https:\/\/www.tractors.co.mz\/pt\/wp-json\/wp\/v2\/product_tag?post=1660"}],"curies":[{"name":"wp","href":"https:\/\/api.w.org\/{rel}","templated":true}]}}