{"id":1633,"date":"2024-05-31T12:29:09","date_gmt":"2024-05-31T12:29:09","guid":{"rendered":"https:\/\/www.tractors.co.mz\/pt\/?post_type=product&#038;p=1633"},"modified":"2025-03-18T07:51:00","modified_gmt":"2025-03-18T07:51:00","slug":"enorme-trator-eletrico-ambulante-mt-22-a-venda-em-mocambique","status":"publish","type":"product","link":"https:\/\/www.tractors.co.mz\/pt\/product\/enorme-trator-eletrico-ambulante-mt-22-a-venda-em-mocambique\/","title":{"rendered":"Enorme trator el\u00e9trico ambulante MT-22 \u00e0 venda em Mo\u00e7ambique"},"content":{"rendered":"","protected":false},"excerpt":{"rendered":"<p><strong>Especifica\u00e7\u00e3o<\/strong><\/p>\n<p>Pot\u00eancia do motor: 22HP<br \/>\nCombust\u00edvel: Diesel<br \/>\nTrilha da roda: 450 mm<br \/>\nTamanho do pneu: 600-12<br \/>\nCaixa de velocidades: F6\/R2<br \/>\nTipo de embreagem: fric\u00e7\u00e3o seca<br \/>\nPeso de constru\u00e7\u00e3o: 300kgs<br \/>\nModelo do motor: condensa\u00e7\u00e3o refrigerada<br \/>\nPeso do motor: 130kg<br \/>\nModo de partida: el\u00e9trico<br \/>\nVelocidade nominal: 2200R\/min<br \/>\nPeso total: 470kgs<br \/>\nTamanho da bateria: 60A<br \/>\nGerador Externo: 150w<br \/>\nTampa da roda: sim<br \/>\nCapa de cinto: sim<\/p>\n<p><strong>Ferramentas agr\u00edcolas<\/strong><br \/>\nLeme rotativo: Largura: 130MM, L\u00e2mina: 28PCS<br \/>\nArado Duplo<\/p>\n","protected":false},"featured_media":1634,"template":"","meta":[],"product_brand":[],"product_cat":[28,88],"product_tag":[],"class_list":{"0":"post-1633","1":"product","2":"type-product","3":"status-publish","4":"has-post-thumbnail","6":"product_cat-tratores","7":"product_cat-tratores-ambulantes","9":"first","10":"instock","11":"shipping-taxable","12":"product-type-simple"},"aioseo_notices":[],"_links":{"self":[{"href":"https:\/\/www.tractors.co.mz\/pt\/wp-json\/wp\/v2\/product\/1633","targetHints":{"allow":["GET"]}}],"collection":[{"href":"https:\/\/www.tractors.co.mz\/pt\/wp-json\/wp\/v2\/product"}],"about":[{"href":"https:\/\/www.tractors.co.mz\/pt\/wp-json\/wp\/v2\/types\/product"}],"wp:featuredmedia":[{"embeddable":true,"href":"https:\/\/www.tractors.co.mz\/pt\/wp-json\/wp\/v2\/media\/1634"}],"wp:attachment":[{"href":"https:\/\/www.tractors.co.mz\/pt\/wp-json\/wp\/v2\/media?parent=1633"}],"wp:term":[{"taxonomy":"product_brand","embeddable":true,"href":"https:\/\/www.tractors.co.mz\/pt\/wp-json\/wp\/v2\/product_brand?post=1633"},{"taxonomy":"product_cat","embeddable":true,"href":"https:\/\/www.tractors.co.mz\/pt\/wp-json\/wp\/v2\/product_cat?post=1633"},{"taxonomy":"product_tag","embeddable":true,"href":"https:\/\/www.tractors.co.mz\/pt\/wp-json\/wp\/v2\/product_tag?post=1633"}],"curies":[{"name":"wp","href":"https:\/\/api.w.org\/{rel}","templated":true}]}}