{"id":1522,"date":"2023-10-04T19:10:43","date_gmt":"2023-10-04T19:10:43","guid":{"rendered":"https:\/\/www.tractors.co.mz\/?post_type=product&#038;p=1522"},"modified":"2023-11-29T06:41:03","modified_gmt":"2023-11-29T06:41:03","slug":"retroescavadeira-de-trator","status":"publish","type":"product","link":"https:\/\/www.tractors.co.mz\/pt\/product\/retroescavadeira-de-trator\/","title":{"rendered":"Retroescavadeira de trator"},"content":{"rendered":"","protected":false},"excerpt":{"rendered":"<p><strong><span>Especifica\u00e7\u00f5es da retroescavadeira<\/span><\/strong><br \/>\n<span>Tamanho da ca\u00e7amba 16&#8243; x 18&#8243;<\/span><br \/>\n<span>Arco de giro 145 graus<\/span><br \/>\n<span>Press\u00e3o hidr\u00e1ulica 2.250 PSI<\/span><br \/>\n<span>Rota\u00e7\u00e3o da ca\u00e7amba 165-170 graus<\/span><br \/>\n<span>Altura da lan\u00e7a a partir do solo 118&#8243; &#8211; 188&#8243;<\/span><br \/>\n<span>Profundidade m\u00e1xima de escava\u00e7\u00e3o 92,6&#8243; &#8211; 146&#8243;<\/span><\/p>\n","protected":false},"featured_media":1523,"template":"","meta":[],"product_brand":[],"product_cat":[22],"product_tag":[],"class_list":{"0":"post-1522","1":"product","2":"type-product","3":"status-publish","4":"has-post-thumbnail","6":"product_cat-implementos-agricolas","8":"first","9":"instock","10":"shipping-taxable","11":"product-type-simple"},"aioseo_notices":[],"_links":{"self":[{"href":"https:\/\/www.tractors.co.mz\/pt\/wp-json\/wp\/v2\/product\/1522","targetHints":{"allow":["GET"]}}],"collection":[{"href":"https:\/\/www.tractors.co.mz\/pt\/wp-json\/wp\/v2\/product"}],"about":[{"href":"https:\/\/www.tractors.co.mz\/pt\/wp-json\/wp\/v2\/types\/product"}],"wp:featuredmedia":[{"embeddable":true,"href":"https:\/\/www.tractors.co.mz\/pt\/wp-json\/wp\/v2\/media\/1523"}],"wp:attachment":[{"href":"https:\/\/www.tractors.co.mz\/pt\/wp-json\/wp\/v2\/media?parent=1522"}],"wp:term":[{"taxonomy":"product_brand","embeddable":true,"href":"https:\/\/www.tractors.co.mz\/pt\/wp-json\/wp\/v2\/product_brand?post=1522"},{"taxonomy":"product_cat","embeddable":true,"href":"https:\/\/www.tractors.co.mz\/pt\/wp-json\/wp\/v2\/product_cat?post=1522"},{"taxonomy":"product_tag","embeddable":true,"href":"https:\/\/www.tractors.co.mz\/pt\/wp-json\/wp\/v2\/product_tag?post=1522"}],"curies":[{"name":"wp","href":"https:\/\/api.w.org\/{rel}","templated":true}]}}