{"id":1015,"date":"2022-10-11T12:14:40","date_gmt":"2022-10-11T12:14:40","guid":{"rendered":"https:\/\/www.tractors.co.mz\/product\/reconditioned-mf-385-tractor\/"},"modified":"2023-11-30T08:17:24","modified_gmt":"2023-11-30T08:17:24","slug":"recondicionado-mf-385-trator","status":"publish","type":"product","link":"https:\/\/www.tractors.co.mz\/pt\/product\/recondicionado-mf-385-trator\/","title":{"rendered":"Trator MF-385 Recondicionado em Mo\u00e7ambique"},"content":{"rendered":"<p>Precisa estar preparado para a colheita sazonal, mas est\u00e1 preocupado com um or\u00e7amento restrito?\u00a0A Tractors Mo\u00e7ambique tem uma solu\u00e7\u00e3o acess\u00edvel para si.<\/p>\n<h2>Solu\u00e7\u00f5es modernas para problemas modernos<\/h2>\n<p>Com a falta de recursos, a agricultura mo\u00e7ambicana \u00e9 incapaz de satisfazer as necessidades de uma popula\u00e7\u00e3o crescente.\u00a0A falta de financiamento agrava ainda mais esta causa, levando a consequ\u00eancias econ\u00f3micas catastr\u00f3ficas.\u00a0Para contrariar esta situa\u00e7\u00e3o, a Tractors Mo\u00e7ambique oferece a linha mais produtiva de tractores recondicionados, particularmente\u00a0<a href=\"https:\/\/www.tractors.co.mz\/pt\/product-category\/tratores\/tratores-recondicionados\/\"><strong>Tractores Massey Ferguson recondicionados<\/strong><\/a>\u00a0, e ajuda os agricultores mo\u00e7ambicanos a acelerar as suas opera\u00e7\u00f5es de colheita e a garantir uma colheita atempada e saud\u00e1vel.<\/p>\n<h2>Benef\u00edcios dos tratores recondicionados<\/h2>\n<p>Um trator recondicionado pode oferecer um desempenho agr\u00edcola ou industrial semelhante a um pre\u00e7o acess\u00edvel, como o de um trator novo, uma vez que foi cuidadosamente trabalhado para a manuten\u00e7\u00e3o da sua funcionalidade e credibilidade de desempenho.\u00a0Al\u00e9m disso, os tratores recondicionados, estando dispon\u00edveis a taxas subsidiadas, n\u00e3o s\u00e3o afetados pela queda inicial da desvaloriza\u00e7\u00e3o.<\/p>\n<h2>O enorme MF-385<\/h2>\n<p>O MF-385 \u00e9 um trator agr\u00edcola topo de linha, satisfazendo os consumidores desde o momento em que saiu das unidades fabris.\u00a0Este trator \u00e9 um trator agr\u00edcola multifuncional, utilizado pelos agricultores mo\u00e7ambicanos para opera\u00e7\u00f5es de lavoura, aragem, cultivo e colheita.<\/p>\n<ul>\n<li>\n<h3>Motor<\/h3>\n<\/li>\n<\/ul>\n<p>O motor diesel Perkins de 4,41 cilindros \u00e9 o que torna este trator inovador e duradouro.\u00a0O torque do motor produzido a 1400 rpm \u00e9 de cerca de 291 Nm.\u00a0Este trator pode ser acoplado a todos os implementos agr\u00edcolas com compatibilidade de 85 CV.\u00a0O peso deste trator extremamente din\u00e2mico \u00e9 de 2.440 kg.\u00a0Para regular o calor produzido, um termostato e um l\u00edquido refrigerante est\u00e3o totalmente operacionais.<\/p>\n<ul>\n<li>\n<h3>Transmiss\u00e3o<\/h3>\n<\/li>\n<\/ul>\n<p>A dire\u00e7\u00e3o hidr\u00e1ulica hidrost\u00e1tica, a dupla embreagem ceramet\u00e1lica e os freios a disco \u00famidos acionados hidraulicamente contribuem para uma transmiss\u00e3o off-road sem esfor\u00e7o.\u00a0O dep\u00f3sito de combust\u00edvel de 108 L \u00e9 suficiente para fornecer combust\u00edvel para longas viagens agr\u00edcolas.\u00a0O\u00a0MF-385 recondicionado \u00e0 venda\u00a0est\u00e1 equipado com 8 marchas para avan\u00e7o e 2 marchas para r\u00e9, compondo o tipo de transmiss\u00e3o mais comum, ou seja, tipo de dente reto deslizante.<\/p>\n<p>Com os nossos tratores recondicionados no campo, temos a certeza de que todas as suas tarefas agr\u00edcolas est\u00e3o resolvidas!<\/p>\n","protected":false},"excerpt":{"rendered":"<p>Modelo \/ Tipo: Massey Ferguson MF 385<br \/>\nPot\u00eancia: 85 HP<br \/>\nTransmiss\u00e3o: Manual<br \/>\nMotor: 4.1D<br \/>\nCondi\u00e7\u00e3o: Recondicionado<\/p>\n","protected":false},"featured_media":1169,"template":"","meta":[],"product_brand":[],"product_cat":[28,59],"product_tag":[],"class_list":{"0":"post-1015","1":"product","2":"type-product","3":"status-publish","4":"has-post-thumbnail","6":"product_cat-tratores","7":"product_cat-tratores-recondicionados","9":"first","10":"instock","11":"product-type-simple"},"aioseo_notices":[],"_links":{"self":[{"href":"https:\/\/www.tractors.co.mz\/pt\/wp-json\/wp\/v2\/product\/1015","targetHints":{"allow":["GET"]}}],"collection":[{"href":"https:\/\/www.tractors.co.mz\/pt\/wp-json\/wp\/v2\/product"}],"about":[{"href":"https:\/\/www.tractors.co.mz\/pt\/wp-json\/wp\/v2\/types\/product"}],"wp:featuredmedia":[{"embeddable":true,"href":"https:\/\/www.tractors.co.mz\/pt\/wp-json\/wp\/v2\/media\/1169"}],"wp:attachment":[{"href":"https:\/\/www.tractors.co.mz\/pt\/wp-json\/wp\/v2\/media?parent=1015"}],"wp:term":[{"taxonomy":"product_brand","embeddable":true,"href":"https:\/\/www.tractors.co.mz\/pt\/wp-json\/wp\/v2\/product_brand?post=1015"},{"taxonomy":"product_cat","embeddable":true,"href":"https:\/\/www.tractors.co.mz\/pt\/wp-json\/wp\/v2\/product_cat?post=1015"},{"taxonomy":"product_tag","embeddable":true,"href":"https:\/\/www.tractors.co.mz\/pt\/wp-json\/wp\/v2\/product_tag?post=1015"}],"curies":[{"name":"wp","href":"https:\/\/api.w.org\/{rel}","templated":true}]}}