{"id":1010,"date":"2022-10-11T12:14:40","date_gmt":"2022-10-11T12:14:40","guid":{"rendered":"https:\/\/www.tractors.co.mz\/product\/reconditioned-mf-375-tractor\/"},"modified":"2023-11-30T08:16:33","modified_gmt":"2023-11-30T08:16:33","slug":"recondicionado-mf-375-trator","status":"publish","type":"product","link":"https:\/\/www.tractors.co.mz\/pt\/product\/recondicionado-mf-375-trator\/","title":{"rendered":"Trator MF-375 Recondicionado em Mo\u00e7ambique"},"content":{"rendered":"<h2>Organize suas tarefas agr\u00edcolas conosco<\/h2>\n<p>A agricultura mo\u00e7ambicana envolve opera\u00e7\u00f5es agr\u00edcolas vigorosas, com agricultores abrangendo enormes terras agr\u00edcolas que necessitam de muita aten\u00e7\u00e3o.\u00a0Para ajudar os agricultores mo\u00e7ambicanos a superar numerosos obst\u00e1culos agr\u00edcolas, a Tractors Mo\u00e7ambique oferece solu\u00e7\u00f5es agr\u00edcolas produtivas, mas acess\u00edveis, na forma dos nossos\u00a0<a href=\"https:\/\/www.tractors.co.mz\/pt\/product-category\/tratores\/tratores-recondicionados\/\"><strong>Tractores Massey Ferguson recondicionados<\/strong><\/a>\u00a0, que se tornaram o assunto da cidade.\u00a0Esses tratores possuem pot\u00eancia din\u00e2mica com motores resilientes para realizar qualquer tarefa agr\u00edcola.<\/p>\n<h2>O MF-375 recondicionado para facilitar sua vida<\/h2>\n<p>O MF-375 \u00e0 venda est\u00e1 entre nossos incr\u00edveis tratores Massey Ferguson, produzindo 75 HP e atendendo a diversas opera\u00e7\u00f5es agr\u00edcolas pesadas, incluindo colheita, corte, debulha, etc. .\u00a0Devido \u00e0 sua estrutura estrutural pesada, \u00e9 amplamente utilizado e utilizado pelos agricultores africanos para fins de transporte.<\/p>\n<ul>\n<li>\n<h3>Motor<\/h3>\n<\/li>\n<\/ul>\n<p>Com um motor Perkins diesel 3.9L de 4 cilindros, o MF-375 recondicionado est\u00e1 pronto para iniciar suas opera\u00e7\u00f5es de colheita.\u00a0Devido \u00e0 sua enorme estrutura, a capacidade do dep\u00f3sito de combust\u00edvel ronda os 107,9 L. Al\u00e9m disso, com um motor de 4 cilindros, a velocidade esperada do motor a 540 rpm da tomada de for\u00e7a ativa \u00e9 de cerca de 1789 rpm.\u00a0O motor \u00e9 alimentado por uma bateria de 12V 110 Ah.<\/p>\n<ul>\n<li>\n<h3>Transmiss\u00e3o<\/h3>\n<\/li>\n<\/ul>\n<p>O tipo de transmiss\u00e3o mais comum est\u00e1 integrado neste modelo de trator, ou seja, tipo de dente reto deslizante, com 8 marchas \u00e0 frente e 2 marchas \u00e0 r\u00e9.\u00a0Um sistema ceramet\u00e1lico de dupla embreagem junto com uma dire\u00e7\u00e3o hidr\u00e1ulica acolchoada \u00e9 o que torna a jornada agr\u00edcola suave e desembara\u00e7ada.<\/p>\n<p>Al\u00e9m disso, os freios a disco \u00famido imersos em \u00f3leo tornam este modelo de trator super f\u00e1cil de ser acionado imediatamente.<\/p>\n<h2>Tractores recondicionados na Tractors Mo\u00e7ambique<\/h2>\n<p>Sabe-se que a Tractors Mo\u00e7ambique tem a confian\u00e7a dos agricultores mo\u00e7ambicanos.\u00a0Nossos\u00a0tratores \u00e0 venda\u00a0t\u00eam garantia de funcionalidade a longo prazo e, a partir de ent\u00e3o, est\u00e3o sempre livres de reclama\u00e7\u00f5es indesejadas.\u00a0N\u00e3o importa se os nossos tratores s\u00e3o usados, recondicionados ou novos, o seu custo de manuten\u00e7\u00e3o \u00e9 extremamente insignificante.<\/p>\n<p>Sinta-se \u00e0 vontade para obter mais informa\u00e7\u00f5es sobre nossa categoria de tratores recondicionados entrando em contato conosco.<\/p>\n","protected":false},"excerpt":{"rendered":"<p>Modelo \/ Tipo: Massey Ferguson MF 375<br \/>\nPot\u00eancia: 75 HP<br \/>\nTransmiss\u00e3o: Manual<br \/>\nMotor: 4.1D<br \/>\nCor: Vermelho<br \/>\nCondi\u00e7\u00e3o: Recondicionado<\/p>\n","protected":false},"featured_media":1165,"template":"","meta":[],"product_brand":[],"product_cat":[28,59],"product_tag":[],"class_list":{"0":"post-1010","1":"product","2":"type-product","3":"status-publish","4":"has-post-thumbnail","6":"product_cat-tratores","7":"product_cat-tratores-recondicionados","9":"first","10":"instock","11":"product-type-simple"},"aioseo_notices":[],"_links":{"self":[{"href":"https:\/\/www.tractors.co.mz\/pt\/wp-json\/wp\/v2\/product\/1010","targetHints":{"allow":["GET"]}}],"collection":[{"href":"https:\/\/www.tractors.co.mz\/pt\/wp-json\/wp\/v2\/product"}],"about":[{"href":"https:\/\/www.tractors.co.mz\/pt\/wp-json\/wp\/v2\/types\/product"}],"wp:featuredmedia":[{"embeddable":true,"href":"https:\/\/www.tractors.co.mz\/pt\/wp-json\/wp\/v2\/media\/1165"}],"wp:attachment":[{"href":"https:\/\/www.tractors.co.mz\/pt\/wp-json\/wp\/v2\/media?parent=1010"}],"wp:term":[{"taxonomy":"product_brand","embeddable":true,"href":"https:\/\/www.tractors.co.mz\/pt\/wp-json\/wp\/v2\/product_brand?post=1010"},{"taxonomy":"product_cat","embeddable":true,"href":"https:\/\/www.tractors.co.mz\/pt\/wp-json\/wp\/v2\/product_cat?post=1010"},{"taxonomy":"product_tag","embeddable":true,"href":"https:\/\/www.tractors.co.mz\/pt\/wp-json\/wp\/v2\/product_tag?post=1010"}],"curies":[{"name":"wp","href":"https:\/\/api.w.org\/{rel}","templated":true}]}}