{"id":1005,"date":"2022-10-11T12:14:40","date_gmt":"2022-10-11T12:14:40","guid":{"rendered":"https:\/\/www.tractors.co.mz\/product\/reconditioned-mf-260-tractor\/"},"modified":"2023-11-30T08:15:53","modified_gmt":"2023-11-30T08:15:53","slug":"recondicionado-mf-260-trator","status":"publish","type":"product","link":"https:\/\/www.tractors.co.mz\/pt\/product\/recondicionado-mf-260-trator\/","title":{"rendered":"Trator MF-260 Recondicionado em Mo\u00e7ambique"},"content":{"rendered":"<p>A Tractors Mo\u00e7ambique \u00e9 a empresa de tractores mais adequada\u00a0em Mo\u00e7ambique\u00a0para lhe fornecer solu\u00e7\u00f5es agr\u00edcolas sustent\u00e1veis \u200b\u200be econ\u00f3micas \u00e0 sua porta.<\/p>\n<h2>Os tratores Massey Ferguson recondicionados valem a pena?<\/h2>\n<p>Sem d\u00favida, os tratores Massey Ferguson sempre estiveram no centro das aten\u00e7\u00f5es desde o surgimento desta marca de tratores.\u00a0Os tratores e outras m\u00e1quinas agr\u00edcolas pertencentes a esta marca de tratores oferecem um desempenho exemplar e, apesar de us\u00e1-los h\u00e1 anos, voc\u00ea ainda pode ganhar vantagens indefinidas em termos de desempenho.\u00a0Os motores desses tratores s\u00e3o de qualidade superlativa e s\u00e3o idealmente cotados pela confiabilidade e robustez.\u00a0Quando seus motores passam por manuten\u00e7\u00e3o ou condicionados, eles funcionam como se fossem novos.\u00a0Ent\u00e3o, o que \u00e9 mais encantador do que um trator recondicionado, dispon\u00edvel para venda, a pre\u00e7os subsidiados, mas com desempenho semelhante ao de um trator novo?<\/p>\n<h2>O MF-260: um trator em que voc\u00ea pode confiar<\/h2>\n<p>O MF-260 com motor de 60 HP \u00e9 um dos robustos tratores utilit\u00e1rios da s\u00e9rie 200.\u00a0Dispon\u00edvel exclusivamente na variante 2WD, voc\u00ea ficar\u00e1 impressionado com o excelente desempenho off-road.<\/p>\n<ul>\n<li>\n<h3>Motor<\/h3>\n<\/li>\n<\/ul>\n<p>O motor diesel turboalimentado do MF-260 \u00e0 venda \u00e9 composto por 3 cilindros, produzindo um torque m\u00e1ximo de 212 Nm a 1600 rpm.\u00a0A bateria de 96 Amp fornece 12V, para auxiliar o motor na execu\u00e7\u00e3o de diversas aplica\u00e7\u00f5es agr\u00edcolas incans\u00e1veis.\u00a0A rota\u00e7\u00e3o m\u00e1xima do motor \u00e9 de 1.789 rpm, medida a 540 rpm da tomada de for\u00e7a.<\/p>\n<ul>\n<li>\n<h3>Transmiss\u00e3o<\/h3>\n<\/li>\n<\/ul>\n<p>A transmiss\u00e3o deste trator agr\u00edcola superpotente \u00e9 do tipo de dente reto deslizante, com 8 marchas \u00e0 frente e 2 marchas \u00e0 r\u00e9 para aumentar a velocidade de forma variada.\u00a0Al\u00e9m disso, um total de 6 estrias e um peso bruto adjacente de 1890 Kg contribuem para uma condu\u00e7\u00e3o mais suave e ininterrupta do trator.<\/p>\n<p>Com o MF-260 recondicionado em seu invent\u00e1rio, todas as suas preocupa\u00e7\u00f5es agr\u00edcolas ser\u00e3o definitivamente descartadas.\u00a0Basta entrar em contacto connosco e preparar-se para a colheita das suas culturas sazonais com os\u00a0<a href=\"https:\/\/www.tractors.co.mz\/pt\/product-category\/tratores\/tratores-recondicionados\/\"><strong>tratores recondicionados<\/strong><\/a>\u00a0dispon\u00edveis exclusivamente na Tractors Mo\u00e7ambique.<\/p>\n","protected":false},"excerpt":{"rendered":"<p>Modelo \/ Tipo: Massey Ferguson 260<br \/>\nCavalos Pot\u00eancia: 60 HP<br \/>\nTransmiss\u00e3o: Manual<br \/>\nMotor: 2.5D<br \/>\nCor: Vermelho<br \/>\nCondi\u00e7\u00e3o: Recondicionado<\/p>\n","protected":false},"featured_media":1161,"template":"","meta":[],"product_brand":[],"product_cat":[28,59],"product_tag":[],"class_list":{"0":"post-1005","1":"product","2":"type-product","3":"status-publish","4":"has-post-thumbnail","6":"product_cat-tratores","7":"product_cat-tratores-recondicionados","9":"first","10":"instock","11":"product-type-simple"},"aioseo_notices":[],"_links":{"self":[{"href":"https:\/\/www.tractors.co.mz\/pt\/wp-json\/wp\/v2\/product\/1005","targetHints":{"allow":["GET"]}}],"collection":[{"href":"https:\/\/www.tractors.co.mz\/pt\/wp-json\/wp\/v2\/product"}],"about":[{"href":"https:\/\/www.tractors.co.mz\/pt\/wp-json\/wp\/v2\/types\/product"}],"wp:featuredmedia":[{"embeddable":true,"href":"https:\/\/www.tractors.co.mz\/pt\/wp-json\/wp\/v2\/media\/1161"}],"wp:attachment":[{"href":"https:\/\/www.tractors.co.mz\/pt\/wp-json\/wp\/v2\/media?parent=1005"}],"wp:term":[{"taxonomy":"product_brand","embeddable":true,"href":"https:\/\/www.tractors.co.mz\/pt\/wp-json\/wp\/v2\/product_brand?post=1005"},{"taxonomy":"product_cat","embeddable":true,"href":"https:\/\/www.tractors.co.mz\/pt\/wp-json\/wp\/v2\/product_cat?post=1005"},{"taxonomy":"product_tag","embeddable":true,"href":"https:\/\/www.tractors.co.mz\/pt\/wp-json\/wp\/v2\/product_tag?post=1005"}],"curies":[{"name":"wp","href":"https:\/\/api.w.org\/{rel}","templated":true}]}}