{"id":1000,"date":"2022-10-11T12:14:40","date_gmt":"2022-10-11T12:14:40","guid":{"rendered":"https:\/\/www.tractors.co.mz\/product\/reconditioned-mf-240-tractor\/"},"modified":"2023-11-30T08:15:09","modified_gmt":"2023-11-30T08:15:09","slug":"recondicionado-mf-240-trator","status":"publish","type":"product","link":"https:\/\/www.tractors.co.mz\/pt\/product\/recondicionado-mf-240-trator\/","title":{"rendered":"Trator MF-240 Recondicionado em Mo\u00e7ambique"},"content":{"rendered":"<h2>O que a Tractors Mo\u00e7ambique pode fazer por mim?<\/h2>\n<p>A Tractors Mo\u00e7ambique \u00e9 um aut\u00eantico\u00a0<a href=\"https:\/\/www.tractors.co.mz\/pt\/\"><strong>revendedor de tractores em Mo\u00e7ambique<\/strong><\/a>\u00a0, fornecendo maquinaria agr\u00edcola de alta qualidade aos agricultores mo\u00e7ambicanos locais que lutam para executar opera\u00e7\u00f5es agr\u00edcolas sem a contribui\u00e7\u00e3o de esfor\u00e7os extenuantes.\u00a0Nossos tratores podem ser categorizados em diversos dom\u00ednios, dependendo se s\u00e3o novos, usados \u200b\u200bou recondicionados.\u00a0Tornamos realidade o sonho de todo agricultor de possuir um trator, oferecendo-lhes tratores e implementos agr\u00edcolas de qualidade e com pre\u00e7os subsidiados.<\/p>\n<h2>Rumo a uma era de colheita melhorada<\/h2>\n<p>Com a colheita atempada de culturas utilizando tratores recondicionados, uma era progressiva de culturas est\u00e1 ao virar da esquina, com mortes de culturas minimizadas devido ao atraso na colheita e aumento do crescimento devido a procedimentos de sementeira e corte persistentes, mas sem esfor\u00e7o.\u00a0Al\u00e9m disso, os tratores recondicionados foram totalmente condicionados para erradicar quaisquer falhas, para que possam funcionar no seu potencial m\u00e1ximo.<\/p>\n<h2>MF-240: um trator ideal para sua fazenda<\/h2>\n<p>O MF-240 \u00e9 um dos tratores ideais para fazendas de pequeno e m\u00e9dio porte.\u00a0Este trator agr\u00edcola n\u00e3o \u00e9 apenas acess\u00edvel, mas tamb\u00e9m \u00e9 um trator vers\u00e1til para executar opera\u00e7\u00f5es agr\u00edcolas na perfei\u00e7\u00e3o.<\/p>\n<ul>\n<li>\n<h3>Motor<\/h3>\n<\/li>\n<\/ul>\n<p>A raz\u00e3o da robustez do MF-240 s\u00e3o os seus 50 cv de pot\u00eancia, provenientes do motor diesel Perkins de 2,5 litros, e um tanque de combust\u00edvel de 47,7 litros.\u00a0Este trator est\u00e1 excepcionalmente dispon\u00edvel nas op\u00e7\u00f5es 2WD e 4WD e tem um peso total de aproximadamente 1.640 kg.<\/p>\n<ul>\n<li>\n<h3>Usos<\/h3>\n<\/li>\n<\/ul>\n<p>O\u00a0MF-240 recondicionado para venda\u00a0proporciona uma excelente economia de combust\u00edvel e pode ser usado em tr\u00e2nsitos de longo curso pelos agricultores locais de Mo\u00e7ambique.\u00a0Al\u00e9m disso, este trator \u00e9 um trator multifuncional que pode ser utilizado para opera\u00e7\u00f5es comerciais, agr\u00edcolas e de constru\u00e7\u00e3o.<\/p>\n<ul>\n<li>\n<h3>Transmiss\u00e3o<\/h3>\n<\/li>\n<\/ul>\n<p>Por ser um trator utilit\u00e1rio, a transmiss\u00e3o deste trator \u00e9 composta por 8 marchas \u00e0 frente e 2 marchas \u00e0 r\u00e9, sendo do tipo transmiss\u00e3o de dentes retos deslizantes.\u00a0Por\u00e9m, para parar o trator no meio, uma embreagem deve ser usada.<\/p>\n<p>Estamos aqui na Tractors Mo\u00e7ambique para ajud\u00e1-lo a encontrar tratores econ\u00f4micos que produzam um excelente desempenho agr\u00edcola.\u00a0Ent\u00e3o entre em contato conosco agora!<\/p>\n","protected":false},"excerpt":{"rendered":"<p>Modelo \/ Tipo: Massey Ferguson MF 240<br \/>\nPot\u00eancia: 50 HP<br \/>\nTransmiss\u00e3o: Manual<br \/>\nMotor: 2.5D<br \/>\nCondi\u00e7\u00e3o: Recondicionado<\/p>\n","protected":false},"featured_media":1157,"template":"","meta":[],"product_brand":[],"product_cat":[28,59],"product_tag":[],"class_list":{"0":"post-1000","1":"product","2":"type-product","3":"status-publish","4":"has-post-thumbnail","6":"product_cat-tratores","7":"product_cat-tratores-recondicionados","9":"first","10":"instock","11":"product-type-simple"},"aioseo_notices":[],"_links":{"self":[{"href":"https:\/\/www.tractors.co.mz\/pt\/wp-json\/wp\/v2\/product\/1000","targetHints":{"allow":["GET"]}}],"collection":[{"href":"https:\/\/www.tractors.co.mz\/pt\/wp-json\/wp\/v2\/product"}],"about":[{"href":"https:\/\/www.tractors.co.mz\/pt\/wp-json\/wp\/v2\/types\/product"}],"wp:featuredmedia":[{"embeddable":true,"href":"https:\/\/www.tractors.co.mz\/pt\/wp-json\/wp\/v2\/media\/1157"}],"wp:attachment":[{"href":"https:\/\/www.tractors.co.mz\/pt\/wp-json\/wp\/v2\/media?parent=1000"}],"wp:term":[{"taxonomy":"product_brand","embeddable":true,"href":"https:\/\/www.tractors.co.mz\/pt\/wp-json\/wp\/v2\/product_brand?post=1000"},{"taxonomy":"product_cat","embeddable":true,"href":"https:\/\/www.tractors.co.mz\/pt\/wp-json\/wp\/v2\/product_cat?post=1000"},{"taxonomy":"product_tag","embeddable":true,"href":"https:\/\/www.tractors.co.mz\/pt\/wp-json\/wp\/v2\/product_tag?post=1000"}],"curies":[{"name":"wp","href":"https:\/\/api.w.org\/{rel}","templated":true}]}}