{"id":283,"date":"2021-11-10T12:58:54","date_gmt":"2021-11-10T12:58:54","guid":{"rendered":"https:\/\/www.tractors.co.ug\/?page_id=283"},"modified":"2023-11-30T11:14:38","modified_gmt":"2023-11-30T11:14:38","slug":"perguntas-frequentes","status":"publish","type":"page","link":"https:\/\/www.tractors.co.mz\/pt\/perguntas-frequentes\/","title":{"rendered":"Perguntas frequentes sobre tratores em Mo\u00e7ambique"},"content":{"rendered":"\n<h2 class=\"wp-block-heading\"><em>Qual \u00e9 o estado actual da mecaniza\u00e7\u00e3o do sector agr\u00edcola de Mo\u00e7ambique?<\/em><\/h2>\n\n\n\n<p>H\u00e1 mais de 70 por cento da popula\u00e7\u00e3o em Mo\u00e7ambique que depende apenas da agricultura como principal fonte de rendimento.&nbsp;A agricultura \u00e9 o segundo maior contribuinte para o PIB do pa\u00eds, atr\u00e1s do setor de servi\u00e7os.&nbsp;Representava 24% do PIB no final de 2019. A percentagem da agricultura no emprego total diminuiu de 82% em 2000 para 70% em 2019, mas ainda \u00e9 muito maior do que era no passado.&nbsp;Dado que a maioria dos trabalhadores agr\u00edcolas s\u00e3o mulheres, o sector \u00e9 claramente definido por g\u00e9nero.&nbsp;Mais de 80% do emprego no setor era feminino em 2019.<\/p>\n\n\n\n<p>As enxadas com cabos curtos continuam a ser a principal maquinaria agr\u00edcola preferida pela maioria dos pequenos agricultores mo\u00e7ambicanos de subsist\u00eancia.&nbsp;O n\u00famero de tratores de rodas e de lagartas (mas n\u00e3o de tratores de jardim) utilizados na agricultura no final do ano civil especificado ou durante os primeiros tr\u00eas meses do ano seguinte \u00e9 referido como \u201cm\u00e1quinas agr\u00edcolas\u201d neste contexto.&nbsp;A agricultura de sequeiro \u00e9 respons\u00e1vel por 97 por cento da produ\u00e7\u00e3o total, com um tamanho m\u00e9dio de parcela de 1,2 hectares.&nbsp;Os agricultores utilizam muito poucos insumos e muito pouca mecaniza\u00e7\u00e3o nas suas opera\u00e7\u00f5es di\u00e1rias.&nbsp;A quantidade de maquinaria agr\u00edcola trazida para Mo\u00e7ambique aumentou significativamente nos \u00faltimos anos.&nbsp;S\u00e3o utilizadas m\u00e1quinas agr\u00edcolas de algumas das empresas mais respeitadas do mundo.&nbsp;Estima &#8211;&nbsp;<strong>se<\/strong>&nbsp;que o mercado de tratores usados \u200b\u200bseja aproximadamente do mesmo tamanho que o mercado de tratores novos.<\/p>\n\n\n\n<h2 class=\"wp-block-heading\"><em>Que tipo de tratores e m\u00e1quinas agr\u00edcolas s\u00e3o populares em Mo\u00e7ambique?<\/em><\/h2>\n\n\n\n<p>A economia de Mo\u00e7ambique est\u00e1 a ser impulsionada por uma popula\u00e7\u00e3o crescente, bem como por uma procura crescente de exporta\u00e7\u00f5es.\u00a0O emprego de colheitadeiras, tratores e diversos outros equipamentos agr\u00edcolas \u00e9 necess\u00e1rio para esses m\u00e9todos.\u00a0A introdu\u00e7\u00e3o de equipamento agr\u00edcola, tractores, tractores agr\u00edcolas e outras formas de tecnologia agr\u00edcola pode tornar vi\u00e1vel para Mo\u00e7ambique alargar os seus horizontes agr\u00edcolas e aumentar a sua produ\u00e7\u00e3o agr\u00edcola.\u00a0\u00c9 essencial que cada agricultor, intermedi\u00e1rio agr\u00edcola e organiza\u00e7\u00e3o agr\u00edcola mo\u00e7ambicano tenha um invent\u00e1rio consider\u00e1vel de tractores se quiserem alcan\u00e7ar o mais alto n\u00edvel de sucesso e produtividade da sua propriedade.\u00a0Mo\u00e7ambique \u00e9 o lar de um n\u00famero significativo de tratores Massey Ferguson e tratores New Holland, ambos produzindo tratores com pot\u00eancias que variam de 50 a 85 cavalos.\u00a0Esses tipos de tratores est\u00e3o dispon\u00edveis em uma ampla variedade de tamanhos e combina\u00e7\u00f5es, o que permite sua adaptabilidade em diversas configura\u00e7\u00f5es.\u00a0A Tractors Mo\u00e7ambique \u00e9 reconhecida como um dos\u00a0revendedores de tractores de maior sucesso em Mo\u00e7ambique\u00a0.\u00a0Isto \u00e9 em grande parte atribu\u00edvel \u00e0 qualidade consistentemente elevada dos tratores Massey Ferguson.<\/p>\n\n\n\n<p>As m\u00e1quinas e tratores agr\u00edcolas s\u00e3o vendidos pela Tractors Mo\u00e7ambique, incluindo tratores Massey Ferguson em Mo\u00e7ambique, tratores Massive e tratores New Holland em Mo\u00e7ambique.&nbsp;H\u00e1 novos tratores Massey Ferguson \u00e0 venda e pulverizadores agr\u00edcolas no estoque da empresa, bem como escavadeiras, combina\u00e7\u00f5es de arado e grade e escarificadores rotativos.&nbsp;As m\u00e1quinas e implementos agr\u00edcolas \u00e0 venda podem ajud\u00e1-los a melhorar as suas opera\u00e7\u00f5es.&nbsp;O nosso equipamento \u00e9 feito para durar e necessita de manuten\u00e7\u00e3o m\u00ednima, por isso a Tractors Mo\u00e7ambique est\u00e1 aqui para o ajudar a coloc\u00e1-lo em funcionamento da forma mais r\u00e1pida e f\u00e1cil poss\u00edvel.&nbsp;Os tratores v\u00eam em v\u00e1rios formatos e tamanhos, e cada um tem um n\u00edvel diferente de durabilidade e tamanho.<\/p>\n\n\n\n<h2 class=\"wp-block-heading\"><em>Qual \u00e9 o revendedor de confian\u00e7a para os agricultores mo\u00e7ambicanos comprarem tratores agr\u00edcolas e m\u00e1quinas agr\u00edcolas?<\/em><\/h2>\n\n\n\n<p>Em Mo\u00e7ambique, a Tractors Mo\u00e7ambique oferece um amplo leque de possibilidades para os consumidores que queiram comprar tratores ou outras m\u00e1quinas agr\u00edcolas.&nbsp;Investir num trator Massey Ferguson para venda e em alfaias agr\u00edcolas em Mo\u00e7ambique \u00e9 um investimento a longo prazo que ter\u00e1 um retorno generoso.&nbsp;Al\u00e9m da colheita, tamb\u00e9m auxiliam no preparo da lavoura e no manejo da propriedade agr\u00edcola.&nbsp;Para conservar dinheiro e maximizar recursos, os agricultores podem beneficiar da utiliza\u00e7\u00e3o desta maquinaria agr\u00edcola.&nbsp;Al\u00e9m disso, os agricultores que investem em maquinaria agr\u00edcola de alta qualidade notar\u00e3o uma melhoria no rendimento das suas colheitas.<\/p>\n\n\n\n<p>N\u00e3o h\u00e1 d\u00favidas de que a Tractors Mo\u00e7ambique \u00e9 um dos revendedores de tractores de maior sucesso em Mo\u00e7ambique.\u00a0Em grande medida, isso pode ser afirmado como verdade.\u00a0Um trator da Tractors Mo\u00e7ambique, uma empresa que oferece tratores novos e antigos, pode ser adquirido por pequenos agricultores em Mo\u00e7ambique a um pre\u00e7o razo\u00e1vel.\u00a0Para os pequenos agricultores em Mo\u00e7ambique, a Tractors Mo\u00e7ambique \u00e9 uma fonte confi\u00e1vel de maquinaria agr\u00edcola e outros\u00a0<strong><a href=\"https:\/\/www.tractors.co.mz\/pt\/product-category\/implementos-agricolas\/\" target=\"_blank\" rel=\"noopener\" title=\"\">instrumentos agr\u00edcolas para venda<\/a><\/strong>\u00a0a pre\u00e7os razo\u00e1veis.\u00a0A reafirma\u00e7\u00e3o do nosso compromisso \u00e9 poss\u00edvel pela durabilidade e vida \u00fatil dos equipamentos, bem como pela qualidade dos tratores Massey Ferguson e demais marcas.<\/p>\n\n\n\n<h2 class=\"wp-block-heading\"><em>Porque \u00e9 que a Tractors Mo\u00e7ambique \u00e9 a escolha preferida dos agricultores de Mo\u00e7ambique?<\/em><\/h2>\n\n\n\n<p>A Tractors Mo\u00e7ambique est\u00e1 empenhada em prestar um excelente servi\u00e7o ao cliente a todos os seus clientes.&nbsp;O principal objectivo da Tractors Mo\u00e7ambique \u00e9 ajudar os seus clientes na obten\u00e7\u00e3o de tractores que correspondam ou superem os requisitos da ind\u00fastria sempre que poss\u00edvel.&nbsp;A Tractors Mo\u00e7ambique est\u00e1 no mercado e desenvolveu uma clientela fiel devido aos excelentes produtos e servi\u00e7os que oferece.&nbsp;Os tratores Massey Ferguson \u00e0 venda e os tratores New Holland \u00e0 venda s\u00e3o as principais marcas de tratores fornecidos pela Tractors Mo\u00e7ambique.&nbsp;\u00c9 f\u00e1cil confiar nestes tratores, uma vez que s\u00e3o constru\u00eddos com componentes de respeitados fornecedores europeus de subconjuntos.&nbsp;\u00c9 importante que estes tratores funcionem bem, por isso foram constru\u00eddos com tecnologia de ponta de fabricantes renomados.<\/p>\n\n\n\n<h2 class=\"wp-block-heading\"><em>Os implementos agr\u00edcolas tamb\u00e9m est\u00e3o dispon\u00edveis na Tractors Mo\u00e7ambique?<\/em><\/h2>\n\n\n\n<p>Muitos implementos agr\u00edcolas \u00e0 venda est\u00e3o dispon\u00edveis na Tractors Mo\u00e7ambique que podem ser acoplados a um trator e utilizados para diversos fins agr\u00edcolas.&nbsp;\u00c9 poss\u00edvel comprar essas ferramentas deles.&nbsp;Agora voc\u00ea pode usar suas ca\u00e7ambas com carregador frontal para transportar tudo, desde lixo at\u00e9 colheitas, como consequ\u00eancia dessa nova versatilidade.&nbsp;Um garfo de trator pode ser acoplado \u00e0 frente de um trator para transform\u00e1-lo em uma empilhadeira.&nbsp;Uma empilhadeira agora \u00e9 poss\u00edvel com o trator.&nbsp;Uma cesta de lixo e uma pin\u00e7a s\u00e3o tudo que voc\u00ea precisa para descartar o lixo de maneira adequada.<\/p>\n\n\n\n<p>Na Tractors Mo\u00e7ambique, voc\u00ea encontra os melhores tratores, m\u00e1quinas agr\u00edcolas e alfaias agr\u00edcolas de Mo\u00e7ambique.&nbsp;Os agricultores em Mo\u00e7ambique t\u00eam agora acesso a tecnologia agr\u00edcola e equipamento de tractores muito mais avan\u00e7ados devido aos recentes avan\u00e7os no sector agr\u00edcola do pa\u00eds.&nbsp;A utiliza\u00e7\u00e3o de implementos agr\u00edcolas em Mo\u00e7ambique dispon\u00edveis na Tractors Mo\u00e7ambique pode tornar os trabalhos agr\u00edcolas desafiantes mais simples e mais exactos quando devem ser realizados.&nbsp;Muitos instrumentos agr\u00edcolas diferentes podem ser adquiridos em Mo\u00e7ambique.&nbsp;Alguns exemplos incluem arados de disco, reboques hidr\u00e1ulicos, grades de disco, escavadeiras, plantadeiras, picadores de forragem e picadores de forragem, etc.<\/p>\n\n\n\n<h2 class=\"wp-block-heading\"><em>Posso comprar um trator usado na Tratores Mo\u00e7ambique?<\/em><\/h2>\n\n\n\n<p>Os procedimentos automatizados de carregamento e transporte anteriormente realizados por burros, bois ou mulas resultaram numa diminui\u00e7\u00e3o significativa do trabalho agr\u00edcola.&nbsp;Por causa disso, a Tractors Mo\u00e7ambique oferece tratores Massey Ferguson e tratores New Holland novos e de alta qualidade para venda aos clientes, para que possam melhorar o seu padr\u00e3o de cultivo, resultando em rendimentos mais elevados.<\/p>\n\n\n\n<h2 class=\"wp-block-heading\"><em>As pe\u00e7as de reposi\u00e7\u00e3o tamb\u00e9m est\u00e3o dispon\u00edveis na Tractors Mo\u00e7ambique?<\/em><\/h2>\n\n\n\n<p>A Tractors Mo\u00e7ambique est\u00e1 totalmente abastecida com todos os componentes e pe\u00e7as sobressalentes de todos os nossos novos tractores.<\/p>\n\n\n\n<h2 class=\"wp-block-heading\"><em>Como posso reclamar de uma pe\u00e7a com defeito?<\/em><\/h2>\n\n\n\n<p>Para uma pe\u00e7a com defeito, voc\u00ea deve seguir uma s\u00e9rie de diretrizes.&nbsp;Teremos o maior prazer em substituir o seu item sem nenhum custo extra se ele estiver coberto por uma ap\u00f3lice de seguro de sua escolha.&nbsp;Na medida do poss\u00edvel, queremos ajud\u00e1-lo a encontrar um prestador de servi\u00e7os que possa reparar o equipamento defeituoso.&nbsp;Este servi\u00e7o j\u00e1 est\u00e1 inclu\u00eddo no custo de compra dos produtos.<\/p>\n\n\n\n<h2 class=\"wp-block-heading\"><em>Qual o procedimento para compra de tratores e m\u00e1quinas agr\u00edcolas da Tractors Mo\u00e7ambique?<\/em><\/h2>\n\n\n\n<p>Qualquer d\u00favida sobre todos os nossos\u00a0<strong><a href=\"https:\/\/www.tractors.co.mz\/pt\/product-category\/tratores\/\" target=\"_blank\" rel=\"noopener\" title=\"\">tratores novos<\/a><\/strong>\u00a0, bem como sobre outros tipos de m\u00e1quinas agr\u00edcolas, poder\u00e1 ser respondida preenchendo um formul\u00e1rio online ou entrando em contato conosco pelo WhatsApp.\u00a0O m\u00e9todo de pagamento preferido \u00e9 a Transfer\u00eancia Telegr\u00e1fica ou TT, abreviadamente.\u00a0Por favor, verifique nossa p\u00e1gina de informa\u00e7\u00f5es banc\u00e1rias se precisar de mais informa\u00e7\u00f5es.<\/p>\n","protected":false},"excerpt":{"rendered":"<p>Qual \u00e9 o estado actual da mecaniza\u00e7\u00e3o do sector agr\u00edcola de Mo\u00e7ambique? H\u00e1 mais de 70 por cento da popula\u00e7\u00e3o em Mo\u00e7ambique que depende apenas da agricultura como principal fonte de rendimento.&nbsp;A agricultura \u00e9 o segundo maior contribuinte para o PIB do pa\u00eds, atr\u00e1s do setor de servi\u00e7os.&nbsp;Representava 24% do PIB no final de 2019. [&hellip;]<\/p>\n","protected":false},"author":1,"featured_media":0,"parent":0,"menu_order":0,"comment_status":"closed","ping_status":"closed","template":"","meta":{"footnotes":""},"class_list":["post-283","page","type-page","status-publish","hentry"],"aioseo_notices":[],"_links":{"self":[{"href":"https:\/\/www.tractors.co.mz\/pt\/wp-json\/wp\/v2\/pages\/283","targetHints":{"allow":["GET"]}}],"collection":[{"href":"https:\/\/www.tractors.co.mz\/pt\/wp-json\/wp\/v2\/pages"}],"about":[{"href":"https:\/\/www.tractors.co.mz\/pt\/wp-json\/wp\/v2\/types\/page"}],"author":[{"embeddable":true,"href":"https:\/\/www.tractors.co.mz\/pt\/wp-json\/wp\/v2\/users\/1"}],"replies":[{"embeddable":true,"href":"https:\/\/www.tractors.co.mz\/pt\/wp-json\/wp\/v2\/comments?post=283"}],"version-history":[{"count":9,"href":"https:\/\/www.tractors.co.mz\/pt\/wp-json\/wp\/v2\/pages\/283\/revisions"}],"predecessor-version":[{"id":1588,"href":"https:\/\/www.tractors.co.mz\/pt\/wp-json\/wp\/v2\/pages\/283\/revisions\/1588"}],"wp:attachment":[{"href":"https:\/\/www.tractors.co.mz\/pt\/wp-json\/wp\/v2\/media?parent=283"}],"curies":[{"name":"wp","href":"https:\/\/api.w.org\/{rel}","templated":true}]}}