{"id":279,"date":"2021-02-06T06:25:44","date_gmt":"2021-02-06T06:25:44","guid":{"rendered":"https:\/\/www.tractors.co.ug\/?page_id=279"},"modified":"2023-11-30T11:06:19","modified_gmt":"2023-11-30T11:06:19","slug":"contate-nos","status":"publish","type":"page","link":"https:\/\/www.tractors.co.mz\/pt\/contate-nos\/","title":{"rendered":"Contate-nos"},"content":{"rendered":"\n<p>Se pretende comprar Tratores e Implementos Agr\u00edcolas Massey Ferguson em Mo\u00e7ambique, por favor contacte-nos.&nbsp;Ligue ou envie um WhatsApp para o seguinte n\u00famero de telefone ou simplesmente envie um e-mail.<\/p>\n\n\n\n<p>E-mail:\u00a0\u00a0<a href=\"mailto:info@tractors.co.mz\" target=\"_blank\" rel=\"noopener\" title=\"\">info@tractors.co.mz<\/a>\u00a0<\/p>\n\n\n\n<p>Site:\u00a0<a href=\"https:\/\/www.tractors.co.mz\/pt\/\" target=\"_blank\" rel=\"noopener\" title=\"\">https:\/\/www.tractors.co.mz\/pt\/<\/a><\/p>\n\n\n\n<p>Telefone:\u00a0<a href=\"tel:00923497163002\" target=\"_blank\" rel=\"noopener\" title=\"\">+92 349 7163002<\/a><\/p>\n\n\n\n<p>Localiza\u00e7\u00e3o: Mo\u00e7ambique<\/p>\n\n\n\n<h2 class=\"wp-block-heading\">Escrit\u00f3rio do Zimb\u00e1bue<\/h2>\n\n\n\n<p>Avenida Samora Machel 18218, Corner Chinhoyi Street,<br>Harare, Zimbabwe<br>Telefone: 0772-620 630, 0712-611 911 (WhatsApp)<\/p>\n","protected":false},"excerpt":{"rendered":"<p>Se pretende comprar Tratores e Implementos Agr\u00edcolas Massey Ferguson em Mo\u00e7ambique, por favor contacte-nos.&nbsp;Ligue ou envie um WhatsApp para o seguinte n\u00famero de telefone ou simplesmente envie um e-mail. E-mail:\u00a0\u00a0info@tractors.co.mz\u00a0 Site:\u00a0https:\/\/www.tractors.co.mz\/pt\/ Telefone:\u00a0+92 349 7163002 Localiza\u00e7\u00e3o: Mo\u00e7ambique Escrit\u00f3rio do Zimb\u00e1bue Avenida Samora Machel 18218, Corner Chinhoyi Street,Harare, ZimbabweTelefone: 0772-620 630, 0712-611 911 (WhatsApp)<\/p>\n","protected":false},"author":1,"featured_media":0,"parent":0,"menu_order":0,"comment_status":"closed","ping_status":"closed","template":"","meta":{"footnotes":""},"class_list":["post-279","page","type-page","status-publish","hentry"],"aioseo_notices":[],"_links":{"self":[{"href":"https:\/\/www.tractors.co.mz\/pt\/wp-json\/wp\/v2\/pages\/279","targetHints":{"allow":["GET"]}}],"collection":[{"href":"https:\/\/www.tractors.co.mz\/pt\/wp-json\/wp\/v2\/pages"}],"about":[{"href":"https:\/\/www.tractors.co.mz\/pt\/wp-json\/wp\/v2\/types\/page"}],"author":[{"embeddable":true,"href":"https:\/\/www.tractors.co.mz\/pt\/wp-json\/wp\/v2\/users\/1"}],"replies":[{"embeddable":true,"href":"https:\/\/www.tractors.co.mz\/pt\/wp-json\/wp\/v2\/comments?post=279"}],"version-history":[{"count":17,"href":"https:\/\/www.tractors.co.mz\/pt\/wp-json\/wp\/v2\/pages\/279\/revisions"}],"predecessor-version":[{"id":1586,"href":"https:\/\/www.tractors.co.mz\/pt\/wp-json\/wp\/v2\/pages\/279\/revisions\/1586"}],"wp:attachment":[{"href":"https:\/\/www.tractors.co.mz\/pt\/wp-json\/wp\/v2\/media?parent=279"}],"curies":[{"name":"wp","href":"https:\/\/api.w.org\/{rel}","templated":true}]}}