{"id":277,"date":"2021-11-10T12:45:31","date_gmt":"2021-11-10T12:45:31","guid":{"rendered":"https:\/\/www.tractors.co.ug\/?page_id=277"},"modified":"2023-11-29T13:14:01","modified_gmt":"2023-11-29T13:14:01","slug":"sobre-nos","status":"publish","type":"page","link":"https:\/\/www.tractors.co.mz\/pt\/sobre-nos\/","title":{"rendered":"Tractores \u00e0 Venda em Mo\u00e7ambique"},"content":{"rendered":"\n<p>Investir em\u00a0tratores vi\u00e1veis \u200b\u200bem Mo\u00e7ambique\u00a0tornou-se problem\u00e1tico hoje em dia.\u00a0N\u00e3o sabe como escolher a marca de trator certa entre as in\u00fameras gamas de tratores dispon\u00edveis?<\/p>\n\n\n\n<p>Pare de entrar em p\u00e2nico, pois a Tractors Mo\u00e7ambique traz para voc\u00ea um guia completo sobre como escolher o trator mais vi\u00e1vel e adequado em Mo\u00e7ambique.<\/p>\n\n\n\n<h2 class=\"wp-block-heading\">Uma empresa completa de tratores em Mo\u00e7ambique<\/h2>\n\n\n\n<p>A Tractors Mo\u00e7ambique supervisiona um enorme invent\u00e1rio de m\u00e1quinas agr\u00edcolas, desde tratores novos at\u00e9 tratores usados \u200b\u200bmas cred\u00edveis para venda, implementos agr\u00edcolas, acess\u00f3rios, colheitadeiras e outros enfeites.&nbsp;A nossa empresa de tractores serve diligentemente os agricultores mo\u00e7ambicanos em todos os aspectos poss\u00edveis para ajud\u00e1-los a alcan\u00e7ar uma produ\u00e7\u00e3o sem precedentes em termos de rendimento das colheitas.<\/p>\n\n\n\n<h2 class=\"wp-block-heading\">Pioneiros h\u00e1 d\u00e9cadas<\/h2>\n\n\n\n<p>O nosso\u00a0<strong><a href=\"https:\/\/www.tractors.co.mz\/pt\/\" target=\"_blank\" rel=\"noopener\" title=\"\">revendedor de tractores em Mo\u00e7ambique<\/a><\/strong>\u00a0est\u00e1 entre as primeiras empresas de tractores em Mo\u00e7ambique a fornecer recursos agr\u00edcolas porta a porta.\u00a0Os nossos tratores centrados na qualidade e outras ferramentas agr\u00edcolas essenciais revolucionaram a ind\u00fastria agr\u00edcola n\u00e3o s\u00f3 devido aos pre\u00e7os acess\u00edveis, mas tamb\u00e9m devido ao seu desempenho din\u00e2mico no campo.<\/p>\n\n\n\n<h2 class=\"wp-block-heading\">Equipe de profissionais<\/h2>\n\n\n\n<p>Devido ao grande n\u00famero de agricultores em alguns pa\u00edses africanos, estamos sempre \u00e0 frente dos nossos concorrentes em termos de fornecimento atempado de tractores aut\u00eanticos e genu\u00ednos em Mo\u00e7ambique.&nbsp;A satisfa\u00e7\u00e3o dos nossos clientes \u00e9 o que sempre buscamos, por isso contratamos uma excelente equipe de profissionais dedicados nesse sentido.<\/p>\n\n\n\n<ul class=\"wp-block-list\">\n<li><strong>Assist\u00eancia<\/strong><\/li>\n<\/ul>\n\n\n\n<p>Para sua assist\u00eancia, nossa equipe qualificada de indiv\u00edduos ir\u00e1 orient\u00e1-lo com sabedoria e, com mais frequ\u00eancia, oferecer-lhe uma solu\u00e7\u00e3o acess\u00edvel que esteja ao seu alcance.<\/p>\n\n\n\n<ul class=\"wp-block-list\">\n<li><strong>Alegar<\/strong><\/li>\n<\/ul>\n\n\n\n<p>Para quest\u00f5es de reclama\u00e7\u00e3o e garantia, nosso departamento de conformidade o orientar\u00e1 de maneira mais educada para ajud\u00e1-lo a solicitar facilmente um reembolso total ou troca.<\/p>\n\n\n\n<p>Equipamento de qualidade para exporta\u00e7\u00e3o Na Tractors Mo\u00e7ambique s\u00e3o disponibilizados tractores econ\u00f3micos mas genu\u00ednos.&nbsp;Com diversas faixas de pot\u00eancia, voc\u00ea pode escolher entre uma enorme variedade de tratores compactos, subcompactos e utilit\u00e1rios.&nbsp;Tratores com poder de resili\u00eancia din\u00e2mica e capacidade de realizar qualquer tarefa agr\u00edcola s\u00e3o as raz\u00f5es da imensa popularidade dos nossos tratores \u00e0 venda.<\/p>\n","protected":false},"excerpt":{"rendered":"<p>Investir em\u00a0tratores vi\u00e1veis \u200b\u200bem Mo\u00e7ambique\u00a0tornou-se problem\u00e1tico hoje em dia.\u00a0N\u00e3o sabe como escolher a marca de trator certa entre as in\u00fameras gamas de tratores dispon\u00edveis? Pare de entrar em p\u00e2nico, pois a Tractors Mo\u00e7ambique traz para voc\u00ea um guia completo sobre como escolher o trator mais vi\u00e1vel e adequado em Mo\u00e7ambique. Uma empresa completa de tratores [&hellip;]<\/p>\n","protected":false},"author":1,"featured_media":0,"parent":0,"menu_order":0,"comment_status":"closed","ping_status":"closed","template":"","meta":{"footnotes":""},"class_list":["post-277","page","type-page","status-publish","hentry"],"aioseo_notices":[],"_links":{"self":[{"href":"https:\/\/www.tractors.co.mz\/pt\/wp-json\/wp\/v2\/pages\/277","targetHints":{"allow":["GET"]}}],"collection":[{"href":"https:\/\/www.tractors.co.mz\/pt\/wp-json\/wp\/v2\/pages"}],"about":[{"href":"https:\/\/www.tractors.co.mz\/pt\/wp-json\/wp\/v2\/types\/page"}],"author":[{"embeddable":true,"href":"https:\/\/www.tractors.co.mz\/pt\/wp-json\/wp\/v2\/users\/1"}],"replies":[{"embeddable":true,"href":"https:\/\/www.tractors.co.mz\/pt\/wp-json\/wp\/v2\/comments?post=277"}],"version-history":[{"count":15,"href":"https:\/\/www.tractors.co.mz\/pt\/wp-json\/wp\/v2\/pages\/277\/revisions"}],"predecessor-version":[{"id":1583,"href":"https:\/\/www.tractors.co.mz\/pt\/wp-json\/wp\/v2\/pages\/277\/revisions\/1583"}],"wp:attachment":[{"href":"https:\/\/www.tractors.co.mz\/pt\/wp-json\/wp\/v2\/media?parent=277"}],"curies":[{"name":"wp","href":"https:\/\/api.w.org\/{rel}","templated":true}]}}