{"id":2,"date":"2021-11-10T12:47:34","date_gmt":"2021-11-10T12:47:34","guid":{"rendered":"https:\/\/www.tractors.co.ug\/?page_id=2"},"modified":"2025-11-12T13:26:39","modified_gmt":"2025-11-12T13:26:39","slug":"sample-page","status":"publish","type":"page","link":"https:\/\/www.tractors.co.mz\/pt\/","title":{"rendered":"M\u00e1quinas agr\u00edcolas e agr\u00edcolas \u00e0 venda em Mo\u00e7ambique"},"content":{"rendered":"\n<hr class=\"wp-block-separator has-text-color has-black-color has-alpha-channel-opacity has-black-background-color has-background is-style-wide\"\/>\n\n\n<div class=\"wp-block-image\">\n<figure class=\"aligncenter size-full\"><a href=\"https:\/\/www.tractors.co.mz\/pt\/product-category\/maquinaria\/\"><img loading=\"lazy\" decoding=\"async\" width=\"1025\" height=\"360\" src=\"https:\/\/www.tractors.co.mz\/pt\/wp-content\/uploads\/2025\/11\/On-Route-to-Africa.gif\" alt=\"\" class=\"wp-image-2418\"\/><\/a><\/figure>\n<\/div>\n\n\n<div class=\"wp-block-columns is-not-stacked-on-mobile is-layout-flex wp-container-core-columns-is-layout-9d6595d7 wp-block-columns-is-layout-flex\">\n<div class=\"wp-block-column is-layout-flow wp-block-column-is-layout-flow\">\n<h3 class=\"wp-block-heading has-text-align-center\"><a href=\"\/pt\/product-category\/tratores\/massey-ferguson\/\" title=\"\">Tratores Massey Ferguson<\/a><\/h3>\n<\/div>\n\n\n\n<div class=\"wp-block-column is-layout-flow wp-block-column-is-layout-flow\">\n<h3 class=\"wp-block-heading has-text-align-center\"><a href=\"\/pt\/product-category\/tratores\/massive-tractors\/\" title=\"\">Tratores Massive<\/a><\/h3>\n<\/div>\n<\/div>\n\n\n\n<div class=\"wp-block-columns is-not-stacked-on-mobile is-layout-flex wp-container-core-columns-is-layout-9d6595d7 wp-block-columns-is-layout-flex\">\n<div class=\"wp-block-column is-layout-flow wp-block-column-is-layout-flow\">\n<figure class=\"wp-block-image size-full\"><a href=\"\/pt\/product-category\/tratores\/massey-ferguson\/\"><img loading=\"lazy\" decoding=\"async\" width=\"600\" height=\"600\" src=\"https:\/\/www.tractors.co.mz\/wp-content\/uploads\/2022\/10\/massey-ferguson.jpg\" alt=\"Tractores Massey Ferguson em Mo\u00e7ambique\" class=\"wp-image-1229\" title=\"Tractores Massey Ferguson em Mo\u00e7ambique\" srcset=\"https:\/\/www.tractors.co.mz\/pt\/wp-content\/uploads\/2022\/10\/massey-ferguson.jpg 600w, https:\/\/www.tractors.co.mz\/pt\/wp-content\/uploads\/2022\/10\/massey-ferguson-300x300.jpg 300w, https:\/\/www.tractors.co.mz\/pt\/wp-content\/uploads\/2022\/10\/massey-ferguson-150x150.jpg 150w, https:\/\/www.tractors.co.mz\/pt\/wp-content\/uploads\/2022\/10\/massey-ferguson-100x100.jpg 100w\" sizes=\"auto, (max-width: 600px) 100vw, 600px\" \/><\/a><\/figure>\n\n\n\n<h3 class=\"wp-block-heading has-text-align-center\"><a href=\"\/product-category\/tractors\/new-holland\" title=\"\"><\/a><a href=\"\/pt\/product-category\/tratores\/new-holland\/\" title=\"\">Tratores New Holland<\/a><\/h3>\n<\/div>\n\n\n\n<div class=\"wp-block-column is-layout-flow wp-block-column-is-layout-flow\">\n<figure class=\"wp-block-image size-full\"><a href=\"\/pt\/product-category\/tratores\/massive-tractors\/\"><img loading=\"lazy\" decoding=\"async\" width=\"600\" height=\"600\" src=\"https:\/\/www.tractors.co.mz\/wp-content\/uploads\/2022\/10\/Massive.jpg\" alt=\"Tractores Massive em Mo\u00e7ambique\" class=\"wp-image-1230\" title=\"Tractores Massive em Mo\u00e7ambique\" srcset=\"https:\/\/www.tractors.co.mz\/pt\/wp-content\/uploads\/2022\/10\/Massive.jpg 600w, https:\/\/www.tractors.co.mz\/pt\/wp-content\/uploads\/2022\/10\/Massive-300x300.jpg 300w, https:\/\/www.tractors.co.mz\/pt\/wp-content\/uploads\/2022\/10\/Massive-150x150.jpg 150w, https:\/\/www.tractors.co.mz\/pt\/wp-content\/uploads\/2022\/10\/Massive-100x100.jpg 100w\" sizes=\"auto, (max-width: 600px) 100vw, 600px\" \/><\/a><\/figure>\n\n\n\n<h3 class=\"wp-block-heading has-text-align-center\"><a href=\"\/product-category\/combine-harvesters\/\"><\/a><a href=\"\/pt\/product-category\/colheitadeiras\/\" title=\"\">Ceifeiras-debulhadoras<\/a><\/h3>\n<\/div>\n<\/div>\n\n\n\n<div class=\"wp-block-columns is-not-stacked-on-mobile is-layout-flex wp-container-core-columns-is-layout-9d6595d7 wp-block-columns-is-layout-flex\">\n<div class=\"wp-block-column is-layout-flow wp-block-column-is-layout-flow\">\n<figure class=\"wp-block-image size-full\"><a href=\"\/pt\/product-category\/tratores\/new-holland\/\"><img loading=\"lazy\" decoding=\"async\" width=\"600\" height=\"600\" src=\"https:\/\/www.tractors.co.mz\/wp-content\/uploads\/2022\/10\/New-Holland.jpg\" alt=\"Tractores New Holland em Mo\u00e7ambique\" class=\"wp-image-1231\" title=\"Tractores New Holland em Mo\u00e7ambique\" srcset=\"https:\/\/www.tractors.co.mz\/pt\/wp-content\/uploads\/2022\/10\/New-Holland.jpg 600w, https:\/\/www.tractors.co.mz\/pt\/wp-content\/uploads\/2022\/10\/New-Holland-300x300.jpg 300w, https:\/\/www.tractors.co.mz\/pt\/wp-content\/uploads\/2022\/10\/New-Holland-150x150.jpg 150w, https:\/\/www.tractors.co.mz\/pt\/wp-content\/uploads\/2022\/10\/New-Holland-100x100.jpg 100w\" sizes=\"auto, (max-width: 600px) 100vw, 600px\" \/><\/a><\/figure>\n\n\n\n<h3 class=\"wp-block-heading has-text-align-center\"><a href=\"\/product-category\/tractors\/reconditioned-tractors\/\" title=\"\"><\/a><a href=\"\/pt\/product-category\/tratores\/tratores-recondicionados\/\" title=\"\">Tratores Recondicionados<\/a><\/h3>\n<\/div>\n\n\n\n<div class=\"wp-block-column is-layout-flow wp-block-column-is-layout-flow\">\n<figure class=\"wp-block-image size-full\"><a href=\"\/pt\/product-category\/colheitadeiras\/\"><img loading=\"lazy\" decoding=\"async\" width=\"600\" height=\"600\" src=\"https:\/\/www.tractors.co.mz\/wp-content\/uploads\/2022\/10\/harvester.jpg\" alt=\"Ceifeiras-debulhadoras Kubota em Mo\u00e7ambique\" class=\"wp-image-1227\" title=\"Ceifeiras-debulhadoras Kubota em Mo\u00e7ambique\" srcset=\"https:\/\/www.tractors.co.mz\/pt\/wp-content\/uploads\/2022\/10\/harvester.jpg 600w, https:\/\/www.tractors.co.mz\/pt\/wp-content\/uploads\/2022\/10\/harvester-300x300.jpg 300w, https:\/\/www.tractors.co.mz\/pt\/wp-content\/uploads\/2022\/10\/harvester-150x150.jpg 150w, https:\/\/www.tractors.co.mz\/pt\/wp-content\/uploads\/2022\/10\/harvester-100x100.jpg 100w\" sizes=\"auto, (max-width: 600px) 100vw, 600px\" \/><\/a><\/figure>\n\n\n\n<h3 class=\"wp-block-heading has-text-align-center\"><a href=\"\/product-category\/tractors\/used-tractors\/\" title=\"\"><\/a><a href=\"\/pt\/product-category\/tratores\/tratores-usados\/\" title=\"\">Tratores Usados<\/a><\/h3>\n<\/div>\n<\/div>\n\n\n\n<div class=\"wp-block-columns is-not-stacked-on-mobile is-layout-flex wp-container-core-columns-is-layout-9d6595d7 wp-block-columns-is-layout-flex\">\n<div class=\"wp-block-column is-layout-flow wp-block-column-is-layout-flow\">\n<figure class=\"wp-block-image size-full\"><a href=\"\/pt\/product-category\/tratores\/tratores-recondicionados\/\"><img loading=\"lazy\" decoding=\"async\" width=\"600\" height=\"600\" src=\"https:\/\/www.tractors.co.mz\/wp-content\/uploads\/2022\/10\/referbished-tractor.jpg\" alt=\"Tractores Recondicionados em Mo\u00e7ambique\" class=\"wp-image-1232\" title=\"Tractores Recondicionados em Mo\u00e7ambique\" srcset=\"https:\/\/www.tractors.co.mz\/pt\/wp-content\/uploads\/2022\/10\/referbished-tractor.jpg 600w, https:\/\/www.tractors.co.mz\/pt\/wp-content\/uploads\/2022\/10\/referbished-tractor-300x300.jpg 300w, https:\/\/www.tractors.co.mz\/pt\/wp-content\/uploads\/2022\/10\/referbished-tractor-150x150.jpg 150w, https:\/\/www.tractors.co.mz\/pt\/wp-content\/uploads\/2022\/10\/referbished-tractor-100x100.jpg 100w\" sizes=\"auto, (max-width: 600px) 100vw, 600px\" \/><\/a><\/figure>\n\n\n\n<h2 class=\"wp-block-heading has-text-align-center\"><a href=\"\/product-category\/farm-implements\/\" title=\"Massive 240S Tractor\"><\/a><a href=\"\/pt\/product-category\/implementos-agricolas\/\" title=\"\">Implementos agr\u00edcolas<\/a><\/h2>\n<\/div>\n\n\n\n<div class=\"wp-block-column is-layout-flow wp-block-column-is-layout-flow\">\n<figure class=\"wp-block-image size-full\"><a href=\"\/pt\/product-category\/tratores\/tratores-usados\/\"><img loading=\"lazy\" decoding=\"async\" width=\"600\" height=\"600\" src=\"https:\/\/www.tractors.co.mz\/wp-content\/uploads\/2022\/10\/used-tractor.jpg\" alt=\"Tractores Usados \u200b\u200b\u200b\u200bMo\u00e7ambique\" class=\"wp-image-1233\" style=\"object-fit:cover\" title=\"Tractores Usados \u200b\u200b\u200b\u200bMo\u00e7ambique\" srcset=\"https:\/\/www.tractors.co.mz\/pt\/wp-content\/uploads\/2022\/10\/used-tractor.jpg 600w, https:\/\/www.tractors.co.mz\/pt\/wp-content\/uploads\/2022\/10\/used-tractor-300x300.jpg 300w, https:\/\/www.tractors.co.mz\/pt\/wp-content\/uploads\/2022\/10\/used-tractor-150x150.jpg 150w, https:\/\/www.tractors.co.mz\/pt\/wp-content\/uploads\/2022\/10\/used-tractor-100x100.jpg 100w\" sizes=\"auto, (max-width: 600px) 100vw, 600px\" \/><\/a><\/figure>\n\n\n\n<h2 class=\"wp-block-heading has-text-align-center\"><a href=\"\/recommended-suppliers\/\" title=\"\"><\/a><a href=\"\/pt\/fornecedores-recomendados\/\" title=\"\">Revendedores em Mo\u00e7ambique<\/a><\/h2>\n<\/div>\n<\/div>\n\n\n\n<div class=\"wp-block-columns is-not-stacked-on-mobile is-layout-flex wp-container-core-columns-is-layout-9d6595d7 wp-block-columns-is-layout-flex\">\n<div class=\"wp-block-column is-layout-flow wp-block-column-is-layout-flow\">\n<figure class=\"wp-block-image size-full\"><a href=\"\/pt\/product-category\/implementos-agricolas\/\"><img loading=\"lazy\" decoding=\"async\" width=\"600\" height=\"600\" src=\"https:\/\/www.tractors.co.mz\/wp-content\/uploads\/2022\/10\/implement.jpg\" alt=\"Alfaias Agr\u00edcolas em Mo\u00e7ambique\" class=\"wp-image-1228\" title=\"Alfaias Agr\u00edcolas em Mo\u00e7ambique\" srcset=\"https:\/\/www.tractors.co.mz\/pt\/wp-content\/uploads\/2022\/10\/implement.jpg 600w, https:\/\/www.tractors.co.mz\/pt\/wp-content\/uploads\/2022\/10\/implement-300x300.jpg 300w, https:\/\/www.tractors.co.mz\/pt\/wp-content\/uploads\/2022\/10\/implement-150x150.jpg 150w, https:\/\/www.tractors.co.mz\/pt\/wp-content\/uploads\/2022\/10\/implement-100x100.jpg 100w\" sizes=\"auto, (max-width: 600px) 100vw, 600px\" \/><\/a><\/figure>\n<\/div>\n\n\n\n<div class=\"wp-block-column is-layout-flow wp-block-column-is-layout-flow\">\n<figure class=\"wp-block-image size-full\"><a href=\"\/pt\/fornecedores-recomendados\/\"><img loading=\"lazy\" decoding=\"async\" width=\"600\" height=\"600\" src=\"https:\/\/www.tractors.co.mz\/wp-content\/uploads\/2022\/10\/Mozambique.jpg\" alt=\"Concession\u00e1rios de tractores em Mo\u00e7ambique\" class=\"wp-image-1235\" title=\"Concession\u00e1rios de tractores em Mo\u00e7ambique\" srcset=\"https:\/\/www.tractors.co.mz\/pt\/wp-content\/uploads\/2022\/10\/Mozambique.jpg 600w, https:\/\/www.tractors.co.mz\/pt\/wp-content\/uploads\/2022\/10\/Mozambique-300x300.jpg 300w, https:\/\/www.tractors.co.mz\/pt\/wp-content\/uploads\/2022\/10\/Mozambique-150x150.jpg 150w, https:\/\/www.tractors.co.mz\/pt\/wp-content\/uploads\/2022\/10\/Mozambique-100x100.jpg 100w\" sizes=\"auto, (max-width: 600px) 100vw, 600px\" \/><\/a><\/figure>\n<\/div>\n<\/div>\n\n\n\n<p>A agricultura \u00e9 um mercado importante no mundo e Mo\u00e7ambique tamb\u00e9m tem um enorme mercado agr\u00edcola.&nbsp;A agricultura modernizada requer tecnologia e equipamentos modernos.&nbsp;A tecnologia e outros equipamentos modernos n\u00e3o apenas reduzem os custos de m\u00e3o de obra, mas tamb\u00e9m proporcionam maiores rendimentos.&nbsp;Economizar muito tempo tamb\u00e9m \u00e9 muito importante porque as culturas exigem um prazo espec\u00edfico para uma melhor produ\u00e7\u00e3o.&nbsp;\u00c9 para isso que a Tractors Mo\u00e7ambique existe.&nbsp;Damos-lhe as melhores m\u00e1quinas agr\u00edcolas de Mo\u00e7ambique.<\/p>\n\n\n\n<p>Tratores Mo\u00e7ambique possui tratores Massey Ferguson com grande reputa\u00e7\u00e3o em todo o mundo, dispon\u00edveis para venda aos agricultores em Mo\u00e7ambique. Temos excelentes m\u00e1quinas agr\u00edcolas como alfaias agr\u00edcolas e tratores embutidos com pe\u00e7as e acess\u00f3rios de alta qualidade dispon\u00edveis para venda aos melhores <strong><a href=\"https:\/\/www.tractors.co.mz\/pt\/contate-nos\/\" target=\"_blank\" rel=\"noopener\" title=\"\">pre\u00e7os de tratores em Mo\u00e7ambique<\/a><\/strong>.<\/p>\n\n\n\n<h2 class=\"wp-block-heading\">Como o nosso concession\u00e1rio quer facilitar o povo de Mo\u00e7ambique<\/h2>\n\n\n\n<p>Tratores Mo\u00e7ambique \u00e9 a melhor e mais confi\u00e1vel&nbsp;<strong><a href=\"https:\/\/www.tractors.co.mz\/pt\/sobre-nos\/\" target=\"_blank\" rel=\"noopener\" title=\"\">empresa de tratores em Mo\u00e7ambique<\/a><\/strong>&nbsp;.&nbsp;Com tratores novos e outros equipamentos agr\u00edcolas \u00e0 venda, somos a maior empresa revendedora de tratores, aqui para sua ajuda.&nbsp;Queremos facilitar ao povo de Mo\u00e7ambique a venda de tratores de qualidade incompar\u00e1vel.&nbsp;Desta forma, o rendimento e a produ\u00e7\u00e3o da cultura n\u00e3o ter\u00e3o limites.&nbsp;H\u00e1 uma necessidade imediata de tractores em Mo\u00e7ambique e assumimos essa responsabilidade sobre os nossos ombros.&nbsp;Mo\u00e7ambique depende significativamente da sua economia agr\u00edcola e precisa que o seu mercado agr\u00edcola cres\u00e7a exponencialmente.&nbsp;Por isso temos os melhores tratores \u00e0 venda para facilitar a sua vida.<\/p>\n\n\n\n<h2 class=\"wp-block-heading\">Que tipo de op\u00e7\u00f5es de tratores temos na Tractors Mo\u00e7ambique?<\/h2>\n\n\n\n<p>Tractores Mo\u00e7ambique possui uma enorme gama de tractores.&nbsp;Temos tratores como tratores Massey Ferguson para venda.&nbsp;Outras op\u00e7\u00f5es que possu\u00edmos incluem tratores New Holland para venda.&nbsp;Ambos s\u00e3o refer\u00eancia pr\u00f3pria no mercado de tratores.&nbsp;Tamb\u00e9m temos em stock os populares tractores Massive em Mo\u00e7ambique.<\/p>\n\n\n\n<p>Os revendedores de tratores podem adquirir&nbsp;conosco&nbsp;<strong><a href=\"https:\/\/www.tractors.co.mz\/pt\/product-category\/tratores\/\" target=\"_blank\" rel=\"noopener\" title=\"\">tratores Massey Ferguson novos em Mo\u00e7ambique<\/a><\/strong>, da empresa Massey Ferguson.&nbsp;O or\u00e7amento tamb\u00e9m pode ser um problema para algumas pessoas, pois muitas delas n\u00e3o possuem muitas terras agr\u00edcolas.&nbsp;Tamb\u00e9m temos esse problema em nossa considera\u00e7\u00e3o.&nbsp;Por isso oferecemos tratores de todos os tamanhos.<\/p>\n\n\n\n<p><\/p>\n\n\n<ul class=\"wp-block-latest-posts__list is-grid columns-2 wp-block-latest-posts\"><li><div class=\"wp-block-latest-posts__featured-image\"><a href=\"https:\/\/www.tractors.co.mz\/pt\/tractores-massey-ferguson-a-solucao-sustentavel-para-a-industria-agricola-de-mocambique\/\" aria-label=\"Tractores Massey Ferguson \u2013 A Solu\u00e7\u00e3o Sustent\u00e1vel para a Ind\u00fastria Agr\u00edcola de Mo\u00e7ambique\"><img loading=\"lazy\" decoding=\"async\" width=\"680\" height=\"213\" src=\"https:\/\/www.tractors.co.mz\/pt\/wp-content\/uploads\/2023\/11\/Massey-Ferguson-Tractors-The-Sustainable-Solution-for-Mozambiques-Agriculture-Industry-1024x320.webp\" class=\"attachment-large size-large wp-post-image\" alt=\"Tractores Massey Ferguson - A Solu\u00e7\u00e3o Sustent\u00e1vel para a Ind\u00fastria Agr\u00edcola de Mo\u00e7ambique\" style=\"\" srcset=\"https:\/\/www.tractors.co.mz\/pt\/wp-content\/uploads\/2023\/11\/Massey-Ferguson-Tractors-The-Sustainable-Solution-for-Mozambiques-Agriculture-Industry-1024x320.webp 1024w, https:\/\/www.tractors.co.mz\/pt\/wp-content\/uploads\/2023\/11\/Massey-Ferguson-Tractors-The-Sustainable-Solution-for-Mozambiques-Agriculture-Industry-300x94.webp 300w, https:\/\/www.tractors.co.mz\/pt\/wp-content\/uploads\/2023\/11\/Massey-Ferguson-Tractors-The-Sustainable-Solution-for-Mozambiques-Agriculture-Industry-768x240.webp 768w, https:\/\/www.tractors.co.mz\/pt\/wp-content\/uploads\/2023\/11\/Massey-Ferguson-Tractors-The-Sustainable-Solution-for-Mozambiques-Agriculture-Industry-1536x480.webp 1536w, https:\/\/www.tractors.co.mz\/pt\/wp-content\/uploads\/2023\/11\/Massey-Ferguson-Tractors-The-Sustainable-Solution-for-Mozambiques-Agriculture-Industry-600x188.webp 600w, https:\/\/www.tractors.co.mz\/pt\/wp-content\/uploads\/2023\/11\/Massey-Ferguson-Tractors-The-Sustainable-Solution-for-Mozambiques-Agriculture-Industry.webp 1600w\" sizes=\"auto, (max-width: 680px) 100vw, 680px\" \/><\/a><\/div><a class=\"wp-block-latest-posts__post-title\" href=\"https:\/\/www.tractors.co.mz\/pt\/tractores-massey-ferguson-a-solucao-sustentavel-para-a-industria-agricola-de-mocambique\/\">Tractores Massey Ferguson \u2013 A Solu\u00e7\u00e3o Sustent\u00e1vel para a Ind\u00fastria Agr\u00edcola de Mo\u00e7ambique<\/a><div class=\"wp-block-latest-posts__post-excerpt\">\u00c0 medida que o mundo continua a enfrentar os desafios causados \u200b\u200bpelas altera\u00e7\u00f5es clim\u00e1ticas, a necessidade de pr\u00e1ticas agr\u00edcolas sustent\u00e1veis \u200b\u200bnunca foi t\u00e3o grande.&nbsp;Em Mo\u00e7ambique,\u2026 <a class=\"wp-block-latest-posts__read-more\" href=\"https:\/\/www.tractors.co.mz\/pt\/tractores-massey-ferguson-a-solucao-sustentavel-para-a-industria-agricola-de-mocambique\/\" rel=\"noopener noreferrer\">Read more<span class=\"screen-reader-text\">: Tractores Massey Ferguson \u2013 A Solu\u00e7\u00e3o Sustent\u00e1vel para a Ind\u00fastria Agr\u00edcola de Mo\u00e7ambique<\/span><\/a><\/div><\/li>\n<li><div class=\"wp-block-latest-posts__featured-image\"><a href=\"https:\/\/www.tractors.co.mz\/pt\/medidas-de-seguranca-que-todo-proprietario-de-trator-massey-ferguson-em-mocambique-deve-conhecer\/\" aria-label=\"Medidas de seguran\u00e7a que todo propriet\u00e1rio de trator Massey Ferguson em Mo\u00e7ambique deve conhecer\"><img loading=\"lazy\" decoding=\"async\" width=\"680\" height=\"213\" src=\"https:\/\/www.tractors.co.mz\/pt\/wp-content\/uploads\/2023\/11\/Safety-Measures-Every-Massey-Ferguson-Tractor-Owner-in-Mozambique-Should-Know-1024x320.webp\" class=\"attachment-large size-large wp-post-image\" alt=\"Medidas de seguran\u00e7a que todo propriet\u00e1rio de trator Massey Ferguson em Mo\u00e7ambique deve conhecer\" style=\"\" srcset=\"https:\/\/www.tractors.co.mz\/pt\/wp-content\/uploads\/2023\/11\/Safety-Measures-Every-Massey-Ferguson-Tractor-Owner-in-Mozambique-Should-Know-1024x320.webp 1024w, https:\/\/www.tractors.co.mz\/pt\/wp-content\/uploads\/2023\/11\/Safety-Measures-Every-Massey-Ferguson-Tractor-Owner-in-Mozambique-Should-Know-300x94.webp 300w, https:\/\/www.tractors.co.mz\/pt\/wp-content\/uploads\/2023\/11\/Safety-Measures-Every-Massey-Ferguson-Tractor-Owner-in-Mozambique-Should-Know-768x240.webp 768w, https:\/\/www.tractors.co.mz\/pt\/wp-content\/uploads\/2023\/11\/Safety-Measures-Every-Massey-Ferguson-Tractor-Owner-in-Mozambique-Should-Know-1536x480.webp 1536w, https:\/\/www.tractors.co.mz\/pt\/wp-content\/uploads\/2023\/11\/Safety-Measures-Every-Massey-Ferguson-Tractor-Owner-in-Mozambique-Should-Know-600x188.webp 600w, https:\/\/www.tractors.co.mz\/pt\/wp-content\/uploads\/2023\/11\/Safety-Measures-Every-Massey-Ferguson-Tractor-Owner-in-Mozambique-Should-Know.webp 1600w\" sizes=\"auto, (max-width: 680px) 100vw, 680px\" \/><\/a><\/div><a class=\"wp-block-latest-posts__post-title\" href=\"https:\/\/www.tractors.co.mz\/pt\/medidas-de-seguranca-que-todo-proprietario-de-trator-massey-ferguson-em-mocambique-deve-conhecer\/\">Medidas de seguran\u00e7a que todo propriet\u00e1rio de trator Massey Ferguson em Mo\u00e7ambique deve conhecer<\/a><div class=\"wp-block-latest-posts__post-excerpt\">Mo\u00e7ambique \u00e9 um grande produtor agr\u00edcola na regi\u00e3o da \u00c1frica do Sul e os tractores desempenham um grande papel na sua ind\u00fastria agr\u00edcola.&nbsp;Os tractores Massey\u2026 <a class=\"wp-block-latest-posts__read-more\" href=\"https:\/\/www.tractors.co.mz\/pt\/medidas-de-seguranca-que-todo-proprietario-de-trator-massey-ferguson-em-mocambique-deve-conhecer\/\" rel=\"noopener noreferrer\">Read more<span class=\"screen-reader-text\">: Medidas de seguran\u00e7a que todo propriet\u00e1rio de trator Massey Ferguson em Mo\u00e7ambique deve conhecer<\/span><\/a><\/div><\/li>\n<li><div class=\"wp-block-latest-posts__featured-image\"><a href=\"https:\/\/www.tractors.co.mz\/pt\/porque-e-que-a-massey-ferguson-e-a-marca-de-tractores-preferida-em-mocambique\/\" aria-label=\"Porque \u00e9 que a Massey Ferguson \u00e9 a Marca de Tractores Preferida em Mo\u00e7ambique\"><img loading=\"lazy\" decoding=\"async\" width=\"680\" height=\"213\" src=\"https:\/\/www.tractors.co.mz\/pt\/wp-content\/uploads\/2023\/11\/Why-Massey-Ferguson-is-the-Preferred-Tractor-Brand-in-Mozambique-1024x320.webp\" class=\"attachment-large size-large wp-post-image\" alt=\"Porque \u00e9 que a Massey Ferguson \u00e9 a Marca de Tractores Preferida em Mo\u00e7ambique\" style=\"\" srcset=\"https:\/\/www.tractors.co.mz\/pt\/wp-content\/uploads\/2023\/11\/Why-Massey-Ferguson-is-the-Preferred-Tractor-Brand-in-Mozambique-1024x320.webp 1024w, https:\/\/www.tractors.co.mz\/pt\/wp-content\/uploads\/2023\/11\/Why-Massey-Ferguson-is-the-Preferred-Tractor-Brand-in-Mozambique-300x94.webp 300w, https:\/\/www.tractors.co.mz\/pt\/wp-content\/uploads\/2023\/11\/Why-Massey-Ferguson-is-the-Preferred-Tractor-Brand-in-Mozambique-768x240.webp 768w, https:\/\/www.tractors.co.mz\/pt\/wp-content\/uploads\/2023\/11\/Why-Massey-Ferguson-is-the-Preferred-Tractor-Brand-in-Mozambique-1536x480.webp 1536w, https:\/\/www.tractors.co.mz\/pt\/wp-content\/uploads\/2023\/11\/Why-Massey-Ferguson-is-the-Preferred-Tractor-Brand-in-Mozambique-600x188.webp 600w, https:\/\/www.tractors.co.mz\/pt\/wp-content\/uploads\/2023\/11\/Why-Massey-Ferguson-is-the-Preferred-Tractor-Brand-in-Mozambique.webp 1600w\" sizes=\"auto, (max-width: 680px) 100vw, 680px\" \/><\/a><\/div><a class=\"wp-block-latest-posts__post-title\" href=\"https:\/\/www.tractors.co.mz\/pt\/porque-e-que-a-massey-ferguson-e-a-marca-de-tractores-preferida-em-mocambique\/\">Porque \u00e9 que a Massey Ferguson \u00e9 a Marca de Tractores Preferida em Mo\u00e7ambique<\/a><div class=\"wp-block-latest-posts__post-excerpt\">A agricultura \u00e9 a espinha dorsal da economia de Mo\u00e7ambique e \u00e9 dif\u00edcil imaginar esta ind\u00fastria sem tratores.&nbsp;\u00c9 fato que um trator pode ajudar os\u2026 <a class=\"wp-block-latest-posts__read-more\" href=\"https:\/\/www.tractors.co.mz\/pt\/porque-e-que-a-massey-ferguson-e-a-marca-de-tractores-preferida-em-mocambique\/\" rel=\"noopener noreferrer\">Read more<span class=\"screen-reader-text\">: Porque \u00e9 que a Massey Ferguson \u00e9 a Marca de Tractores Preferida em Mo\u00e7ambique<\/span><\/a><\/div><\/li>\n<li><div class=\"wp-block-latest-posts__featured-image\"><a href=\"https:\/\/www.tractors.co.mz\/pt\/como-os-tractores-massey-ferguson-podem-promover-a-igualdade-de-genero-na-agricultura-em-mocambique\/\" aria-label=\"Como os Tractores Massey Ferguson Podem Promover a Igualdade de G\u00e9nero na Agricultura em Mo\u00e7ambique\"><img loading=\"lazy\" decoding=\"async\" width=\"680\" height=\"213\" src=\"https:\/\/www.tractors.co.mz\/pt\/wp-content\/uploads\/2023\/09\/How-Massey-Ferguson-Tractors-Can-Promote-Gender-Equality-in-Agriculture-in-Mozambique-1024x320.webp\" class=\"attachment-large size-large wp-post-image\" alt=\"Como os Tractores Massey Ferguson Podem Promover a Igualdade de G\u00e9nero na Agricultura em Mo\u00e7ambique\" style=\"\" srcset=\"https:\/\/www.tractors.co.mz\/pt\/wp-content\/uploads\/2023\/09\/How-Massey-Ferguson-Tractors-Can-Promote-Gender-Equality-in-Agriculture-in-Mozambique-1024x320.webp 1024w, https:\/\/www.tractors.co.mz\/pt\/wp-content\/uploads\/2023\/09\/How-Massey-Ferguson-Tractors-Can-Promote-Gender-Equality-in-Agriculture-in-Mozambique-300x94.webp 300w, https:\/\/www.tractors.co.mz\/pt\/wp-content\/uploads\/2023\/09\/How-Massey-Ferguson-Tractors-Can-Promote-Gender-Equality-in-Agriculture-in-Mozambique-768x240.webp 768w, https:\/\/www.tractors.co.mz\/pt\/wp-content\/uploads\/2023\/09\/How-Massey-Ferguson-Tractors-Can-Promote-Gender-Equality-in-Agriculture-in-Mozambique-1536x480.webp 1536w, https:\/\/www.tractors.co.mz\/pt\/wp-content\/uploads\/2023\/09\/How-Massey-Ferguson-Tractors-Can-Promote-Gender-Equality-in-Agriculture-in-Mozambique-600x188.webp 600w, https:\/\/www.tractors.co.mz\/pt\/wp-content\/uploads\/2023\/09\/How-Massey-Ferguson-Tractors-Can-Promote-Gender-Equality-in-Agriculture-in-Mozambique.webp 1600w\" sizes=\"auto, (max-width: 680px) 100vw, 680px\" \/><\/a><\/div><a class=\"wp-block-latest-posts__post-title\" href=\"https:\/\/www.tractors.co.mz\/pt\/como-os-tractores-massey-ferguson-podem-promover-a-igualdade-de-genero-na-agricultura-em-mocambique\/\">Como os Tractores Massey Ferguson Podem Promover a Igualdade de G\u00e9nero na Agricultura em Mo\u00e7ambique<\/a><div class=\"wp-block-latest-posts__post-excerpt\">A agricultura desempenha um papel crucial na economia de Mo\u00e7ambique, com mais de quatro em cada cinco pessoas no pa\u00eds a trabalhar no sector.\u00a0No entanto,\u2026 <a class=\"wp-block-latest-posts__read-more\" href=\"https:\/\/www.tractors.co.mz\/pt\/como-os-tractores-massey-ferguson-podem-promover-a-igualdade-de-genero-na-agricultura-em-mocambique\/\" rel=\"noopener noreferrer\">Read more<span class=\"screen-reader-text\">: Como os Tractores Massey Ferguson Podem Promover a Igualdade de G\u00e9nero na Agricultura em Mo\u00e7ambique<\/span><\/a><\/div><\/li>\n<\/ul>","protected":false},"excerpt":{"rendered":"<p>Tratores Massey Ferguson Tratores Massive Tratores New Holland Ceifeiras-debulhadoras Tratores Recondicionados Tratores Usados Implementos agr\u00edcolas Revendedores em Mo\u00e7ambique A agricultura \u00e9 um mercado importante no mundo e Mo\u00e7ambique tamb\u00e9m tem um enorme mercado agr\u00edcola.&nbsp;A agricultura modernizada requer tecnologia e equipamentos modernos.&nbsp;A tecnologia e outros equipamentos modernos n\u00e3o apenas reduzem os custos de m\u00e3o de obra, [&hellip;]<\/p>\n","protected":false},"author":1,"featured_media":0,"parent":0,"menu_order":0,"comment_status":"closed","ping_status":"closed","template":"","meta":{"footnotes":""},"class_list":["post-2","page","type-page","status-publish","hentry"],"aioseo_notices":[],"_links":{"self":[{"href":"https:\/\/www.tractors.co.mz\/pt\/wp-json\/wp\/v2\/pages\/2","targetHints":{"allow":["GET"]}}],"collection":[{"href":"https:\/\/www.tractors.co.mz\/pt\/wp-json\/wp\/v2\/pages"}],"about":[{"href":"https:\/\/www.tractors.co.mz\/pt\/wp-json\/wp\/v2\/types\/page"}],"author":[{"embeddable":true,"href":"https:\/\/www.tractors.co.mz\/pt\/wp-json\/wp\/v2\/users\/1"}],"replies":[{"embeddable":true,"href":"https:\/\/www.tractors.co.mz\/pt\/wp-json\/wp\/v2\/comments?post=2"}],"version-history":[{"count":43,"href":"https:\/\/www.tractors.co.mz\/pt\/wp-json\/wp\/v2\/pages\/2\/revisions"}],"predecessor-version":[{"id":2419,"href":"https:\/\/www.tractors.co.mz\/pt\/wp-json\/wp\/v2\/pages\/2\/revisions\/2419"}],"wp:attachment":[{"href":"https:\/\/www.tractors.co.mz\/pt\/wp-json\/wp\/v2\/media?parent=2"}],"curies":[{"name":"wp","href":"https:\/\/api.w.org\/{rel}","templated":true}]}}